{"id":43,"date":"2013-07-26T22:57:55","date_gmt":"2013-07-26T22:57:55","guid":{"rendered":"http:\/\/themes.kadencethemes.com\/virtue-premium-3\/?page_id=43"},"modified":"2026-01-10T20:51:29","modified_gmt":"2026-01-10T20:51:29","slug":"portfolio","status":"publish","type":"page","link":"https:\/\/tartutrennid.ee\/et\/portfolio\/","title":{"rendered":"\u041d\u0430\u0448\u0430 \u0436\u0438\u0437\u043d\u044c"},"content":{"rendered":"<div id=\"pl-gb43-69e065f505fd3\"  class=\"panel-layout\" ><div id=\"pg-gb43-69e065f505fd3-0\"  class=\"panel-grid panel-no-style\" ><div id=\"pgc-gb43-69e065f505fd3-0-0\"  class=\"panel-grid-cell\" ><div id=\"panel-gb43-69e065f505fd3-0-0-0\" class=\"so-panel widget widget_sow-editor panel-first-child panel-last-child\" data-index=\"0\" ><div\n\t\t\t\n\t\t\tclass=\"so-widget-sow-editor so-widget-sow-editor-base\"\n\t\t\t\n\t\t>\n<div class=\"siteorigin-widget-tinymce textwidget\">\n\t<h6><span style=\"color: #ff0000;\">2026<\/span><\/h6>\n<h6>15.02.2026 <span style=\"color: #ff0000;\">RALLIKUULEKUS V\u00d5ISTLUS<\/span> V-KUUSTE<\/h6>\n<h6><span style=\"color: #ff0000;\">2025<\/span><\/h6>\n<h6><a href=\"https:\/\/www.sportkoer.com\/prox\/trialcalendar\/2025\/\">14.12.2025 RALLIKUULEKUS EKSAM V-KUUSTE<\/a><\/h6>\n<h6><a href=\"https:\/\/www.sportkoer.com\/prox\/trialcalendar\/2025\/\">14.09.2025 <span style=\"color: #ff0000;\">RALLIKUULEKUS V\u00d5ISTLUS<\/span> TARTU<\/a><\/h6>\n<h6><a href=\"https:\/\/www.sportkoer.com\/prox\/trialcalendar\/2025\/\">13.07.2025 RALLIKUULEKUS EKSAM TARTU<\/a><\/h6>\n<h6><a href=\"https:\/\/www.sportkoer.com\/prox\/trialcalendar\/2025\/\">19.06.2025 <span style=\"color: #ff0000;\">RALLIKUULEKUS V\u00d5ISTLUS<\/span> TARTU<\/a><\/h6>\n<h6><a href=\"https:\/\/www.sportkoer.com\/prox\/trialcalendar\/2025\/\">11.05.2025 RALLIKUULEKUS EKSAM TARTU<\/a><\/h6>\n<h6><a href=\"https:\/\/tartutrennid.ee\/et\/%d0%ba%d1%83%d1%80%d1%81%d1%8b-%d0%b7%d0%b0%d0%b2%d0%be%d0%b4%d1%87%d0%b8%d0%ba%d0%be%d0%b2-kasvataja-algkoolitus-vene-keeles\/\" target=\"_blank\" rel=\"noopener\">01.03 KASVATAJA ALGKOOLITUS<\/a><\/h6>\n<h6>09.02.2025 RALLIKUULEKUS EKSAM VASTSE-KUUSTE<\/h6>\n<h6><span style=\"color: #ff0000;\">2024<\/span><\/h6>\n<h6>14.09.2024 RALLIKUULEKUS EKSAM TARTU<\/h6>\n<h6>09.06.2024 <a href=\"https:\/\/www.sportkoer.com\/prox\/trialcalendar\/2024\/RK\/\">RALLIKUULEKUS EKSAM TARTU<\/a><\/h6>\n<h6>18.05.2024 <a href=\"https:\/\/www.sportkoer.com\/prox\/trialcalendar\/2024\/RK\/\">RALLIKUULEKUS V\u00d5ISTLUS TARTU<\/a><\/h6>\n<h6>23.03.2024 <a href=\"https:\/\/www.sportkoer.com\/prox\/trialcalendar\/2024\/RK\/\">RALLIKUULEKUS V\u00d5ISTLUS TARTU<\/a><\/h6>\n<h6>04.02.2024 <a href=\"https:\/\/www.sportkoer.com\/prox\/trialcalendar\/2024\/RK\/\">RALLIKUULEKUS EKSAM TARTU<\/a><\/h6>\n<h6><span style=\"color: #ff0000;\">2023<\/span><\/h6>\n<h6>17.12.2023 <a href=\"https:\/\/www.sportkoer.com\/prox\/trialcalendar\/2023\/RK\/\">RALLIKUULEKUSE J\u00d5ULU V\u00d5ISTLUS TARTUS<\/a><\/h6>\n<h6>05.11.2023 <a href=\"https:\/\/www.sportkoer.com\/prox\/trialcalendar\/2023\/RK\/\">RALLIKUULEKUSE EKSAM TARTUS<\/a><\/h6>\n<h6>19.08.2023\u00a0<a class=\"x1i10hfl xjbqb8w x6umtig x1b1mbwd xaqea5y xav7gou x9f619 x1ypdohk xt0psk2 xe8uvvx xdj266r x11i5rnm xat24cr x1mh8g0r xexx8yu x4uap5 x18d9i69 xkhd6sd x16tdsg8 x1hl2dhg xggy1nq x1a2a7pz x1heor9g xt0b8zv x1xlr1w8\" tabindex=\"0\" role=\"link\" href=\"https:\/\/www.facebook.com\/events\/842635070796065\/?acontext=%7B%22event_action_history%22%3A[%7B%22surface%22%3A%22group%22%7D]%7D\" aria-label=\"RALLIKUULEKUSE V\u00d5ISTLUSTRENN TARTUS\"><span class=\"\">RALLIKUULEKUSE V\u00d5ISTLUSTRENN TARTUS<\/span><\/a><\/h6>\n<h6><a href=\"https:\/\/tartutrennid.ee\/et\/rahvuslik-maastikujooksuvoistlus-ja-vaaraokoerte-etna-cirnecoda-ja-basenjide-cup-2023-06-08-23\/\">06.08.2023 RAHVUSLIK MAASTIKUJOOKSUV\u00d5ISTLUS JA VEB CUP 23 (Vaaraokoerte, Etna Cirnecoda ja basenjide CUP 23)<\/a><\/h6>\n<h6>10.06.2023\u00a0<a class=\"x1i10hfl xjbqb8w x6umtig x1b1mbwd xaqea5y xav7gou x9f619 x1ypdohk xt0psk2 xe8uvvx xdj266r x11i5rnm xat24cr x1mh8g0r xexx8yu x4uap5 x18d9i69 xkhd6sd x16tdsg8 x1hl2dhg xggy1nq x1a2a7pz x1heor9g xt0b8zv x1xlr1w8\" tabindex=\"0\" role=\"link\" href=\"https:\/\/www.facebook.com\/events\/797860921763078\/?acontext=%7B%22event_action_history%22%3A[%7B%22surface%22%3A%22group%22%7D]%7D\" aria-label=\"Rallikuulekuse eksam 10.06.2023\"><span class=\"\">RALLIKUULEKUS EKSAM\u00a0<\/span><\/a><\/h6>\n<h6><a href=\"https:\/\/www.facebook.com\/events\/908073220534705\/?acontext=%7B%22event_action_history%22%3A[%7B%22surface%22%3A%22group%22%7D]%7D\">25.03.2023 RALLIKUULEKUSE V\u00d5ISTLUSTRENN TARTUS <\/a><\/h6>\n<h6 class=\"entry-title\"><a href=\"https:\/\/www.facebook.com\/events\/873091770595890\/?acontext=%7B%22event_action_history%22%3A[%7B%22surface%22%3A%22group%22%7D]%7D\">05.02.2023 RALLIKUULEKUS EKSAM <\/a><\/h6>\n<h6><span style=\"color: #ff0000;\">2022<\/span><\/h6>\n<h6><a href=\"https:\/\/www.facebook.com\/events\/1554572788324188\/?acontext=%7B%22event_action_history%22%3A[%7B%22surface%22%3A%22group%22%7D]%7D\">RALLIKUULEKUSE PRAKTILINE SEMINAR 28.12.2022<\/a><\/h6>\n<h6 class=\"entry-title\"><a href=\"https:\/\/www.facebook.com\/events\/430070429216399\/?acontext=%7B%22event_action_history%22%3A[%7B%22surface%22%3A%22group%22%7D]%7D\">RALLIKUULEKUS EKSAM 05.11.2022<\/a><\/h6>\n<h6><a href=\"https:\/\/www.facebook.com\/events\/601710638071715\/?acontext=%7B%22event_action_history%22%3A[%7B%22surface%22%3A%22group%22%7D]%7D\">HEATEGEVUSLIK KOERTE JOOKSUV\u00d5ISTLUS &#187; VEB BIATLON 2022&#8243; 03.09.2022<\/a><\/h6>\n<h6 class=\"entry-title\"><a href=\"https:\/\/tartutrennid.ee\/10-09-2022-lobusad-stardid\/\">L\u00d5BUSAD STARDID 10.09.2022<\/a><\/h6>\n<h6 class=\"entry-title\"><a href=\"https:\/\/tartutrennid.ee\/09-07-2022-fast-cat\/\">FAST CAT 09.07.2022<\/a><\/h6>\n<h6 class=\"entry-title\"><a href=\"https:\/\/tartutrennid.ee\/12-06-2022-rallikuulekus-eksam-korraldaja-tartu-trennid\/\">RALLIKUULEKUS EKSAM 12.06.2022<\/a><\/h6>\n<h6 class=\"entry-title\"><a href=\"https:\/\/tartutrennid.ee\/26-05-2022-spordikoer-seminar\/\">SPORDIKOER. SEMINAR. 26.05.2022<\/a><\/h6>\n<h6 class=\"entry-title\"><a href=\"https:\/\/tartutrennid.ee\/05-03-2022-rallikuulekuse-rally-obedience-praktiline-seminar\/\">RALLIKUULEKUSE ( RALLY OBEDIENCE) PRAKTILINE SEMINAR 05.03.2022<\/a><\/h6>\n<h6><span style=\"color: #ff0000;\">2021<\/span><\/h6>\n<h6 class=\"entry-title\"><a href=\"https:\/\/tartutrennid.ee\/et\/18-09-2021-maastikujooks-matsh-show-lustlik-janes\/\">Maastikujooks Matsh Show \u201c Lustlik J\u00e4nes\u201d 18.09.2021<\/a><\/h6>\n<h6><a href=\"https:\/\/tartutrennid.ee\/05-06-2021-ilmatsalu-match-show-%d0%b8-%d0%bd%d0%b5%d0%be%d1%84%d0%b8%d1%86%d0%b8%d0%b0%d0%bb%d1%8c%d0%bd%d1%8b%d0%b5-%d1%81%d0%be%d1%80%d0%b5%d0%b2%d0%bd%d0%be%d0%b2%d0%b0%d0%bd%d0%b8%d1%8f-%d0%bf\/\"><strong>ILMATSALU MATCH SHOW ja MITTEAMETLIK V\u00d5ISTLUS KUULEKUSES 05.06.2021<\/strong><\/a><\/h6>\n<h6><span style=\"color: #ff0000;\">2020<\/span><\/h6>\n<h6><a href=\"https:\/\/tartutrennid.ee\/virtual-match-dog-show-2\/\">Virtual Match Dog Show<\/a><\/h6>\n<h6><a href=\"https:\/\/tartutrennid.ee\/kevadine-janes-matchs-voidujooks\/\">Kevadine J\u00e4nes match v\u00f5idujooks<\/a><\/h6>\n<h6><span style=\"color: #ff0000;\">2019<\/span><\/h6>\n<h6 class=\"entry-title\"><a href=\"https:\/\/tartutrennid.ee\/et\/pakapiku-match-show\/\">P\u00e4kapiku MATCH SHOW<\/a><\/h6>\n<h6 class=\"entry-title\"><a href=\"https:\/\/tartutrennid.ee\/et\/kluubi-uritused\/\">Lustlik J\u00e4nes match v\u00f5idujooks<\/a><\/h6>\n<\/div>\n<\/div><\/div><\/div><\/div><\/div>","protected":false},"excerpt":{"rendered":"<p>2026 15.02.2026 RALLIKUULEKUS V\u00d5ISTLUS V-KUUSTE 2025 14.12.2025 RALLIKUULEKUS EKSAM V-KUUSTE 14.09.2025 RALLIKUULEKUS V\u00d5ISTLUS TARTU 13.07.2025 RALLIKUULEKUS EKSAM TARTU 19.06.2025 RALLIKUULEKUS V\u00d5ISTLUS TARTU 11.05.2025 RALLIKUULEKUS EKSAM TARTU 01.03 KASVATAJA ALGKOOLITUS 09.02.2025 RALLIKUULEKUS EKSAM VASTSE-KUUSTE 2024 14.09.2024 RALLIKUULEKUS EKSAM TARTU 09.06.2024 RALLIKUULEKUS &hellip; <a class=\"kt-excerpt-readmore\" href=\"https:\/\/tartutrennid.ee\/et\/portfolio\/\" aria-label=\"\u041d\u0430\u0448\u0430 \u0436\u0438\u0437\u043d\u044c\">\u0427\u0438\u0442\u0430\u0442\u044c \u0434\u0430\u043b\u0435\u0435<\/a><\/p>\n","protected":false},"author":1,"featured_media":0,"parent":0,"menu_order":0,"comment_status":"open","ping_status":"open","template":"page-portfolio.php","meta":{"kt_blocks_editor_width":"","footnotes":""},"_links":{"self":[{"href":"https:\/\/tartutrennid.ee\/et\/wp-json\/wp\/v2\/pages\/43"}],"collection":[{"href":"https:\/\/tartutrennid.ee\/et\/wp-json\/wp\/v2\/pages"}],"about":[{"href":"https:\/\/tartutrennid.ee\/et\/wp-json\/wp\/v2\/types\/page"}],"author":[{"embeddable":true,"href":"https:\/\/tartutrennid.ee\/et\/wp-json\/wp\/v2\/users\/1"}],"replies":[{"embeddable":true,"href":"https:\/\/tartutrennid.ee\/et\/wp-json\/wp\/v2\/comments?post=43"}],"version-history":[{"count":6,"href":"https:\/\/tartutrennid.ee\/et\/wp-json\/wp\/v2\/pages\/43\/revisions"}],"predecessor-version":[{"id":3520,"href":"https:\/\/tartutrennid.ee\/et\/wp-json\/wp\/v2\/pages\/43\/revisions\/3520"}],"wp:attachment":[{"href":"https:\/\/tartutrennid.ee\/et\/wp-json\/wp\/v2\/media?parent=43"}],"curies":[{"name":"wp","href":"https:\/\/api.w.org\/{rel}","templated":true}]}}