{"id":3156,"date":"2023-07-06T08:32:25","date_gmt":"2023-07-06T08:32:25","guid":{"rendered":"https:\/\/tartutrennid.ee\/?page_id=3156"},"modified":"2023-07-06T08:33:22","modified_gmt":"2023-07-06T08:33:22","slug":"sponsorid-06-08-23","status":"publish","type":"page","link":"https:\/\/tartutrennid.ee\/et\/et\/sponsorid-06-08-23\/","title":{"rendered":"Sponsorid 06.08.23"},"content":{"rendered":"<div id=\"pl-3156\"  class=\"panel-layout\" ><div id=\"pg-3156-0\"  class=\"panel-grid panel-no-style\" ><div id=\"pgc-3156-0-0\"  class=\"panel-grid-cell\" ><div id=\"panel-3156-0-0-0\" class=\"so-panel widget widget_sow-editor panel-first-child panel-last-child\" data-index=\"0\" ><div\n\t\t\t\n\t\t\tclass=\"so-widget-sow-editor so-widget-sow-editor-base\"\n\t\t\t\n\t\t>\n<div class=\"siteorigin-widget-tinymce textwidget\">\n\t<div class=\"xdj266r x11i5rnm xat24cr x1mh8g0r x1vvkbs x126k92a\">\n<div dir=\"auto\">Meil on hea meel tutvustada meie sponsorit:<\/div>\n<\/div>\n<div class=\"x11i5rnm xat24cr x1mh8g0r x1vvkbs xtlvy1s x126k92a\">\n<div dir=\"auto\"><a class=\"x1i10hfl xjbqb8w x6umtig x1b1mbwd xaqea5y xav7gou x9f619 x1ypdohk xt0psk2 xe8uvvx xdj266r x11i5rnm xat24cr x1mh8g0r xexx8yu x4uap5 x18d9i69 xkhd6sd x16tdsg8 x1hl2dhg xggy1nq x1a2a7pz xt0b8zv x1qq9wsj xo1l8bm\" tabindex=\"0\" role=\"link\" href=\"https:\/\/www.facebook.com\/platinum.eesti?__cft__[0]=AZVUF-6t8fkTVi-caQPa1FsoQdl-J7PttOEmafwZoXXsjninAhAPHSmtzy46Xs1xYwow4F1J3vbIJJTFFQcPpFCwu606uoN9EALflapWETnNBZlvQEqW9AxdIhu8IjwfogfZD3OJNjEUlnL2W2wV0gZF&amp;__tn__=-]K-R\"><span class=\"xt0psk2\">Platinum.ee<\/span><\/a><\/div>\n<\/div>\n<div class=\"x11i5rnm xat24cr x1mh8g0r x1vvkbs xtlvy1s x126k92a\">\n<div dir=\"auto\">Koera tervis saab alguse toitaineterikkast ja kvaliteetsest s\u00f6\u00f6gist. Platinum hoolitseb selle eest, et koeratoidu valmistamise viis oleks inimtoiduga samal tasemel.<\/div>\n<\/div>\n<div class=\"x11i5rnm xat24cr x1mh8g0r x1vvkbs xtlvy1s x126k92a\">\n<div dir=\"auto\">Miks eelistada PLATINUMi?<\/div>\n<\/div>\n<div class=\"x11i5rnm xat24cr x1mh8g0r x1vvkbs xtlvy1s x126k92a\">\n<div dir=\"auto\"><span class=\"x3nfvp2 x1j61x8r x1fcty0u xdj266r xhhsvwb xat24cr xgzva0m xxymvpz xlup9mm x1kky2od\"><img loading=\"lazy\" decoding=\"async\" src=\"https:\/\/static.xx.fbcdn.net\/images\/emoji.php\/v9\/taa\/1.5\/16\/1f449.png\" alt=\"\ud83d\udc49\" width=\"16\" height=\"16\" \/><\/span> 1 kg PLATINUM kuivtoidu valmistamiseks kasutatakse 1,27 kg V\u00c4RSKET liha. PLATINUM sisaldab vaid parimaid tooraineid, mis on sobilikud ka inimtoiduks. Ainulaadne on ka toidu valmistamisviis \u2013 lihat\u00fckid koos k\u00f6\u00f6giviljadega k\u00fcpsevad omas lihamahlas ilma vett lisamata.<\/div>\n<div dir=\"auto\"><span class=\"x3nfvp2 x1j61x8r x1fcty0u xdj266r xhhsvwb xat24cr xgzva0m xxymvpz xlup9mm x1kky2od\"><img loading=\"lazy\" decoding=\"async\" src=\"https:\/\/static.xx.fbcdn.net\/images\/emoji.php\/v9\/taa\/1.5\/16\/1f449.png\" alt=\"\ud83d\udc49\" width=\"16\" height=\"16\" \/><\/span> PLATINUM kuivtoit ei paisu maos, toit l\u00e4bib seedekulgla kiiremini ning maokeeru tekkimise oht kahaneb oluliselt.<\/div>\n<div dir=\"auto\"><span class=\"x3nfvp2 x1j61x8r x1fcty0u xdj266r xhhsvwb xat24cr xgzva0m xxymvpz xlup9mm x1kky2od\"><img loading=\"lazy\" decoding=\"async\" src=\"https:\/\/static.xx.fbcdn.net\/images\/emoji.php\/v9\/taa\/1.5\/16\/1f449.png\" alt=\"\ud83d\udc49\" width=\"16\" height=\"16\" \/><\/span> Toidupalad on pehmed ja suure toitev\u00e4\u00e4rtusega, seega toidukogus on m\u00e4rgatavalt v\u00e4iksem v\u00f5rreldes tavalise koeratoiduga.<\/div>\n<div dir=\"auto\"><span class=\"x3nfvp2 x1j61x8r x1fcty0u xdj266r xhhsvwb xat24cr xgzva0m xxymvpz xlup9mm x1kky2od\"><img loading=\"lazy\" decoding=\"async\" src=\"https:\/\/static.xx.fbcdn.net\/images\/emoji.php\/v9\/taa\/1.5\/16\/1f449.png\" alt=\"\ud83d\udc49\" width=\"16\" height=\"16\" \/><\/span> Ei sisalda atraktante, maitseaineid, maitsetugevdajaid ega v\u00e4rv- ja l\u00f5hnaaineid.<\/div>\n<div dir=\"auto\"><span class=\"x3nfvp2 x1j61x8r x1fcty0u xdj266r xhhsvwb xat24cr xgzva0m xxymvpz xlup9mm x1kky2od\"><img loading=\"lazy\" decoding=\"async\" src=\"https:\/\/static.xx.fbcdn.net\/images\/emoji.php\/v9\/taa\/1.5\/16\/1f449.png\" alt=\"\ud83d\udc49\" width=\"16\" height=\"16\" \/><\/span> Sobib k\u00f5ikidele koertele, olenemata vanusest ja t\u00f5ust, sh ka allergilistele koertele.<\/div>\n<\/div>\n<div class=\"x11i5rnm xat24cr x1mh8g0r x1vvkbs xtlvy1s x126k92a\">\n<div dir=\"auto\" style=\"text-align: right;\">Telli tasuta proovipakk: <a class=\"x1i10hfl xjbqb8w x6umtig x1b1mbwd xaqea5y xav7gou x9f619 x1ypdohk xt0psk2 xe8uvvx xdj266r x11i5rnm xat24cr x1mh8g0r xexx8yu x4uap5 x18d9i69 xkhd6sd x16tdsg8 x1hl2dhg xggy1nq x1a2a7pz xt0b8zv x1fey0fg\" tabindex=\"0\" role=\"link\" href=\"https:\/\/l.facebook.com\/l.php?u=http%3A%2F%2Fwww.koeratoit.ee%2F%3Ffbclid%3DIwAR3Q2LpSRBtqhCGAWRS6_SoZR5blOUflaUuGx2bj8e9oEGNsNdVSHWE1bQg&amp;h=AT03uKfVfyLJ0APaTjXXuqE3DEqV4X1sCg0QkszAuplZ-DWyI7jd8L9ehKkWIKcj-Puok-OAmRSDIp2wdvdwhgwRjUohbvr2OXuVyI9Srfjp1LXPENPV2T1orJHAOwhGeuyE&amp;__tn__=-UK-R&amp;c[0]=AT1g7nE-zEVIaSaXH1hud1J1XmsjqPEKMKKe5WSa_zozmP8yfXXzJfzWYohUQkURCzYoRD8M0rryvPY6OXbEGgVjCATFccHWqLZjXpZS7TmEn1HHLGYDkkVshjKHQNSXydUnk2ZqmhOe9U2PDztbWWJHWUSgu9PK-v4qR18\" target=\"_blank\" rel=\"nofollow noopener noreferrer\">www.koeratoit.ee<\/a><\/div>\n<\/div>\n<\/div>\n<\/div><\/div><\/div><div id=\"pgc-3156-0-1\"  class=\"panel-grid-cell panel-grid-cell-empty\" ><\/div><div id=\"pgc-3156-0-2\"  class=\"panel-grid-cell\" ><div id=\"panel-3156-0-2-0\" class=\"so-panel widget widget_sow-image panel-first-child panel-last-child\" data-index=\"1\" ><div\n\t\t\t\n\t\t\tclass=\"so-widget-sow-image so-widget-sow-image-default-8b5b6f678277-3156\"\n\t\t\t\n\t\t>\n<div class=\"sow-image-container\">\n\t\t<img \n\tsrc=\"https:\/\/tartutrennid.ee\/wp-content\/uploads\/2023\/07\/Platinum_tee_6nnelikuks_EST.png\" width=\"1000\" height=\"1000\" srcset=\"https:\/\/tartutrennid.ee\/wp-content\/uploads\/2023\/07\/Platinum_tee_6nnelikuks_EST.png 1000w, https:\/\/tartutrennid.ee\/wp-content\/uploads\/2023\/07\/Platinum_tee_6nnelikuks_EST-300x300.png 300w, https:\/\/tartutrennid.ee\/wp-content\/uploads\/2023\/07\/Platinum_tee_6nnelikuks_EST-150x150.png 150w, https:\/\/tartutrennid.ee\/wp-content\/uploads\/2023\/07\/Platinum_tee_6nnelikuks_EST-768x768.png 768w\" sizes=\"(max-width: 1000px) 100vw, 1000px\" alt=\"\" \t\tclass=\"so-widget-image\"\/>\n\t<\/div>\n\n<\/div><\/div><\/div><\/div><div id=\"pg-3156-1\"  class=\"panel-grid panel-no-style\" ><div id=\"pgc-3156-1-0\"  class=\"panel-grid-cell panel-grid-cell-empty\" ><\/div><div id=\"pgc-3156-1-1\"  class=\"panel-grid-cell panel-grid-cell-empty panel-grid-cell-mobile-last\" ><\/div><div id=\"pgc-3156-1-2\"  class=\"panel-grid-cell panel-grid-cell-empty\" ><\/div><\/div><\/div>","protected":false},"excerpt":{"rendered":"<p>Meil on hea meel tutvustada meie sponsorit: Platinum.ee Koera tervis saab alguse toitaineterikkast ja kvaliteetsest s\u00f6\u00f6gist. Platinum hoolitseb selle eest, et koeratoidu valmistamise viis oleks inimtoiduga samal tasemel. Miks eelistada PLATINUMi? 1 kg PLATINUM kuivtoidu valmistamiseks kasutatakse 1,27 kg V\u00c4RSKET &hellip; <a class=\"kt-excerpt-readmore\" href=\"https:\/\/tartutrennid.ee\/et\/et\/sponsorid-06-08-23\/\" aria-label=\"Sponsorid 06.08.23\">\u0427\u0438\u0442\u0430\u0442\u044c \u0434\u0430\u043b\u0435\u0435<\/a><\/p>\n","protected":false},"author":1,"featured_media":0,"parent":0,"menu_order":0,"comment_status":"closed","ping_status":"closed","template":"page-fullwidth.php","meta":{"kt_blocks_editor_width":"","footnotes":""},"_links":{"self":[{"href":"https:\/\/tartutrennid.ee\/et\/wp-json\/wp\/v2\/pages\/3156"}],"collection":[{"href":"https:\/\/tartutrennid.ee\/et\/wp-json\/wp\/v2\/pages"}],"about":[{"href":"https:\/\/tartutrennid.ee\/et\/wp-json\/wp\/v2\/types\/page"}],"author":[{"embeddable":true,"href":"https:\/\/tartutrennid.ee\/et\/wp-json\/wp\/v2\/users\/1"}],"replies":[{"embeddable":true,"href":"https:\/\/tartutrennid.ee\/et\/wp-json\/wp\/v2\/comments?post=3156"}],"version-history":[{"count":4,"href":"https:\/\/tartutrennid.ee\/et\/wp-json\/wp\/v2\/pages\/3156\/revisions"}],"predecessor-version":[{"id":3161,"href":"https:\/\/tartutrennid.ee\/et\/wp-json\/wp\/v2\/pages\/3156\/revisions\/3161"}],"wp:attachment":[{"href":"https:\/\/tartutrennid.ee\/et\/wp-json\/wp\/v2\/media?parent=3156"}],"curies":[{"name":"wp","href":"https:\/\/api.w.org\/{rel}","templated":true}]}}