{"id":3088,"date":"2023-06-27T18:57:27","date_gmt":"2023-06-27T18:57:27","guid":{"rendered":"https:\/\/tartutrennid.ee\/?page_id=3088"},"modified":"2023-09-25T12:52:25","modified_gmt":"2023-09-25T12:52:25","slug":"rahvuslik-maastikujooksuvoistlus-ja-vaaraokoerte-etna-cirnecoda-ja-basenjide-cup-2023-06-08-23","status":"publish","type":"page","link":"https:\/\/tartutrennid.ee\/et\/et\/rahvuslik-maastikujooksuvoistlus-ja-vaaraokoerte-etna-cirnecoda-ja-basenjide-cup-2023-06-08-23\/","title":{"rendered":"Rahvuslik Maastikujooksuv\u00f5istlus ja VEB CUP -2023 , 06.08.23"},"content":{"rendered":"<div id=\"pl-3088\"  class=\"panel-layout\" ><div id=\"pg-3088-0\"  class=\"panel-grid panel-no-style\" ><div id=\"pgc-3088-0-0\"  class=\"panel-grid-cell\" ><div id=\"panel-3088-0-0-0\" class=\"so-panel widget widget_virtue_about_with_image virtue_about_with_image panel-first-child panel-last-child\" data-index=\"0\" ><div class=\"kad_img_upload_widget kt-shape-type-kt-image-shape-standard kt-image-align-center kt-image-widget-widget-0-0-0\"><a href=\"https:\/\/tartutrennid.ee\/wp-content\/uploads\/2023\/06\/googl-form-shapka.png\" rel=\"lightbox\"><div class=\"kt-image-contain kt-image-shadow-none kt-image-shape-standard\"><div class=\"kt-image-inner-contain\"><img loading=\"lazy\" decoding=\"async\" width=\"2203\" height=\"557\" src=\"https:\/\/tartutrennid.ee\/wp-content\/uploads\/2023\/06\/googl-form-shapka.png\" class=\"attachment-full size-full\" alt=\"\t\t\t\t\t\t\t\t \t\t\" srcset=\"https:\/\/tartutrennid.ee\/wp-content\/uploads\/2023\/06\/googl-form-shapka.png 2203w, https:\/\/tartutrennid.ee\/wp-content\/uploads\/2023\/06\/googl-form-shapka-300x76.png 300w, https:\/\/tartutrennid.ee\/wp-content\/uploads\/2023\/06\/googl-form-shapka-1024x259.png 1024w, https:\/\/tartutrennid.ee\/wp-content\/uploads\/2023\/06\/googl-form-shapka-768x194.png 768w, https:\/\/tartutrennid.ee\/wp-content\/uploads\/2023\/06\/googl-form-shapka-1536x388.png 1536w, https:\/\/tartutrennid.ee\/wp-content\/uploads\/2023\/06\/googl-form-shapka-2048x518.png 2048w\" sizes=\"(max-width: 2203px) 100vw, 2203px\" \/><\/div><\/div><\/a><div class=\"virtue_image_widget_caption kadence_image_widget_caption\">\t\t\t\t\t\t\t\t \t\t<\/div><\/div><\/div><\/div><\/div><div id=\"pg-3088-1\"  class=\"panel-grid panel-no-style\" ><div id=\"pgc-3088-1-0\"  class=\"panel-grid-cell\" ><div id=\"panel-3088-1-0-0\" class=\"so-panel widget widget_sow-editor panel-first-child panel-last-child\" data-index=\"1\" ><div\n\t\t\t\n\t\t\tclass=\"so-widget-sow-editor so-widget-sow-editor-base\"\n\t\t\t\n\t\t>\n<div class=\"siteorigin-widget-tinymce textwidget\">\n\t<div class=\"hr-fade \"><\/div>\n<\/div>\n<\/div><\/div><\/div><\/div><div id=\"pg-3088-2\"  class=\"panel-grid panel-no-style\" ><div id=\"pgc-3088-2-0\"  class=\"panel-grid-cell\" ><div id=\"panel-3088-2-0-0\" class=\"so-panel widget widget_sow-editor panel-first-child\" data-index=\"2\" ><div\n\t\t\t\n\t\t\tclass=\"so-widget-sow-editor so-widget-sow-editor-base\"\n\t\t\t\n\t\t>\n<div class=\"siteorigin-widget-tinymce textwidget\">\n\t<div><span style=\"color: #993366;\">Rahvuslik Maastikujooksuv\u00f5istlus ja Vaaraokoerte, Etna Cirnecoda ja basenjide CUP 23<\/span><\/div>\n<div><div class=\"hr-fade \"><\/div><\/div>\n<div>\n<div class=\"tds-message-box box-info \"><\/p>\n<div>Aeg: 06.08.2023<\/div>\n<div>Koht: N\u00e4suvere, 72232, J\u00e4rvamaa<\/div>\n<div><a href=\"https:\/\/www.google.com\/maps\/place\/58%C2%B048'42.6%22N+25%C2%B031'14.9%22E\/@58.811827,25.520805,17z\/data=!3m1!4b1!4m4!3m3!8m2!3d58.811827!4d25.520805?entry=ttu\">KAART<\/a><\/div>\n<div class=\"xdj266r x11i5rnm xat24cr x1mh8g0r x1vvkbs\">Korraldaja: Tartu Trennid ja Eesti Hurtade Liit<\/div>\n<div>\n<div class=\"x11i5rnm xat24cr x1mh8g0r x1vvkbs xtlvy1s\">Kontakt: vebcup@gmail.com<\/div>\n<div>FB: <a href=\"https:\/\/www.facebook.com\/events\/1639510319848479\/?acontext=%7B%22event_action_history%22%3A[%7B%22mechanism%22%3A%22surface%22%2C%22surface%22%3A%22groups_highlight_units%22%7D]%2C%22ref_notif_type%22%3Anull%7D\">siin<\/a><\/div>\n<\/div>\n<p><\/div>\n<\/div>\n<div><div class=\"hr-fade \"><\/div><\/div>\n<div><\/div>\n<div><\/div>\n<div><\/div>\n<div><\/div>\n<\/div>\n<\/div><\/div><div id=\"panel-3088-2-0-1\" class=\"so-panel widget widget_sow-editor\" data-index=\"3\" ><div\n\t\t\t\n\t\t\tclass=\"so-widget-sow-editor so-widget-sow-editor-base\"\n\t\t\t\n\t\t>\n<div class=\"siteorigin-widget-tinymce textwidget\">\n\t<div class=\"tds-message-box box-council \"><\/p>\n<div>MEESKOND:<\/div>\n<div class=\"x11i5rnm xat24cr x1mh8g0r x1vvkbs xtlvy1s\">V\u00f5istluste juhataja: Viktoria Kolotsei<\/div>\n<div class=\"x11i5rnm xat24cr x1mh8g0r x1vvkbs xtlvy1s\">Kohtunikud: Katrin Raie (EE, peakohtunik), Dzintra Staprena (LV), Miikka Tiihonen (FIN)<\/div>\n<div class=\"x11i5rnm xat24cr x1mh8g0r x1vvkbs xtlvy1s\">Sekret\u00e4rid: Jana Petrov (peasekret\u00e4r), Laura-Liisa Heinoja (sekret\u00e4r), Natalja Volkova (sekret\u00e4riaati abistaja)<\/div>\n<div class=\"x11i5rnm xat24cr x1mh8g0r x1vvkbs xtlvy1s\">Rajameistrid ja peibutise vedajad: Tanel Palmissaar, Markus M\u00e4ev\u00e4li<\/div>\n<div class=\"x11i5rnm xat24cr x1mh8g0r x1vvkbs xtlvy1s\">Saatjad: Meeli Eismann, Olga Shmukerova<\/div>\n<div class=\"x11i5rnm xat24cr x1mh8g0r x1vvkbs xtlvy1s\">Veterinaararst: Julia Jeremejeva<\/div>\n<div class=\"x11i5rnm xat24cr x1mh8g0r x1vvkbs xtlvy1s\">Statistika: Olga Shmukerova<\/div>\n<div class=\"x11i5rnm xat24cr x1mh8g0r x1vvkbs xtlvy1s\">Abistajad: Inna Gaston, Olga Bokova, Polina B\u00f5zgu ja teised VEBi liikmed<\/div>\n<p><\/div>\n<div class=\"hr-fade \"><\/div>\n<\/div>\n<\/div><\/div><div id=\"panel-3088-2-0-2\" class=\"so-panel widget widget_sow-editor\" data-index=\"4\" ><div\n\t\t\t\n\t\t\tclass=\"so-widget-sow-editor so-widget-sow-editor-base\"\n\t\t\t\n\t\t>\n<div class=\"siteorigin-widget-tinymce textwidget\">\n\t<div><\/div>\n<div class=\"x11i5rnm xat24cr x1mh8g0r x1vvkbs xtlvy1s\">\n<div class=\"tds-message-box box-note \"><\/p>\n<div class=\"x11i5rnm xat24cr x1mh8g0r x1vvkbs xtlvy1s\"><span style=\"color: #ff0000;\">Registreerimine: <strong><a style=\"color: #ff0000;\" href=\"https:\/\/docs.google.com\/forms\/d\/e\/1FAIpQLSc_NnOL2ejYXWl1uBVG0P7lBWRzVDkDVXCLDISiXBtFiQJKdg\/viewform\">SIIN<\/a><\/strong><strong>\u00a0<\/strong><\/span><\/div>\n<div>\n<ul>\n<li>Registreerimise t\u00e4htaeg: 03.07.23 - 31.07.23 v\u00f5i p\u00e4rast vabade kohtade t\u00e4itmist osalemiseks. \/ Registration : 07\/03\/23 - 07\/31\/23 or after filling free places for participation<\/li>\n<li>Osalejate arv on piiratud.\u00a0 \/ The number of participants is limited.<\/li>\n<li>Korraldaja v\u00f5ib osalejate arvu oma \u00e4ran\u00e4gemise j\u00e4rgi muuta.\/\u00a0The organizer may change the number of participants at its discretion.<\/li>\n<li>Te saate registreerimise kinnituse ja maksekorralduse kirja oma e-posti aadressile. \/\u00a0 You will receive a registration confirmation and payment order letter to your email address.<\/li>\n<li>Registreerimine hind: 35 euro \/ Registration price: 35 euro<\/li>\n<li><strong>Basenji omanikele, kes on VEB T\u00dc liikmed (2023. aastal), h\u00fcvitab VEB T\u00dc osaliselt v\u00f5istlustel osalemise kulud (10 eurot igale liikmele). See kajastub maksekorraldus, mille te saate e-posti aadressile teel.<\/strong><\/li>\n<\/ul>\n<\/div>\n<p><\/div>\n<div class=\"hr-fade \"><\/div>\n<\/div>\n<div class=\"x11i5rnm xat24cr x1mh8g0r x1vvkbs xtlvy1s\"><\/div>\n<div><\/div>\n<\/div>\n<\/div><\/div><div id=\"panel-3088-2-0-3\" class=\"so-panel widget widget_sow-editor\" data-index=\"5\" ><div\n\t\t\t\n\t\t\tclass=\"so-widget-sow-editor so-widget-sow-editor-base\"\n\t\t\t\n\t\t>\n<div class=\"siteorigin-widget-tinymce textwidget\">\n\t<div class=\"x11i5rnm xat24cr x1mh8g0r x1vvkbs xtlvy1s\">\n<div class=\"tds-message-box box-council \"><a href=\"https:\/\/tartutrennid.ee\/et\/sponsorid-06-08-23\/\">SPONSORID<\/a><\/div>\n<\/div>\n<div class=\"x11i5rnm xat24cr x1mh8g0r x1vvkbs xtlvy1s\"><\/div>\n<div><\/div>\n<\/div>\n<\/div><\/div><div id=\"panel-3088-2-0-4\" class=\"so-panel widget widget_sow-editor\" data-index=\"6\" ><div\n\t\t\t\n\t\t\tclass=\"so-widget-sow-editor so-widget-sow-editor-base\"\n\t\t\t\n\t\t>\n<div class=\"siteorigin-widget-tinymce textwidget\">\n\t<div><\/div>\n<div class=\"x11i5rnm xat24cr x1mh8g0r x1vvkbs xtlvy1s\">\n<div class=\"tds-message-box box-note \"><\/p>\n<div>\n<p><a href=\"https:\/\/www.facebook.com\/events\/1639510319848479\/?active_tab=discussion\">STATISTIKA \/ STATISTICS<\/a><\/p>\n<\/div>\n<p><\/div>\n<div class=\"hr-fade \"><\/div>\n<\/div>\n<div class=\"x11i5rnm xat24cr x1mh8g0r x1vvkbs xtlvy1s\"><\/div>\n<div><\/div>\n<\/div>\n<\/div><\/div><div id=\"panel-3088-2-0-5\" class=\"so-panel widget widget_sow-editor\" data-index=\"7\" ><div\n\t\t\t\n\t\t\tclass=\"so-widget-sow-editor so-widget-sow-editor-base\"\n\t\t\t\n\t\t>\n<div class=\"siteorigin-widget-tinymce textwidget\">\n\t<div><\/div>\n<div class=\"x11i5rnm xat24cr x1mh8g0r x1vvkbs xtlvy1s\">\n<div class=\"tds-message-box box-warning \"><\/p>\n<p><a href=\"https:\/\/tartutrennid.ee\/et\/kataloog-catalog\/\">KATALOOG \/ CATALOG\u00a0<\/a><\/p>\n<p><a href=\"https:\/\/tartutrennid.ee\/wp-content\/uploads\/2023\/08\/Programm.pdf\">PROGRAMM \/ PROGRAM<\/a><\/p>\n<p><\/div>\n<div class=\"hr-fade \"><\/div>\n<\/div>\n<div class=\"x11i5rnm xat24cr x1mh8g0r x1vvkbs xtlvy1s\"><\/div>\n<div><\/div>\n<\/div>\n<\/div><\/div><div id=\"panel-3088-2-0-6\" class=\"so-panel widget widget_sow-editor panel-last-child\" data-index=\"8\" ><div\n\t\t\t\n\t\t\tclass=\"so-widget-sow-editor so-widget-sow-editor-base\"\n\t\t\t\n\t\t>\n<div class=\"siteorigin-widget-tinymce textwidget\">\n\t<div class=\"x11i5rnm xat24cr x1mh8g0r x1vvkbs xtlvy1s\">\n<div class=\"tds-message-box box-info \"><\/p>\n<p><a href=\"https:\/\/tartutrennid.ee\/wp-content\/uploads\/2023\/08\/tulemused.pdf\">TULEMUSED \/ RESULT<\/a><\/p>\n<p><a href=\"https:\/\/photos.google.com\/share\/AF1QipMsFuuvpsPtrvp8B5bDNvN0xxBaTdS6jh8ksA8KmtXL2-3bERD7ab2khyCNrwbEiw?key=ZV9rcDU2YVdtVVhteU9Tc01rRjYxTWtYNDVTaXh3\">FOTO<\/a><\/p>\n<p><\/div>\n<div class=\"hr-fade \"><\/div>\n<\/div>\n<div class=\"x11i5rnm xat24cr x1mh8g0r x1vvkbs xtlvy1s\"><\/div>\n<div><\/div>\n<\/div>\n<\/div><\/div><\/div><div id=\"pgc-3088-2-1\"  class=\"panel-grid-cell\" ><div id=\"panel-3088-2-1-0\" class=\"so-panel widget widget_sow-image panel-first-child\" data-index=\"9\" ><div\n\t\t\t\n\t\t\tclass=\"so-widget-sow-image so-widget-sow-image-default-8b5b6f678277-3088\"\n\t\t\t\n\t\t>\n<div class=\"sow-image-container\">\n\t\t<img \n\tsrc=\"https:\/\/tartutrennid.ee\/wp-content\/uploads\/2023\/06\/kohtunikud-1-1.png\" width=\"1200\" height=\"614\" srcset=\"https:\/\/tartutrennid.ee\/wp-content\/uploads\/2023\/06\/kohtunikud-1-1.png 1200w, https:\/\/tartutrennid.ee\/wp-content\/uploads\/2023\/06\/kohtunikud-1-1-300x154.png 300w, https:\/\/tartutrennid.ee\/wp-content\/uploads\/2023\/06\/kohtunikud-1-1-1024x524.png 1024w, https:\/\/tartutrennid.ee\/wp-content\/uploads\/2023\/06\/kohtunikud-1-1-768x393.png 768w\" sizes=\"(max-width: 1200px) 100vw, 1200px\" title=\"kohtunikud\" alt=\"\" \t\tclass=\"so-widget-image\"\/>\n\t<\/div>\n\n<\/div><\/div><div id=\"panel-3088-2-1-1\" class=\"so-panel widget widget_sow-image\" data-index=\"10\" ><div\n\t\t\t\n\t\t\tclass=\"so-widget-sow-image so-widget-sow-image-default-8b5b6f678277-3088\"\n\t\t\t\n\t\t>\n<div class=\"sow-image-container\">\n\t\t<img \n\tsrc=\"https:\/\/tartutrennid.ee\/wp-content\/uploads\/2023\/06\/\u0421\u0435\u043a\u0440\u0435\u0442\u0430\u0440\u0438.png\" width=\"1200\" height=\"614\" srcset=\"https:\/\/tartutrennid.ee\/wp-content\/uploads\/2023\/06\/\u0421\u0435\u043a\u0440\u0435\u0442\u0430\u0440\u0438.png 1200w, https:\/\/tartutrennid.ee\/wp-content\/uploads\/2023\/06\/\u0421\u0435\u043a\u0440\u0435\u0442\u0430\u0440\u0438-300x154.png 300w, https:\/\/tartutrennid.ee\/wp-content\/uploads\/2023\/06\/\u0421\u0435\u043a\u0440\u0435\u0442\u0430\u0440\u0438-1024x524.png 1024w, https:\/\/tartutrennid.ee\/wp-content\/uploads\/2023\/06\/\u0421\u0435\u043a\u0440\u0435\u0442\u0430\u0440\u0438-768x393.png 768w\" sizes=\"(max-width: 1200px) 100vw, 1200px\" alt=\"\" \t\tclass=\"so-widget-image\"\/>\n\t<\/div>\n\n<\/div><\/div><div id=\"panel-3088-2-1-2\" class=\"so-panel widget widget_sow-image\" data-index=\"11\" ><div\n\t\t\t\n\t\t\tclass=\"so-widget-sow-image so-widget-sow-image-default-8b5b6f678277-3088\"\n\t\t\t\n\t\t>\n<div class=\"sow-image-container\">\n\t\t<img \n\tsrc=\"https:\/\/tartutrennid.ee\/wp-content\/uploads\/2023\/06\/Rajavedajad.png\" width=\"1200\" height=\"614\" srcset=\"https:\/\/tartutrennid.ee\/wp-content\/uploads\/2023\/06\/Rajavedajad.png 1200w, https:\/\/tartutrennid.ee\/wp-content\/uploads\/2023\/06\/Rajavedajad-300x154.png 300w, https:\/\/tartutrennid.ee\/wp-content\/uploads\/2023\/06\/Rajavedajad-1024x524.png 1024w, https:\/\/tartutrennid.ee\/wp-content\/uploads\/2023\/06\/Rajavedajad-768x393.png 768w\" sizes=\"(max-width: 1200px) 100vw, 1200px\" alt=\"\" \t\tclass=\"so-widget-image\"\/>\n\t<\/div>\n\n<\/div><\/div><div id=\"panel-3088-2-1-3\" class=\"so-panel widget widget_sow-image\" data-index=\"12\" ><div\n\t\t\t\n\t\t\tclass=\"so-widget-sow-image so-widget-sow-image-default-8b5b6f678277-3088\"\n\t\t\t\n\t\t>\n<div class=\"sow-image-container\">\n\t\t<img \n\tsrc=\"https:\/\/tartutrennid.ee\/wp-content\/uploads\/2023\/06\/Saatjad-foto.png\" width=\"1200\" height=\"614\" srcset=\"https:\/\/tartutrennid.ee\/wp-content\/uploads\/2023\/06\/Saatjad-foto.png 1200w, https:\/\/tartutrennid.ee\/wp-content\/uploads\/2023\/06\/Saatjad-foto-300x154.png 300w, https:\/\/tartutrennid.ee\/wp-content\/uploads\/2023\/06\/Saatjad-foto-1024x524.png 1024w, https:\/\/tartutrennid.ee\/wp-content\/uploads\/2023\/06\/Saatjad-foto-768x393.png 768w\" sizes=\"(max-width: 1200px) 100vw, 1200px\" title=\"Saatjad foto\" alt=\"\" \t\tclass=\"so-widget-image\"\/>\n\t<\/div>\n\n<\/div><\/div><div id=\"panel-3088-2-1-4\" class=\"so-panel widget widget_sow-image panel-last-child\" data-index=\"13\" ><div\n\t\t\t\n\t\t\tclass=\"so-widget-sow-image so-widget-sow-image-default-8b5b6f678277-3088\"\n\t\t\t\n\t\t>\n<div class=\"sow-image-container\">\n\t\t<img \n\tsrc=\"https:\/\/tartutrennid.ee\/wp-content\/uploads\/2023\/06\/vetarst.png\" width=\"1200\" height=\"614\" srcset=\"https:\/\/tartutrennid.ee\/wp-content\/uploads\/2023\/06\/vetarst.png 1200w, https:\/\/tartutrennid.ee\/wp-content\/uploads\/2023\/06\/vetarst-300x154.png 300w, https:\/\/tartutrennid.ee\/wp-content\/uploads\/2023\/06\/vetarst-1024x524.png 1024w, https:\/\/tartutrennid.ee\/wp-content\/uploads\/2023\/06\/vetarst-768x393.png 768w\" sizes=\"(max-width: 1200px) 100vw, 1200px\" alt=\"\" \t\tclass=\"so-widget-image\"\/>\n\t<\/div>\n\n<\/div><\/div><\/div><\/div><\/div>","protected":false},"excerpt":{"rendered":"<p>Rahvuslik Maastikujooksuv\u00f5istlus ja Vaaraokoerte, Etna Cirnecoda ja basenjide CUP 23 Aeg: 06.08.2023 Koht: N\u00e4suvere, 72232, J\u00e4rvamaa KAART Korraldaja: Tartu Trennid ja Eesti Hurtade Liit Kontakt: vebcup@gmail.com FB: siin MEESKOND: V\u00f5istluste juhataja: Viktoria Kolotsei Kohtunikud: Katrin Raie (EE, peakohtunik), Dzintra Staprena &hellip; <a class=\"kt-excerpt-readmore\" href=\"https:\/\/tartutrennid.ee\/et\/et\/rahvuslik-maastikujooksuvoistlus-ja-vaaraokoerte-etna-cirnecoda-ja-basenjide-cup-2023-06-08-23\/\" aria-label=\"Rahvuslik Maastikujooksuv\u00f5istlus ja VEB CUP -2023 , 06.08.23\">\u0427\u0438\u0442\u0430\u0442\u044c \u0434\u0430\u043b\u0435\u0435<\/a><\/p>\n","protected":false},"author":1,"featured_media":0,"parent":0,"menu_order":0,"comment_status":"closed","ping_status":"closed","template":"page-fullwidth.php","meta":{"kt_blocks_editor_width":"","footnotes":""},"_links":{"self":[{"href":"https:\/\/tartutrennid.ee\/et\/wp-json\/wp\/v2\/pages\/3088"}],"collection":[{"href":"https:\/\/tartutrennid.ee\/et\/wp-json\/wp\/v2\/pages"}],"about":[{"href":"https:\/\/tartutrennid.ee\/et\/wp-json\/wp\/v2\/types\/page"}],"author":[{"embeddable":true,"href":"https:\/\/tartutrennid.ee\/et\/wp-json\/wp\/v2\/users\/1"}],"replies":[{"embeddable":true,"href":"https:\/\/tartutrennid.ee\/et\/wp-json\/wp\/v2\/comments?post=3088"}],"version-history":[{"count":80,"href":"https:\/\/tartutrennid.ee\/et\/wp-json\/wp\/v2\/pages\/3088\/revisions"}],"predecessor-version":[{"id":3336,"href":"https:\/\/tartutrennid.ee\/et\/wp-json\/wp\/v2\/pages\/3088\/revisions\/3336"}],"wp:attachment":[{"href":"https:\/\/tartutrennid.ee\/et\/wp-json\/wp\/v2\/media?parent=3088"}],"curies":[{"name":"wp","href":"https:\/\/api.w.org\/{rel}","templated":true}]}}