{"id":2879,"date":"2022-06-23T19:39:08","date_gmt":"2022-06-23T19:39:08","guid":{"rendered":"https:\/\/tartutrennid.ee\/?page_id=2879"},"modified":"2022-07-09T11:40:22","modified_gmt":"2022-07-09T11:40:22","slug":"09-07-2022-fast-cat","status":"publish","type":"page","link":"https:\/\/tartutrennid.ee\/et\/09-07-2022-fast-cat\/","title":{"rendered":"09.07.2022 FAST CAT"},"content":{"rendered":"<div id=\"pl-2879\"  class=\"panel-layout\" ><div id=\"pg-2879-0\"  class=\"panel-grid panel-no-style\" ><div id=\"pgc-2879-0-0\"  class=\"panel-grid-cell\" ><div id=\"panel-2879-0-0-0\" class=\"so-panel widget widget_sow-image panel-first-child\" data-index=\"0\" ><div\n\t\t\t\n\t\t\tclass=\"so-widget-sow-image so-widget-sow-image-default-8b5b6f678277-2879\"\n\t\t\t\n\t\t>\n<div class=\"sow-image-container\">\n\t\t<img \n\tsrc=\"https:\/\/tartutrennid.ee\/wp-content\/uploads\/2022\/06\/FB-shapka.png\" width=\"1200\" height=\"630\" srcset=\"https:\/\/tartutrennid.ee\/wp-content\/uploads\/2022\/06\/FB-shapka.png 1200w, https:\/\/tartutrennid.ee\/wp-content\/uploads\/2022\/06\/FB-shapka-300x158.png 300w, https:\/\/tartutrennid.ee\/wp-content\/uploads\/2022\/06\/FB-shapka-1024x538.png 1024w, https:\/\/tartutrennid.ee\/wp-content\/uploads\/2022\/06\/FB-shapka-768x403.png 768w\" sizes=\"(max-width: 1200px) 100vw, 1200px\" title=\"FB shapka\" alt=\"\" \t\tclass=\"so-widget-image\"\/>\n\t<\/div>\n\n<\/div><\/div><div id=\"panel-2879-0-0-1\" class=\"so-panel widget widget_sow-editor\" data-index=\"1\" ><div\n\t\t\t\n\t\t\tclass=\"so-widget-sow-editor so-widget-sow-editor-base\"\n\t\t\t\n\t\t>\n<div class=\"siteorigin-widget-tinymce textwidget\">\n\t<div class=\"tds-message-box box-info \">Korraldaja : Tartu Trennid<br \/>\nToimumiskoht: Tartu, Vorbuse<br \/>\nRegistreerimine avatakse: 18.06.22<br \/>\nRegistreerimise l\u00f5pp: 05.07.22<br \/>\nRegistreerimine : (vt. Registreerumisvorm)<br \/>\n<a class=\"oajrlxb2 g5ia77u1 qu0x051f esr5mh6w e9989ue4 r7d6kgcz rq0escxv nhd2j8a9 nc684nl6 p7hjln8o kvgmc6g5 cxmmr5t8 oygrvhab hcukyx3x jb3vyjys rz4wbd8a qt6c0cv9 a8nywdso i1ao9s8h esuyzwwr f1sip0of lzcic4wl gpro0wi8 py34i1dx\" tabindex=\"0\" role=\"link\" href=\"https:\/\/docs.google.com\/forms\/d\/e\/1FAIpQLSdbmPoBBPni1cdUCMwC-q9-DR69J1RJT2gFXV-km0ajOSTvpA\/viewform?fbclid=IwAR2x9GSsqnk7FLLcQ_rAJKv5yjmKSx2ze1glTmyZ-8PYhqt9IdrKGmmQ9H8\" target=\"_blank\" rel=\"nofollow noopener\">https:\/\/docs.google.com\/...\/1FAIpQLSdbmPoBBPni1c...\/viewform<\/a><br \/>\nOsalustasu: 1 rada : 15 eurot,<br \/>\nMT\u00dc Tartu Trennid, EE511010220274421227<br \/>\nT\u00e4psem ajakava selgub peale registreerimise l\u00f5ppu.<\/div>\n<\/div>\n<\/div><\/div><div id=\"panel-2879-0-0-2\" class=\"so-panel widget widget_sow-editor panel-last-child\" data-index=\"2\" ><div\n\t\t\t\n\t\t\tclass=\"so-widget-sow-editor so-widget-sow-editor-base\"\n\t\t\t\n\t\t>\n<div class=\"siteorigin-widget-tinymce textwidget\">\n\t<div class=\"tds-message-box box-info \"><a href=\"https:\/\/www.facebook.com\/events\/441640980733658\/?active_tab=discussion\">FB LEHT<\/a><\/div>\n<\/div>\n<\/div><\/div><\/div><div id=\"pgc-2879-0-1\"  class=\"panel-grid-cell\" ><div id=\"panel-2879-0-1-0\" class=\"so-panel widget widget_sow-editor panel-first-child panel-last-child\" data-index=\"3\" ><div\n\t\t\t\n\t\t\tclass=\"so-widget-sow-editor so-widget-sow-editor-base\"\n\t\t\t\n\t\t>\n<div class=\"siteorigin-widget-tinymce textwidget\">\n\t<div class=\"cxmmr5t8 oygrvhab hcukyx3x c1et5uql o9v6fnle ii04i59q\">\n<div dir=\"auto\">Fast CAT reeglid:<\/div>\n<div dir=\"auto\">Osalejad:<\/div>\n<div dir=\"auto\">K\u00f5ik t\u00f5ud ja ilma t\u00f5uta koerad.<\/div>\n<div dir=\"auto\">Koer peab olema \u00fcle 12 kuu vana.<\/div>\n<div dir=\"auto\">Koeral peab olema kehtivate vaktsineerimistega veterinaarpass.<\/div>\n<div dir=\"auto\">Jooksuajas emased v\u00f5istlusel osaleda ei tohi.<\/div>\n<div dir=\"auto\">Koerad, kes \"tapavad\" peibutisi jooksevad jooksusuukorviga.<\/div>\n<div dir=\"auto\">Rada:<\/div>\n<div dir=\"auto\">1 rada.<\/div>\n<div dir=\"auto\">P\u00f5ld on suhteliselt tasane ja niidetud.<\/div>\n<div dir=\"auto\">Konkreetne jooksuala on ligikaudu 120 m pikk ja 3 m lai.<\/div>\n<div dir=\"auto\">Kiirendus ala on stardijoonest 5 meetri kaugusel.<\/div>\n<div dir=\"auto\">Rada on 100 m pikkune fini\u0161ijoone taimeritega (k\u00e4sitsi) ja 5 m pikkuse kiirendus alaga.<\/div>\n<div dir=\"auto\">Peibutis:<\/div>\n<div dir=\"auto\">Peibutist lohistatakse koera ees m\u00f6\u00f6da maad .<\/div>\n<div dir=\"auto\">Rajal olev koer peab olema ilma kaelarihma ja rihmata.<\/div>\n<div dir=\"auto\">Ohutus on selle peamine tegur.<\/div>\n<div dir=\"auto\">Aeg:<\/div>\n<div dir=\"auto\">Ajam\u00f5\u00f5tmist teostatakse elektroonilise stopperiga. Stardi stardilipp annab stardist m\u00e4rku, kui koera nina \u00fcletab stardijoone ja aja fikseerib ajam\u00f5\u00f5tja fini\u0161i joonel.<\/div>\n<\/div>\n<div class=\"cxmmr5t8 oygrvhab hcukyx3x c1et5uql o9v6fnle ii04i59q\">\n<div dir=\"auto\">Fast CAT \u2013 see on jooks 100 m pikkusel sirgel trassil aja peale.<\/div>\n<div dir=\"auto\">Koer jookseb \u00fcksi.<\/div>\n<div dir=\"auto\">Koera aeg 100 meetri l\u00e4bimiseks teisendatakse km\/tund<\/div>\n<\/div>\n<div class=\"cxmmr5t8 oygrvhab hcukyx3x c1et5uql o9v6fnle ii04i59q\">\n<div dir=\"auto\">Teenitud punktide arvu m\u00e4\u00e4ramiseks rakendatakse h\u00e4ndik\u00e4pis\u00fcsteemi ( eng. Handicap). H\u00e4ndik\u00e4pis\u00fcsteem p\u00f5hineb koera turjak\u00f5rgusel:<\/div>\n<div dir=\"auto\">1. = v\u00f5i &gt; 45,7 cm ( 18\u201d ja k\u00f5rgem) = h\u00e4ndik\u00e4p 1.0 (tulemus korrutatakse 1-ga)<\/div>\n<div dir=\"auto\">2. alates 30,5 kuni 45, 7 cm ( alates 12\u201d kuni 18 \u201d) = h\u00e4ndik\u00e4p 1,5 (tulemus korrutatakse 1,5-ga)<\/div>\n<div dir=\"auto\">3. &lt; 30,5 cm ( &lt; 12 \u201d) = h\u00e4ndik\u00e4p 2,0 (tulemus korrutatakse 2-ga)<\/div>\n<\/div>\n<div class=\"cxmmr5t8 oygrvhab hcukyx3x c1et5uql o9v6fnle ii04i59q\">\n<div dir=\"auto\">Punkte arvestatakse j\u00e4rgmiselt: km\/h korrutatakse koera h\u00e4ndik\u00e4piga.<\/div>\n<\/div>\n<div class=\"cxmmr5t8 oygrvhab hcukyx3x c1et5uql o9v6fnle ii04i59q\">\n<div dir=\"auto\">\n<p>&nbsp;<\/p>\n<div dir=\"auto\">Tiitlid:<\/div>\n<div dir=\"auto\"><div class=\"tds-message-box box-note \"><span style=\"color: #cccc0c;\">BCAT \u2013 15\u201339 punkti<\/span><br \/>\n<span style=\"color: #0000ff;\">DCAT - 40-49 punkti<\/span><br \/>\n<span style=\"color: #ff0000;\">FCAT \u2013 =, &gt; 50 punkti<\/span><\/div><\/div>\n<p>&nbsp;<\/p>\n<\/div>\n<\/div>\n<div class=\"cxmmr5t8 oygrvhab hcukyx3x c1et5uql o9v6fnle ii04i59q\"><\/div>\n<div class=\"cxmmr5t8 oygrvhab hcukyx3x c1et5uql o9v6fnle ii04i59q\">\n<div dir=\"auto\"><\/div>\n<\/div>\n<\/div>\n<\/div><\/div><\/div><\/div><div id=\"pg-2879-1\"  class=\"panel-grid panel-no-style\" ><div id=\"pgc-2879-1-0\"  class=\"panel-grid-cell panel-grid-cell-empty\" ><\/div><div id=\"pgc-2879-1-1\"  class=\"panel-grid-cell\" ><div id=\"panel-2879-1-1-0\" class=\"so-panel widget widget_sow-image panel-first-child panel-last-child\" data-index=\"4\" ><div\n\t\t\t\n\t\t\tclass=\"so-widget-sow-image so-widget-sow-image-default-8b5b6f678277-2879\"\n\t\t\t\n\t\t>\n<div class=\"sow-image-container\">\n\t\t<img \n\tsrc=\"https:\/\/tartutrennid.ee\/wp-content\/uploads\/2022\/06\/distans.png\" width=\"1136\" height=\"313\" srcset=\"https:\/\/tartutrennid.ee\/wp-content\/uploads\/2022\/06\/distans.png 1136w, https:\/\/tartutrennid.ee\/wp-content\/uploads\/2022\/06\/distans-300x83.png 300w, https:\/\/tartutrennid.ee\/wp-content\/uploads\/2022\/06\/distans-1024x282.png 1024w, https:\/\/tartutrennid.ee\/wp-content\/uploads\/2022\/06\/distans-768x212.png 768w\" sizes=\"(max-width: 1136px) 100vw, 1136px\" alt=\"\" \t\tclass=\"so-widget-image\"\/>\n\t<\/div>\n\n<\/div><\/div><\/div><\/div><div id=\"pg-2879-2\"  class=\"panel-grid panel-no-style\" ><div id=\"pgc-2879-2-0\"  class=\"panel-grid-cell panel-grid-cell-empty\" ><\/div><div id=\"pgc-2879-2-1\"  class=\"panel-grid-cell\" ><div id=\"panel-2879-2-1-0\" class=\"so-panel widget widget_sow-editor panel-first-child panel-last-child\" data-index=\"5\" ><div\n\t\t\t\n\t\t\tclass=\"so-widget-sow-editor so-widget-sow-editor-base\"\n\t\t\t\n\t\t>\n<div class=\"siteorigin-widget-tinymce textwidget\">\n\t<div class=\"cxmmr5t8 oygrvhab hcukyx3x c1et5uql o9v6fnle ii04i59q\">\n<div dir=\"auto\">Fast CAT \u043f\u0440\u0430\u0432\u0438\u043b\u0430:<\/div>\n<\/div>\n<div class=\"cxmmr5t8 oygrvhab hcukyx3x c1et5uql o9v6fnle ii04i59q\">\n<div dir=\"auto\">\u0423\u0447\u0430\u0441\u0442\u043d\u0438\u043a\u0438:<\/div>\n<div dir=\"auto\">\u0414\u043e\u043f\u0443\u0441\u043a\u0430\u044e\u0442\u0441\u044f \u0441\u043e\u0431\u0430\u043a\u0438 \u0432\u0441\u0435\u0445 \u043f\u043e\u0440\u043e\u0434 \u0438 \u0431\u0435\u0441\u043f\u043e\u0440\u043e\u0434\u043d\u044b\u0435.<\/div>\n<div dir=\"auto\">\u0412\u043e\u0437\u0440\u0430\u0441\u0442 \u0441\u043e\u0431\u0430\u043a\u0438 \u2013 \u0441\u0442\u0430\u0440\u0448\u0435 12 \u043c\u0435\u0441\u044f\u0446\u0435\u0432.<\/div>\n<div dir=\"auto\">\u0423 \u0441\u043e\u0431\u0430\u043a\u0438 \u0434\u043e\u043b\u0436\u0435\u043d \u0431\u044b\u0442\u044c \u0432\u0435\u0442. \u043f\u0430\u0441\u043f\u043e\u0440\u0442 \u0441 \u0434\u0435\u0439\u0441\u0442\u0432\u0443\u044e\u0449\u0438\u043c\u0438 \u043f\u0440\u0438\u0432\u0438\u0432\u043a\u0430\u043c\u0438.<\/div>\n<div dir=\"auto\">\u0422\u0435\u0447\u043d\u044b\u0435 \u0441\u0443\u043a\u0438 \u043d\u0435 \u0434\u043e\u043f\u0443\u0441\u043a\u0430\u044e\u0442\u0441\u044f \u043a \u0441\u043e\u0440\u0435\u0432\u043d\u043e\u0432\u0430\u043d\u0438\u044e.<\/div>\n<div dir=\"auto\">\u0421\u043e\u0431\u0430\u043a\u0438 \u00ab\u0443\u0431\u0438\u0432\u0430\u044e\u0449\u0438\u0435\u00bb \u043f\u0440\u0438\u043c\u0430\u043d\u043a\u0443 \u0431\u0435\u0433\u0443\u0442 \u0432 \u0431\u0435\u0433\u043e\u0432\u044b\u0445 \u043d\u0430\u043c\u043e\u0440\u0434\u043d\u0438\u043a\u0430\u0445.<\/div>\n<div dir=\"auto\">\u0422\u0440\u0430\u0441\u0441\u0430:<\/div>\n<div dir=\"auto\">\u041e\u0434\u0438\u043d \u0437\u0430\u0431\u0435\u0433.<\/div>\n<div dir=\"auto\">\u041f\u043e\u043b\u0435 \u043e\u0442\u043d\u043e\u0441\u0438\u0442\u0435\u043b\u044c\u043d\u043e \u0440\u043e\u0432\u043d\u043e\u0435 \u0438 \u0441\u043a\u043e\u0448\u0435\u043d\u043d\u043e\u0435.<\/div>\n<div dir=\"auto\">\u0424\u0430\u043a\u0442\u0438\u0447\u0435\u0441\u043a\u0430\u044f \u0437\u043e\u043d\u0430 \u0434\u043b\u044f \u0437\u0430\u0431\u0435\u0433\u0430 \u0441\u043e\u0441\u0442\u0430\u0432\u043b\u044f\u0435\u0442 \u043f\u0440\u0438\u043c\u0435\u0440\u043d\u043e 120 \u043c \u0432 \u0434\u043b\u0438\u043d\u0443 \u0438 3 \u043c \u0432 \u0448\u0438\u0440\u0438\u043d\u0443.<\/div>\n<div dir=\"auto\">\u0417\u043e\u043d\u0430 \u0440\u0430\u0437\u0431\u0435\u0433\u0430 \u043d\u0430\u0445\u043e\u0434\u0438\u0442\u0441\u044f \u0432 5 \u043c\u0435\u0442\u0440\u0430\u0445 \u043e\u0442 \u043b\u0438\u043d\u0438\u0438 \u0441\u0442\u0430\u0440\u0442\u0430.<\/div>\n<div dir=\"auto\">\u0422\u0440\u0430\u0441\u0441\u0430 \u0438\u043c\u0435\u0435\u0442 \u0434\u043b\u0438\u043d\u0443 100 \u043c \u0441 \u0442\u0430\u0439\u043c\u0435\u0440\u043e\u043c \u0444\u0438\u043d\u0438\u0448\u043d\u043e\u0439 \u043b\u0438\u043d\u0438\u0438 (\u0440\u0443\u0447\u043d\u044b\u043c\u0438) \u0438 5 \u043c\u0435\u0442\u0440\u043e\u0432\u043e\u0439 \u0437\u043e\u043d\u043e\u0439 \u0440\u0430\u0437\u0431\u0435\u0433\u0430.<\/div>\n<div dir=\"auto\">\u041f\u0440\u0438\u043c\u0430\u043d\u043a\u0430:<\/div>\n<div dir=\"auto\">\u041f\u0440\u0438\u043c\u0430\u043d\u043a\u0430 \u0442\u044f\u043d\u0435\u0442\u0441\u044f \u043f\u043e \u0437\u0435\u043c\u043b\u0435 \u0432\u043f\u0435\u0440\u0435\u0434\u0438 \u0441\u043e\u0431\u0430\u043a\u0438.<\/div>\n<div dir=\"auto\">\u0421\u043e\u0431\u0430\u043a\u0430 \u043d\u0430 \u0442\u0440\u0430\u0441\u0441\u0435 \u0434\u043e\u043b\u0436\u043d\u0430 \u0431\u044b\u0442\u044c \u0431\u0435\u0437 \u043e\u0448\u0435\u0439\u043d\u0438\u043a\u0430 \u0438 \u043f\u043e\u0432\u043e\u0434\u043a\u0430.<\/div>\n<div dir=\"auto\">\u0411\u0435\u0437\u043e\u043f\u0430\u0441\u043d\u043e\u0441\u0442\u044c \u2013 \u0433\u043b\u0430\u0432\u043d\u044b\u0439 \u0444\u0430\u043a\u0442\u043e\u0440 \u043f\u0440\u0438 \u043f\u0440\u043e\u0432\u0435\u0434\u0435\u043d\u0438\u0438 \u044d\u0442\u043e\u0433\u043e \u043c\u0435\u0440\u043e\u043f\u0440\u0438\u044f\u0442\u0438\u044f.<\/div>\n<div dir=\"auto\">\u0412\u0440\u0435\u043c\u044f:<\/div>\n<div dir=\"auto\">\u0425\u0440\u043e\u043d\u043e\u043c\u0435\u0442\u0440\u0430\u0436 \u0431\u0443\u0434\u0435\u0442 \u0432\u0435\u0441\u0442\u0438\u0441\u044c \u044d\u043b\u0435\u043a\u0442\u0440\u043e\u043d\u043d\u044b\u043c \u0441\u0435\u043a\u0443\u043d\u0434\u043e\u043c\u0435\u0440\u043e\u043c. \u0421\u0442\u0430\u0440\u0442\u043e\u0432\u044b\u0439 \u0444\u043b\u0430\u0436\u043e\u043a \u0441\u0442\u0430\u0440\u0442\u0435\u0440\u0430 \u0441\u0438\u0433\u043d\u0430\u043b\u0438\u0437\u0438\u0440\u0443\u0435\u0442 \u043e \u0441\u0442\u0430\u0440\u0442\u0435, \u043a\u043e\u0433\u0434\u0430 \u043d\u043e\u0441 \u0441\u043e\u0431\u0430\u043a\u0438 \u043f\u0435\u0440\u0435\u0441\u0435\u043a\u0430\u0435\u0442 \u043b\u0438\u043d\u0438\u044e \u0441\u0442\u0430\u0440\u0442\u0430, \u0430 \u0432\u0440\u0435\u043c\u044f \u0437\u0430\u043f\u0438\u0441\u044b\u0432\u0430\u0435\u0442\u0441\u044f \u0445\u0440\u043e\u043d\u043e\u043c\u0435\u0442\u0440\u0438\u0441\u0442\u043e\u043c \u043d\u0430 \u043b\u0438\u043d\u0438\u0438 \u0444\u0438\u043d\u0438\u0448\u0430.<\/div>\n<\/div>\n<div class=\"cxmmr5t8 oygrvhab hcukyx3x c1et5uql o9v6fnle ii04i59q\">\n<div dir=\"auto\">Fast CAT \u2013 \u044d\u0442\u043e \u0437\u0430\u0431\u0435\u0433 \u043d\u0430 100 \u043c \u043f\u043e \u043f\u0440\u044f\u043c\u043e\u0439 \u043d\u0430 \u0432\u0440\u0435\u043c\u044f.<\/div>\n<div dir=\"auto\">\u0421\u043e\u0431\u0430\u043a\u0430 \u0431\u0435\u0436\u0438\u0442 \u043e\u0434\u043d\u0430.<\/div>\n<div dir=\"auto\">\u0412\u0440\u0435\u043c\u044f, \u0437\u0430\u0442\u0440\u0430\u0447\u0435\u043d\u043d\u043e\u0435 \u0441\u043e\u0431\u0430\u043a\u043e\u0439 \u043d\u0430 \u0437\u0430\u0431\u0435\u0433 \u0432 100 \u043c\u0435\u0442\u0440\u043e\u0432 \u043f\u0440\u0435\u043e\u0431\u0440\u0430\u0437\u0443\u0435\u0442\u0441\u044f \u0432 \u043a\u043c\/\u0447<\/div>\n<\/div>\n<div class=\"cxmmr5t8 oygrvhab hcukyx3x c1et5uql o9v6fnle ii04i59q\">\n<div dir=\"auto\">\u0421\u0438\u0441\u0442\u0435\u043c\u0430 \u0433\u0430\u043d\u0434\u0438\u043a\u0430\u043f ( \u0430\u043d\u0433\u043b. Handicap) \u043f\u0440\u0438\u043c\u0435\u043d\u044f\u0435\u0442\u0441\u044f \u0434\u043b\u044f \u043e\u043f\u0440\u0435\u0434\u0435\u043b\u0435\u043d\u0438\u044f \u043a\u043e\u043b\u0438\u0447\u0435\u0441\u0442\u0432\u0430 \u0437\u0430\u0440\u0430\u0431\u043e\u0442\u0430\u043d\u043d\u044b\u0445 \u043e\u0447\u043a\u043e\u0432 \u0438 \u043e\u0441\u043d\u043e\u0432\u0430\u043d\u0430 \u043d\u0430 \u0432\u044b\u0441\u043e\u0442\u0435 \u0441\u043e\u0431\u0430\u043a\u0438 \u0432 \u0445\u043e\u043b\u043a\u0435.<\/div>\n<div dir=\"auto\">1. = \u0438\u043b\u0438 &gt; 45,7 \u0441\u043c ( 18 \u0434\u044e\u0439\u043c\u043e\u0432 \u0438 \u0432\u044b\u0448\u0435) = \u0433\u0430\u043d\u0434\u0438\u043a\u0430\u043f 1.0 (\u0440\u0435\u0437\u0443\u043b\u044c\u0442\u0430\u0442 \u0443\u043c\u043d\u043e\u0436\u0430\u0435\u0442\u0441\u044f \u043d\u0430 1)<\/div>\n<div dir=\"auto\">2. \u043e\u0442 30,5 \u0434\u043e 45, 7 \u0441\u043c ( \u043e\u0442 12 \u0434\u043e 18 \u0434\u044e\u0439\u043c\u043e\u0432) = \u0433\u0430\u043d\u0434\u0438\u043a\u0430\u043f 1,5 (\u0440\u0435\u0437\u0443\u043b\u044c\u0442\u0430\u0442 \u0443\u043c\u043d\u043e\u0436\u0430\u0435\u0442\u0441\u044f \u043d\u0430 1,5)<\/div>\n<div dir=\"auto\">3. &lt; 30,5 ( \u043d\u0438\u0436\u0435 12 \u0434\u044e\u0439\u043c\u043e\u0432) = \u0433\u0430\u043d\u0434\u0438\u043a\u0430\u043f 2,0 ( \u0440\u0435\u0437\u0443\u043b\u044c\u0442\u0430\u0442 \u0443\u043c\u043d\u043e\u0436\u0430\u0435\u0442\u0441\u044f \u043d\u0430 2)<\/div>\n<\/div>\n<div class=\"cxmmr5t8 oygrvhab hcukyx3x c1et5uql o9v6fnle ii04i59q\">\n<div dir=\"auto\">\u0411\u0430\u043b\u043b\u044b \u0440\u0430\u0441\u0441\u0447\u0438\u0442\u044b\u0432\u0430\u044e\u0442\u0441\u044f \u0441\u043b\u0435\u0434\u0443\u044e\u0449\u0438\u043c \u043e\u0431\u0440\u0430\u0437\u043e\u043c: \u043a\u043c\/\u0447 \u0443\u043c\u043d\u043e\u0436\u0435\u043d\u043d\u044b\u0435 \u043d\u0430 \u0433\u0430\u043d\u0434\u0438\u043a\u0430\u043f \u0441\u043e\u0431\u0430\u043a\u0438.<\/div>\n<\/div>\n<div class=\"cxmmr5t8 oygrvhab hcukyx3x c1et5uql o9v6fnle ii04i59q\">\n<div dir=\"auto\">\n<p>&nbsp;<\/p>\n<div dir=\"auto\">\n<div class=\"tds-message-box box-note \"><\/p>\n<div dir=\"auto\">\u0422\u0438\u0442\u0443\u043b\u044b:<\/div>\n<div dir=\"auto\"><span style=\"color: #cccc0c;\">BCAT \u2013 15\u201339 punkti<\/span><br \/>\n<span style=\"color: #0000ff;\">DCAT - 40-49 punkti<\/span><br \/>\n<span style=\"color: #ff0000;\">FCAT \u2013 =, &gt; 50 punkti<\/span><\/div>\n<p><\/div>\n<\/div>\n<p>&nbsp;<\/p>\n<\/div>\n<\/div>\n<\/div>\n<\/div><\/div><\/div><\/div><\/div>","protected":false},"excerpt":{"rendered":"<p>Fast CAT reeglid: Osalejad: K\u00f5ik t\u00f5ud ja ilma t\u00f5uta koerad. Koer peab olema \u00fcle 12 kuu vana. Koeral peab olema kehtivate vaktsineerimistega veterinaarpass. Jooksuajas emased v\u00f5istlusel osaleda ei tohi. Koerad, kes &#171;tapavad&#187; peibutisi jooksevad jooksusuukorviga. Rada: 1 rada. P\u00f5ld on &hellip; <a class=\"kt-excerpt-readmore\" href=\"https:\/\/tartutrennid.ee\/et\/09-07-2022-fast-cat\/\" aria-label=\"09.07.2022 FAST CAT\">\u0427\u0438\u0442\u0430\u0442\u044c \u0434\u0430\u043b\u0435\u0435<\/a><\/p>\n","protected":false},"author":1,"featured_media":0,"parent":0,"menu_order":0,"comment_status":"closed","ping_status":"closed","template":"page-fullwidth.php","meta":{"kt_blocks_editor_width":"","footnotes":""},"_links":{"self":[{"href":"https:\/\/tartutrennid.ee\/et\/wp-json\/wp\/v2\/pages\/2879"}],"collection":[{"href":"https:\/\/tartutrennid.ee\/et\/wp-json\/wp\/v2\/pages"}],"about":[{"href":"https:\/\/tartutrennid.ee\/et\/wp-json\/wp\/v2\/types\/page"}],"author":[{"embeddable":true,"href":"https:\/\/tartutrennid.ee\/et\/wp-json\/wp\/v2\/users\/1"}],"replies":[{"embeddable":true,"href":"https:\/\/tartutrennid.ee\/et\/wp-json\/wp\/v2\/comments?post=2879"}],"version-history":[{"count":22,"href":"https:\/\/tartutrennid.ee\/et\/wp-json\/wp\/v2\/pages\/2879\/revisions"}],"predecessor-version":[{"id":2906,"href":"https:\/\/tartutrennid.ee\/et\/wp-json\/wp\/v2\/pages\/2879\/revisions\/2906"}],"wp:attachment":[{"href":"https:\/\/tartutrennid.ee\/et\/wp-json\/wp\/v2\/media?parent=2879"}],"curies":[{"name":"wp","href":"https:\/\/api.w.org\/{rel}","templated":true}]}}