{"id":2853,"date":"2022-06-15T20:15:26","date_gmt":"2022-06-15T20:15:26","guid":{"rendered":"https:\/\/tartutrennid.ee\/?page_id=2853"},"modified":"2022-06-15T20:28:35","modified_gmt":"2022-06-15T20:28:35","slug":"12-06-2022-rallikuulekus-eksam-korraldaja-tartu-trennid","status":"publish","type":"page","link":"https:\/\/tartutrennid.ee\/et\/12-06-2022-rallikuulekus-eksam-korraldaja-tartu-trennid\/","title":{"rendered":"12.06.2022 RALLIKUULEKUS EKSAM (korraldaja: Tartu Trennid)"},"content":{"rendered":"<div id=\"pl-2853\"  class=\"panel-layout\" ><div id=\"pg-2853-0\"  class=\"panel-grid panel-no-style\" ><div id=\"pgc-2853-0-0\"  class=\"panel-grid-cell\" ><div id=\"panel-2853-0-0-0\" class=\"so-panel widget widget_sow-image panel-first-child\" data-index=\"0\" ><div\n\t\t\t\n\t\t\tclass=\"so-widget-sow-image so-widget-sow-image-default-8b5b6f678277-2853\"\n\t\t\t\n\t\t>\n<div class=\"sow-image-container\">\n\t\t<img \n\tsrc=\"https:\/\/tartutrennid.ee\/wp-content\/uploads\/2022\/06\/280290646_4976299265825341_9185443073962998233_n.jpg\" width=\"1200\" height=\"630\" srcset=\"https:\/\/tartutrennid.ee\/wp-content\/uploads\/2022\/06\/280290646_4976299265825341_9185443073962998233_n.jpg 1200w, https:\/\/tartutrennid.ee\/wp-content\/uploads\/2022\/06\/280290646_4976299265825341_9185443073962998233_n-300x158.jpg 300w, https:\/\/tartutrennid.ee\/wp-content\/uploads\/2022\/06\/280290646_4976299265825341_9185443073962998233_n-1024x538.jpg 1024w, https:\/\/tartutrennid.ee\/wp-content\/uploads\/2022\/06\/280290646_4976299265825341_9185443073962998233_n-768x403.jpg 768w\" sizes=\"(max-width: 1200px) 100vw, 1200px\" alt=\"\" \t\tclass=\"so-widget-image\"\/>\n\t<\/div>\n\n<\/div><\/div><div id=\"panel-2853-0-0-1\" class=\"so-panel widget widget_media_video\" data-index=\"1\" ><div style=\"width:100%;\" class=\"wp-video\"><!--[if lt IE 9]><script>document.createElement('video');<\/script><![endif]-->\n<video class=\"wp-video-shortcode\" id=\"video-2853-1\" preload=\"metadata\" controls=\"controls\"><source type=\"video\/youtube\" src=\"https:\/\/youtu.be\/Xhv634bF9dU?_=1\" \/><a href=\"https:\/\/youtu.be\/Xhv634bF9dU\">https:\/\/youtu.be\/Xhv634bF9dU<\/a><\/video><\/div><\/div><div id=\"panel-2853-0-0-2\" class=\"so-panel widget widget_sow-image\" data-index=\"2\" ><div\n\t\t\t\n\t\t\tclass=\"so-widget-sow-image so-widget-sow-image-default-6ec9e3772f75-2853\"\n\t\t\t\n\t\t>\n<div class=\"sow-image-container\">\n\t\t<img \n\tsrc=\"https:\/\/tartutrennid.ee\/wp-content\/uploads\/2022\/06\/285045542_5067331180055482_5474192602209114584_n.jpg\" width=\"1073\" height=\"571\" srcset=\"https:\/\/tartutrennid.ee\/wp-content\/uploads\/2022\/06\/285045542_5067331180055482_5474192602209114584_n.jpg 1073w, https:\/\/tartutrennid.ee\/wp-content\/uploads\/2022\/06\/285045542_5067331180055482_5474192602209114584_n-300x160.jpg 300w, https:\/\/tartutrennid.ee\/wp-content\/uploads\/2022\/06\/285045542_5067331180055482_5474192602209114584_n-1024x545.jpg 1024w, https:\/\/tartutrennid.ee\/wp-content\/uploads\/2022\/06\/285045542_5067331180055482_5474192602209114584_n-768x409.jpg 768w\" sizes=\"(max-width: 1073px) 100vw, 1073px\" alt=\"\" \t\tclass=\"so-widget-image\"\/>\n\t<\/div>\n\n<\/div><\/div><div id=\"panel-2853-0-0-3\" class=\"so-panel widget widget_sow-editor panel-last-child\" data-index=\"3\" ><div\n\t\t\t\n\t\t\tclass=\"so-widget-sow-editor so-widget-sow-editor-base\"\n\t\t\t\n\t\t>\n<div class=\"siteorigin-widget-tinymce textwidget\">\n\t<div class=\"tds-message-box box-note \"><a href=\"https:\/\/www.facebook.com\/events\/1347928005713539?active_tab=about\">FB LEHT\u00a0<\/a><\/div>\n<\/div>\n<\/div><\/div><\/div><div id=\"pgc-2853-0-1\"  class=\"panel-grid-cell\" ><div id=\"panel-2853-0-1-0\" class=\"so-panel widget widget_sow-editor panel-first-child panel-last-child\" data-index=\"4\" ><div\n\t\t\t\n\t\t\tclass=\"so-widget-sow-editor so-widget-sow-editor-base\"\n\t\t\t\n\t\t>\n<div class=\"siteorigin-widget-tinymce textwidget\">\n\t<div class=\"kvgmc6g5 cxmmr5t8 oygrvhab hcukyx3x c1et5uql\"><div class=\"tds-message-box box-warning \">RALLIKUULEKUSE EKSAM Tartu Trennid<\/div><\/div>\n<div class=\"cxmmr5t8 oygrvhab hcukyx3x c1et5uql o9v6fnle\">Kohtunik: Anu Oks<\/div>\n<div class=\"cxmmr5t8 oygrvhab hcukyx3x c1et5uql o9v6fnle\">Peakorraldaja : Jana Petrov<\/div>\n<div class=\"cxmmr5t8 oygrvhab hcukyx3x c1et5uql o9v6fnle\">Toimumiskoht: Tartu, Ilmatsalu<\/div>\n<div class=\"cxmmr5t8 oygrvhab hcukyx3x c1et5uql o9v6fnle\">Registreerimine avatakse:<br \/>\nTartu rallitajatele alates 12.05.2022 ja teistele alates .19.05.2022<br \/>\nRegistreerimise l\u00f5pp 06.juunil v\u00f5i kohtade t\u00e4itumisel (30 x 2 starti ehk 30 osalejat. RK eeskiri p 4.2).<\/div>\n<div class=\"cxmmr5t8 oygrvhab hcukyx3x c1et5uql o9v6fnle\">Registreerimine : (vt. Registreerumisvorm)<\/div>\n<div class=\"cxmmr5t8 oygrvhab hcukyx3x c1et5uql o9v6fnle\"><a class=\"oajrlxb2 g5ia77u1 qu0x051f esr5mh6w e9989ue4 r7d6kgcz rq0escxv nhd2j8a9 nc684nl6 p7hjln8o kvgmc6g5 cxmmr5t8 oygrvhab hcukyx3x jb3vyjys rz4wbd8a qt6c0cv9 a8nywdso i1ao9s8h esuyzwwr f1sip0of lzcic4wl gpro0wi8 py34i1dx\" tabindex=\"0\" role=\"link\" href=\"https:\/\/docs.google.com\/forms\/d\/1GAxvxOPPIgvjbZGa-KMY8yGi1bM6EaoG45zy6IHGc9Q\/edit?fbclid=IwAR2wS2UDR8GDoEJy7DTmZX59ahtE8qe1hVuEN841WhWHrEj_D-ZmOSfbfRI\" target=\"_blank\" rel=\"nofollow noopener\">https:\/\/docs.google.com\/...\/1GAxvxOPPIgvjbZGa...\/edit<\/a><br \/>\nPeale regisrteerimisvormi t\u00e4itmist saadetakse kinnituskiri ja MAKSMINE OSALEMISE EEST toimub peale kinnituskirja saamist. MAKSET\u00c4HTAEG 1 P\u00c4EV.<\/div>\n<div class=\"cxmmr5t8 oygrvhab hcukyx3x c1et5uql o9v6fnle\">Info: Jana Petrov, Viktoria Kolotsei (tartutrennid@gmail.com)<\/div>\n<div class=\"cxmmr5t8 oygrvhab hcukyx3x c1et5uql o9v6fnle\">V\u00f5istlusklassid:<br \/>\nRK-1, RK-2, RK-3, RK-4, RK-V (veteranide klass)<\/div>\n<div class=\"cxmmr5t8 oygrvhab hcukyx3x c1et5uql o9v6fnle\">Rallikuulekuse eeskirjad leiad siit:\u00a0<a class=\"oajrlxb2 g5ia77u1 qu0x051f esr5mh6w e9989ue4 r7d6kgcz rq0escxv nhd2j8a9 nc684nl6 p7hjln8o kvgmc6g5 cxmmr5t8 oygrvhab hcukyx3x jb3vyjys rz4wbd8a qt6c0cv9 a8nywdso i1ao9s8h esuyzwwr f1sip0of lzcic4wl gpro0wi8 py34i1dx\" tabindex=\"0\" role=\"link\" href=\"https:\/\/l.facebook.com\/l.php?u=http%3A%2F%2Fkennelliit.ee%2F...%2Fupl...%2F2018%2F12%2FEesti-ralli-2018.pdf%3Ffbclid%3DIwAR2J4617VFiu-1geZHZl1Uzdw3nHiVx08fxQbWg905W2FuFcqwWmtXQhYns&amp;h=AT3anQeqJTHAzNDulI5rsLAbo5NH0Df8pJqDEX6ZOXSVdjF64Ci2Eq9Q6QJRDTujF025pSh1Ds2HyCe1-FW4lQnUHuru0GMIAP4pmIZPdRqq2UqtonPtF9V_TBps-JFOIPUM&amp;__tn__=q&amp;c[0]=AT3yP-HM-4OYRioMCiLWzVIfnEMrV3qRyJpns22vxnBR8PLsCnxs5gkqwq5dtohN1t8JKjk5a8xb1wW6he-Apu3-j4jmLyeuyh75h0raRCihrz73j-ueiR0Xe2qoMEwOYX0\" target=\"_blank\" rel=\"nofollow noopener\">http:\/\/kennelliit.ee\/...\/upl...\/2018\/12\/Eesti-ralli-2018.pdf<\/a><\/div>\n<div class=\"cxmmr5t8 oygrvhab hcukyx3x c1et5uql o9v6fnle\">Osalustasu:<br \/>\nkaks rada : 30 eurot<\/div>\n<div class=\"cxmmr5t8 oygrvhab hcukyx3x c1et5uql o9v6fnle\">Maksmine:<br \/>\nMT\u00dc Tartu Trennid<br \/>\nArveldusarve: EE511010220274421227<br \/>\nSelgetus: koera nimi, klass<\/div>\n<div class=\"cxmmr5t8 oygrvhab hcukyx3x c1et5uql o9v6fnle\">Hindamine alustatakse k\u00f5rgematest klassidest. T\u00e4psem ajakava selgub peale registreerimise l\u00f5ppu.<\/div>\n<div class=\"cxmmr5t8 oygrvhab hcukyx3x c1et5uql o9v6fnle\">NB! J\u00e4lgime EV valitsuse kehtestatud piiranguid ja k\u00e4itume vastavalt etteantud juhistele.<br \/>\nKoerad peavad olema n\u00f5uetekohaselt vaktsineeritud.<br \/>\nKorraldajal on \u00f5igus piirata osalevate v\u00f5istluspaaride arvu.<br \/>\nMitteosalemise korral osalustasu mitte tagastatakse.<\/div>\n<div class=\"cxmmr5t8 oygrvhab hcukyx3x c1et5uql o9v6fnle\"><div class=\"tds-message-box box-warning \">\u042d\u041a\u0417\u0410\u041c\u0415\u041d \u041f\u041e RALLIKUULEKUS Tartu Trennid<\/div><\/div>\n<div class=\"cxmmr5t8 oygrvhab hcukyx3x c1et5uql o9v6fnle\">\u0421\u0443\u0434\u044c\u044f: Anu Oks<\/div>\n<div class=\"cxmmr5t8 oygrvhab hcukyx3x c1et5uql o9v6fnle\">\u0413\u043b\u0430\u0432\u043d\u044b\u0439 \u043e\u0440\u0433\u0430\u043d\u0438\u0437\u0430\u0442\u043e\u0440: Jana Petrov<br \/>\n\u041c\u0435\u0441\u0442\u043e \u043f\u0440\u043e\u0432\u0435\u0434\u0435\u043d\u0438\u044f : Tartu, Ilmatsalu<\/div>\n<div class=\"cxmmr5t8 oygrvhab hcukyx3x c1et5uql o9v6fnle\">\u0420\u0435\u0433\u0438\u0441\u0442\u0440\u0430\u0446\u0438\u044f \u043e\u0442\u043a\u0440\u044b\u0432\u0430\u0435\u0442\u0441\u044f:<br \/>\n\u0414\u043b\u044f \u0443\u0447\u0430\u0441\u0442\u043d\u0438\u043a\u043e\u0432 \u0438\u0437 \u0422\u0430\u0440\u0442\u0443 \u0441 12.05.2022<br \/>\n\u0434\u043b\u044f \u0432\u0441\u0435\u0445 \u0443\u0447\u0430\u0441\u0442\u043d\u0438\u043a\u043e\u0432 \u0441 16.2022<br \/>\n\u041e\u043a\u043e\u043d\u0447\u0430\u043d\u0438\u0435 \u0440\u0435\u0433\u0438\u0441\u0442\u0440\u0430\u0446\u0438\u0438 8 \u0438\u044e\u043d\u044f \u0438\u043b\u0438 \u043f\u0440\u0438 \u0437\u0430\u043f\u043e\u043b\u043d\u0435\u043d\u0438\u0438 \u0432\u0441\u0435\u0445 \u043c\u0435\u0441\u0442 ( 30 x 2 \u0441\u0442\u0430\u0440\u0442\u0430 \u0438\u043b\u0438 30 \u0443\u0447\u0430\u0441\u0442\u043d\u0438\u043a\u043e\u0432. R\u041a eeskiri \u043f\u0443\u043d\u043a\u0442 4.2).<\/div>\n<div class=\"cxmmr5t8 oygrvhab hcukyx3x c1et5uql o9v6fnle\">\u0420\u0435\u0433\u0438\u0441\u0442\u0440\u0430\u0446\u0438\u044f: (\u0441\u043c. \u0440\u0435\u0433\u0438\u0441\u0442\u0440\u0430\u0446\u0438\u043e\u043d\u043d\u0443\u044e \u0444\u043e\u0440\u043c\u0443)<br \/>\n<a class=\"oajrlxb2 g5ia77u1 qu0x051f esr5mh6w e9989ue4 r7d6kgcz rq0escxv nhd2j8a9 nc684nl6 p7hjln8o kvgmc6g5 cxmmr5t8 oygrvhab hcukyx3x jb3vyjys rz4wbd8a qt6c0cv9 a8nywdso i1ao9s8h esuyzwwr f1sip0of lzcic4wl gpro0wi8 py34i1dx\" tabindex=\"0\" role=\"link\" href=\"https:\/\/docs.google.com\/forms\/d\/1GAxvxOPPIgvjbZGa-KMY8yGi1bM6EaoG45zy6IHGc9Q\/edit?fbclid=IwAR3bzmUdmjSwDj-sAfRQlmHaWATQfeHlPN1e3olo582ACFgglDYLSVjNL4g\" target=\"_blank\" rel=\"nofollow noopener\">https:\/\/docs.google.com\/...\/1GAxvxOPPIgvjbZGa...\/edit<\/a><br \/>\n\u041f\u043e\u0441\u043b\u0435 \u0437\u0430\u043f\u043e\u043b\u043d\u0435\u043d\u0438\u044f \u0440\u0435\u0433\u0438\u0441\u0442\u0440\u0430\u0446\u0438\u043e\u043d\u043d\u043e\u0439 \u0444\u043e\u0440\u043c\u044b \u0443\u0447\u0430\u0441\u0442\u043d\u0438\u043a\u0443 \u0431\u0443\u0434\u0435\u0442 \u043e\u0442\u043f\u0440\u0430\u0432\u043b\u0435\u043d\u043e \u043f\u0438\u0441\u044c\u043c\u043e-\u043f\u043e\u0434\u0442\u0432\u0435\u0440\u0436\u0434\u0435\u043d\u0438\u0435 \u0438 \u041e\u041f\u041b\u0410\u0422\u0410 \u0423\u0427\u0410\u0421\u0422\u0418\u042f \u0431\u0443\u0434\u0435\u0442 \u043f\u0440\u043e\u0438\u0437\u0432\u0435\u0434\u0435\u043d\u0430 \u043f\u043e \u0444\u0430\u043a\u0442\u0443 \u043f\u043e\u043b\u0443\u0447\u0435\u043d\u0438\u044f \u043f\u0438\u0441\u044c\u043c\u0430-\u043f\u043e\u0434\u0442\u0432\u0435\u0440\u0436\u0434\u0435\u043d\u0438\u044f. \u0421\u0420\u041e\u041a \u041e\u041f\u041b\u0410\u0422\u042b 1 \u0414\u0415\u041d\u042c.<\/div>\n<div class=\"cxmmr5t8 oygrvhab hcukyx3x c1et5uql o9v6fnle\">\u0418\u043d\u0444\u043e\u0440\u043c\u0430\u0446\u0438\u044f: Jana Petrov, Viktoria Kolotsei (tartutrennid@gmail.com)<\/div>\n<div class=\"cxmmr5t8 oygrvhab hcukyx3x c1et5uql o9v6fnle\">\u041a\u043b\u0430\u0441\u0441\u044b \u0441\u043e\u0440\u0435\u0432\u043d\u043e\u0432\u0430\u043d\u0438\u0439:<br \/>\nR\u041a-1, R\u041a-2, R\u041a-3, R\u041a-4, R\u041a-V (\u043a\u043b\u0430\u0441\u0441 \u0432\u0435\u0442\u0435\u0440\u0430\u043d\u043e\u0432)<\/div>\n<div class=\"cxmmr5t8 oygrvhab hcukyx3x c1et5uql o9v6fnle\">\u0421 \u043f\u0440\u0430\u0432\u0438\u043b\u0430\u043c\u0438 \u0443\u0447\u0430\u0441\u0442\u0438\u044f \u0432 \u043c\u0438\u0442\u0438\u043d\u0433\u0435 \u043c\u043e\u0436\u043d\u043e \u043e\u0437\u043d\u0430\u043a\u043e\u043c\u0438\u0442\u044c\u0441\u044f \u0437\u0434\u0435\u0441\u044c:\u00a0<a class=\"oajrlxb2 g5ia77u1 qu0x051f esr5mh6w e9989ue4 r7d6kgcz rq0escxv nhd2j8a9 nc684nl6 p7hjln8o kvgmc6g5 cxmmr5t8 oygrvhab hcukyx3x jb3vyjys rz4wbd8a qt6c0cv9 a8nywdso i1ao9s8h esuyzwwr f1sip0of lzcic4wl gpro0wi8 py34i1dx\" tabindex=\"0\" role=\"link\" href=\"http:\/\/kennelliit.ee\/...\/upl...\/2018\/12\/Eesti-ralli-2018.pdf?fbclid=IwAR0hqJ9sQiTO9n9oIBRKjZ47OohrEJc_h9oNtCM1Ual7lC1xlR1mghaf6LQ\" target=\"_blank\" rel=\"nofollow noopener\">http:\/\/kennelliit.ee\/...\/upl...\/2018\/12\/Eesti-ralli-2018.pdf<\/a><\/div>\n<div class=\"cxmmr5t8 oygrvhab hcukyx3x c1et5uql o9v6fnle\">\u041f\u043b\u0430\u0442\u0430 \u0437\u0430 \u0443\u0447\u0430\u0441\u0442\u0438\u0435:<br \/>\n\u0414\u0432\u0435 \u0442\u0440\u0430\u0441\u0441\u044b: 30 \u0435\u0432\u0440\u043e<\/div>\n<div class=\"cxmmr5t8 oygrvhab hcukyx3x c1et5uql o9v6fnle\">\u041e\u043f\u043b\u0430\u0442\u0430:<br \/>\nMT\u00dc Tartu Trennid;<br \/>\n\u0420\u0430\u0441\u0447\u0435\u0442\u043d\u044b\u0439 \u0441\u0447\u0435\u0442 EE511010220274421227<br \/>\n\u041e\u043f\u0438\u0441\u0430\u043d\u0438\u0435 \u043f\u043b\u0430\u0442\u0435\u0436\u0430: \u0438\u043c\u044f \u0441\u043e\u0431\u0430\u043a\u0438, \u043a\u043b\u0430\u0441\u0441<\/div>\n<div class=\"cxmmr5t8 oygrvhab hcukyx3x c1et5uql o9v6fnle\">\u0411\u043e\u043b\u0435\u0435 \u043f\u043e\u0434\u0440\u043e\u0431\u043d\u043e\u0435 \u0440\u0430\u0441\u043f\u0438\u0441\u0430\u043d\u0438\u0435 \u0431\u0443\u0434\u0435\u0442 \u043e\u0431\u044a\u044f\u0432\u043b\u0435\u043d\u043e \u043f\u043e\u0441\u043b\u0435 \u0437\u0430\u0432\u0435\u0440\u0448\u0435\u043d\u0438\u044f \u0440\u0435\u0433\u0438\u0441\u0442\u0440\u0430\u0446\u0438\u0438.<\/div>\n<div class=\"cxmmr5t8 oygrvhab hcukyx3x c1et5uql o9v6fnle\">\u041e\u0431\u0440\u0430\u0442\u0438\u0442\u0435 \u0432\u043d\u0438\u043c\u0430\u043d\u0438\u0435!<br \/>\n\u041c\u044b \u0441\u043e\u0431\u043b\u044e\u0434\u0430\u0435\u043c \u043e\u0433\u0440\u0430\u043d\u0438\u0447\u0435\u043d\u0438\u044f, \u0443\u0441\u0442\u0430\u043d\u043e\u0432\u043b\u0435\u043d\u043d\u044b\u0435 \u041f\u0440\u0430\u0432\u0438\u0442\u0435\u043b\u044c\u0441\u0442\u0432\u043e\u043c \u042d\u0441\u0442\u043e\u043d\u0441\u043a\u043e\u0439 \u0420\u0435\u0441\u043f\u0443\u0431\u043b\u0438\u043a\u0438, \u0438 \u0434\u0435\u0439\u0441\u0442\u0432\u0443\u0435\u043c \u0432 \u0441\u043e\u043e\u0442\u0432\u0435\u0442\u0441\u0442\u0432\u0438\u0438 \u0441 \u0434\u0430\u043d\u043d\u044b\u043c\u0438 \u0438\u043d\u0441\u0442\u0440\u0443\u043a\u0446\u0438\u044f\u043c\u0438.<br \/>\n\u0412\u0441\u0435 \u0441\u043e\u0431\u0430\u043a\u0438, \u0443\u0447\u0430\u0441\u0442\u0432\u0443\u044e\u0449\u0438\u0435 \u0432 \u044d\u043a\u0437\u0430\u043c\u0435\u043d\u0435 \u0434\u043e\u043b\u0436\u043d\u044b \u0431\u044b\u0442\u044c \u043f\u0440\u0438\u0432\u0438\u0442\u044b \u043f\u043e \u0432\u0435\u0442\u0435\u0440\u0438\u043d\u0430\u0440\u043d\u044b\u043c \u043d\u043e\u0440\u043c\u0430\u043c \u042d\u0420.<br \/>\n\u0423 \u043e\u0440\u0433\u0430\u043d\u0438\u0437\u0430\u0442\u043e\u0440\u043e\u0432 \u0435\u0441\u0442\u044c \u043f\u0440\u0430\u0432\u043e \u043e\u0433\u0440\u0430\u043d\u0438\u0447\u0438\u0442\u044c \u043a\u043e\u043b\u0438\u0447\u0435\u0441\u0442\u0432\u043e \u0443\u0447\u0430\u0441\u0442\u043d\u0438\u043a\u043e\u0432.<br \/>\n\u0412 \u0441\u043b\u0443\u0447\u0430\u0435 \u043d\u0435\u0443\u0447\u0430\u0441\u0442\u0438\u044f \u0432\u0437\u043d\u043e\u0441 \u0437\u0430 \u0440\u0435\u0433\u0438\u0441\u0442\u0440\u0430\u0446\u0438\u044e \u043d\u0435 \u0432\u043e\u0437\u0432\u0440\u0430\u0449\u0430\u0435\u0442\u0441\u044f.<\/div>\n<\/div>\n<\/div><\/div><\/div><\/div><\/div>","protected":false},"excerpt":{"rendered":"<p>Kohtunik: Anu Oks Peakorraldaja : Jana Petrov Toimumiskoht: Tartu, Ilmatsalu Registreerimine avatakse: Tartu rallitajatele alates 12.05.2022 ja teistele alates .19.05.2022 Registreerimise l\u00f5pp 06.juunil v\u00f5i kohtade t\u00e4itumisel (30 x 2 starti ehk 30 osalejat. RK eeskiri p 4.2). Registreerimine : (vt. &hellip; <a class=\"kt-excerpt-readmore\" href=\"https:\/\/tartutrennid.ee\/et\/12-06-2022-rallikuulekus-eksam-korraldaja-tartu-trennid\/\" aria-label=\"12.06.2022 RALLIKUULEKUS EKSAM (korraldaja: Tartu Trennid)\">\u0427\u0438\u0442\u0430\u0442\u044c \u0434\u0430\u043b\u0435\u0435<\/a><\/p>\n","protected":false},"author":1,"featured_media":0,"parent":0,"menu_order":0,"comment_status":"closed","ping_status":"closed","template":"page-fullwidth.php","meta":{"kt_blocks_editor_width":"","footnotes":""},"_links":{"self":[{"href":"https:\/\/tartutrennid.ee\/et\/wp-json\/wp\/v2\/pages\/2853"}],"collection":[{"href":"https:\/\/tartutrennid.ee\/et\/wp-json\/wp\/v2\/pages"}],"about":[{"href":"https:\/\/tartutrennid.ee\/et\/wp-json\/wp\/v2\/types\/page"}],"author":[{"embeddable":true,"href":"https:\/\/tartutrennid.ee\/et\/wp-json\/wp\/v2\/users\/1"}],"replies":[{"embeddable":true,"href":"https:\/\/tartutrennid.ee\/et\/wp-json\/wp\/v2\/comments?post=2853"}],"version-history":[{"count":13,"href":"https:\/\/tartutrennid.ee\/et\/wp-json\/wp\/v2\/pages\/2853\/revisions"}],"predecessor-version":[{"id":2878,"href":"https:\/\/tartutrennid.ee\/et\/wp-json\/wp\/v2\/pages\/2853\/revisions\/2878"}],"wp:attachment":[{"href":"https:\/\/tartutrennid.ee\/et\/wp-json\/wp\/v2\/media?parent=2853"}],"curies":[{"name":"wp","href":"https:\/\/api.w.org\/{rel}","templated":true}]}}