{"id":2828,"date":"2022-06-15T19:23:09","date_gmt":"2022-06-15T19:23:09","guid":{"rendered":"https:\/\/tartutrennid.ee\/?page_id=2828"},"modified":"2023-03-27T23:21:06","modified_gmt":"2023-03-27T23:21:06","slug":"05-03-2022-rallikuulekuse-rally-obedience-praktiline-seminar","status":"publish","type":"page","link":"https:\/\/tartutrennid.ee\/et\/05-03-2022-rallikuulekuse-rally-obedience-praktiline-seminar\/","title":{"rendered":"05.03.2022 RALLIKUULEKUSE ( RALLY OBEDIENCE) PRAKTILINE SEMINAR"},"content":{"rendered":"<div id=\"pl-2828\"  class=\"panel-layout\" ><div id=\"pg-2828-0\"  class=\"panel-grid panel-no-style\" ><div id=\"pgc-2828-0-0\"  class=\"panel-grid-cell\" ><div id=\"panel-2828-0-0-0\" class=\"so-panel widget widget_sow-image panel-first-child\" data-index=\"0\" ><div\n\t\t\t\n\t\t\tclass=\"so-widget-sow-image so-widget-sow-image-default-8b5b6f678277-2828\"\n\t\t\t\n\t\t>\n<div class=\"sow-image-container\">\n\t\t<img \n\tsrc=\"https:\/\/tartutrennid.ee\/wp-content\/uploads\/2022\/06\/274310610_5100147393369403_259825982867552416_n.jpg\" width=\"1095\" height=\"636\" srcset=\"https:\/\/tartutrennid.ee\/wp-content\/uploads\/2022\/06\/274310610_5100147393369403_259825982867552416_n.jpg 1095w, https:\/\/tartutrennid.ee\/wp-content\/uploads\/2022\/06\/274310610_5100147393369403_259825982867552416_n-300x174.jpg 300w, https:\/\/tartutrennid.ee\/wp-content\/uploads\/2022\/06\/274310610_5100147393369403_259825982867552416_n-1024x595.jpg 1024w, https:\/\/tartutrennid.ee\/wp-content\/uploads\/2022\/06\/274310610_5100147393369403_259825982867552416_n-768x446.jpg 768w\" sizes=\"(max-width: 1095px) 100vw, 1095px\" alt=\"\" \t\tclass=\"so-widget-image\"\/>\n\t<\/div>\n\n<\/div><\/div><div id=\"panel-2828-0-0-1\" class=\"so-panel widget widget_sow-image panel-last-child\" data-index=\"1\" ><div\n\t\t\t\n\t\t\tclass=\"so-widget-sow-image so-widget-sow-image-default-8b5b6f678277-2828\"\n\t\t\t\n\t\t>\n<div class=\"sow-image-container\">\n\t\t<img \n\tsrc=\"https:\/\/tartutrennid.ee\/wp-content\/uploads\/2022\/06\/273986928_4746345848820685_1327982309576155061_n.jpg\" width=\"690\" height=\"960\" srcset=\"https:\/\/tartutrennid.ee\/wp-content\/uploads\/2022\/06\/273986928_4746345848820685_1327982309576155061_n.jpg 690w, https:\/\/tartutrennid.ee\/wp-content\/uploads\/2022\/06\/273986928_4746345848820685_1327982309576155061_n-216x300.jpg 216w\" sizes=\"(max-width: 690px) 100vw, 690px\" alt=\"\" \t\tclass=\"so-widget-image\"\/>\n\t<\/div>\n\n<\/div><\/div><\/div><div id=\"pgc-2828-0-1\"  class=\"panel-grid-cell\" ><div id=\"panel-2828-0-1-0\" class=\"so-panel widget widget_sow-editor panel-first-child\" data-index=\"2\" ><div\n\t\t\t\n\t\t\tclass=\"so-widget-sow-editor so-widget-sow-editor-base\"\n\t\t\t\n\t\t>\n<div class=\"siteorigin-widget-tinymce textwidget\">\n\t<div class=\"tds-message-box box-note \"><a href=\"https:\/\/www.facebook.com\/events\/273478108257075\/?acontext=%7B%22event_action_history%22%3A[%7B%22surface%22%3A%22group%22%7D]%7D\">FB LEHT<\/a><\/div>\n<\/div>\n<\/div><\/div><div id=\"panel-2828-0-1-1\" class=\"so-panel widget widget_sow-editor panel-last-child\" data-index=\"3\" ><div\n\t\t\t\n\t\t\tclass=\"so-widget-sow-editor so-widget-sow-editor-base\"\n\t\t\t\n\t\t>\n<div class=\"siteorigin-widget-tinymce textwidget\">\n\t<div class=\"kvgmc6g5 cxmmr5t8 oygrvhab hcukyx3x c1et5uql\"><div class=\"tds-message-box box-warning \">Rally Obedience (RALLIKUULEKUS) Praktiline seminar Tartus!!!!<\/div><\/div>\n<div><\/div>\n<div class=\"cxmmr5t8 oygrvhab hcukyx3x c1et5uql o9v6fnle\">Millal: 5-6.03.2022<\/div>\n<div class=\"cxmmr5t8 oygrvhab hcukyx3x c1et5uql o9v6fnle\">Kus: Tartus , Ilmatsalus<\/div>\n<div class=\"cxmmr5t8 oygrvhab hcukyx3x c1et5uql o9v6fnle\">Seminar loeng toimub laup\u00e4eval 5.03.22 algusega kell 18.00 aadressil: Saekoja 36a, Tartu 50107 (MT\u00dc L\u00f5una- Eesti Koerakeskus)<\/div>\n<div class=\"cxmmr5t8 oygrvhab hcukyx3x c1et5uql o9v6fnle\">Praktiline osa (treening) toimub 6.03.2022 alates kell 10.00 aadressil: J\u00e4rve tee 15,Ilmatsalu,Tartu maakond 61401<\/div>\n<div class=\"cxmmr5t8 oygrvhab hcukyx3x c1et5uql o9v6fnle\">Grupitrennide ajad pannakse v\u00e4lja hiljem.<\/div>\n<div class=\"cxmmr5t8 oygrvhab hcukyx3x c1et5uql o9v6fnle\">Organisaator: MT\u00dc Tartu Trennid<\/div>\n<div class=\"cxmmr5t8 oygrvhab hcukyx3x c1et5uql o9v6fnle\">Lektor: Anu Oks ( rallikuulekuse kohtunik, treener)<\/div>\n<div class=\"cxmmr5t8 oygrvhab hcukyx3x c1et5uql o9v6fnle\">Ainulaadne, esmakordne ja unikaalne rallikuulekuse seminar Tartus, tutvustatakse rallikuulekust kui spordiala. Rallikuulekus \u00fchendab endas kuulekust, agilityt ja tantsuelemente, kus hinnatakse just kontakti koera ja koerajuhi vahel.<\/div>\n<div class=\"cxmmr5t8 oygrvhab hcukyx3x c1et5uql o9v6fnle\">Keda oodatakse seminarile: Ootame v\u00e4ga k\u00f5iki, kes tahavad tegeleda oma koeraga , avastada oma koera v\u00f5imeid. Koeraspordi huvilised ja v\u00f5istlejad. Ootame treenereid, kes soovivad saada uusi metoodikad \u00f5petamisel.<\/div>\n<div class=\"cxmmr5t8 oygrvhab hcukyx3x c1et5uql o9v6fnle\"><\/div>\n<div class=\"cxmmr5t8 oygrvhab hcukyx3x c1et5uql o9v6fnle\">Mida oodata: alguses tuleb v\u00e4ike 1,5-2 tunnine loeng, sissejuhatus. Kus saame vastused sellistele k\u00fcsimustele:<\/div>\n<div class=\"cxmmr5t8 oygrvhab hcukyx3x c1et5uql o9v6fnle\">Mis on rallikuulekus?<\/div>\n<div class=\"cxmmr5t8 oygrvhab hcukyx3x c1et5uql o9v6fnle\">Millisele koerale selline sport sobib?<\/div>\n<div class=\"cxmmr5t8 oygrvhab hcukyx3x c1et5uql o9v6fnle\">Millised on Eesti rallikuulekuse reeglid?<\/div>\n<div class=\"cxmmr5t8 oygrvhab hcukyx3x c1et5uql o9v6fnle\">Millised on \u00f5petamise metoodikad?<\/div>\n<div class=\"cxmmr5t8 oygrvhab hcukyx3x c1et5uql o9v6fnle\">Kuidas saab koolitada spordikoera?<\/div>\n<div class=\"cxmmr5t8 oygrvhab hcukyx3x c1et5uql o9v6fnle\">Ja palju- palju muud huvitavat!<\/div>\n<div class=\"cxmmr5t8 oygrvhab hcukyx3x c1et5uql o9v6fnle\">Ja KINDLASTI saame ka omandatud teadmisi proovida praktikas!! Anu Oksa juhendamise all, saame proovida erinevate raskusastmetega rallikuulekuse radade l\u00e4bimist. K\u00f5ik osalejad jagatakse gruppideks koerte suuruste ja nende oskuste j\u00e4rgi. Grupis umbes 7 koera. Grupitrenn koertega kestab 1-1,5 tundi ( s\u00f5ltub koera oskusest. Algajatele trenn toimub 1 tund ehk 60 minutit. Edasij\u00f5udnutele, sportlastele ja treeneritele- 1,5 tundi ehk 90 minutit).<br \/>\nNeed osalejad , kellel trenn l\u00f5ppenud , saavad j\u00e4lgida teiste gruppide trenne ilma koerata.<\/div>\n<div class=\"cxmmr5t8 oygrvhab hcukyx3x c1et5uql o9v6fnle\">Peale registreerimist saadetakse k\u00f5ikidele osalejatele seminari materjalid e-postile.<\/div>\n<div class=\"cxmmr5t8 oygrvhab hcukyx3x c1et5uql o9v6fnle\"><\/div>\n<div class=\"cxmmr5t8 oygrvhab hcukyx3x c1et5uql o9v6fnle\">Osalemistasu KOOS KOERAGA: 35 eur<br \/>\nOsalemistasu ILMA KOERATA: 25 eur<\/div>\n<div class=\"cxmmr5t8 oygrvhab hcukyx3x c1et5uql o9v6fnle\">Registreerimiseaeg: 7.02-1.03.2022 kell 00:59<\/div>\n<div class=\"cxmmr5t8 oygrvhab hcukyx3x c1et5uql o9v6fnle\">REGISTREERIMISVORM:<br \/>\n<a class=\"oajrlxb2 g5ia77u1 qu0x051f esr5mh6w e9989ue4 r7d6kgcz rq0escxv nhd2j8a9 nc684nl6 p7hjln8o kvgmc6g5 cxmmr5t8 oygrvhab hcukyx3x jb3vyjys rz4wbd8a qt6c0cv9 a8nywdso i1ao9s8h esuyzwwr f1sip0of lzcic4wl gpro0wi8 py34i1dx\" tabindex=\"0\" role=\"link\" href=\"https:\/\/docs.google.com\/forms\/d\/1wkbMiRsCzIUB1Pq4xJ2-v-IYHoj5kc1Mr9bm1RR3yVY\/edit?fbclid=IwAR1JekdP5oLo4c-Zv8NuIx0PmpGoix2_U_3o91m82ZO69RLpbXgRyG3rt4k\" target=\"_blank\" rel=\"nofollow noopener\">https:\/\/docs.google.com\/...\/1wkbMiRsCzIUB1Pq4xJ2-v...\/edit<\/a><\/div>\n<\/div>\n<\/div><\/div><\/div><\/div><\/div>","protected":false},"excerpt":{"rendered":"<p>Millal: 5-6.03.2022 Kus: Tartus , Ilmatsalus Seminar loeng toimub laup\u00e4eval 5.03.22 algusega kell 18.00 aadressil: Saekoja 36a, Tartu 50107 (MT\u00dc L\u00f5una- Eesti Koerakeskus) Praktiline osa (treening) toimub 6.03.2022 alates kell 10.00 aadressil: J\u00e4rve tee 15,Ilmatsalu,Tartu maakond 61401 Grupitrennide ajad pannakse &hellip; <a class=\"kt-excerpt-readmore\" href=\"https:\/\/tartutrennid.ee\/et\/05-03-2022-rallikuulekuse-rally-obedience-praktiline-seminar\/\" aria-label=\"05.03.2022 RALLIKUULEKUSE ( RALLY OBEDIENCE) PRAKTILINE SEMINAR\">\u0427\u0438\u0442\u0430\u0442\u044c \u0434\u0430\u043b\u0435\u0435<\/a><\/p>\n","protected":false},"author":1,"featured_media":0,"parent":0,"menu_order":0,"comment_status":"closed","ping_status":"closed","template":"page-fullwidth.php","meta":{"kt_blocks_editor_width":"","footnotes":""},"_links":{"self":[{"href":"https:\/\/tartutrennid.ee\/et\/wp-json\/wp\/v2\/pages\/2828"}],"collection":[{"href":"https:\/\/tartutrennid.ee\/et\/wp-json\/wp\/v2\/pages"}],"about":[{"href":"https:\/\/tartutrennid.ee\/et\/wp-json\/wp\/v2\/types\/page"}],"author":[{"embeddable":true,"href":"https:\/\/tartutrennid.ee\/et\/wp-json\/wp\/v2\/users\/1"}],"replies":[{"embeddable":true,"href":"https:\/\/tartutrennid.ee\/et\/wp-json\/wp\/v2\/comments?post=2828"}],"version-history":[{"count":16,"href":"https:\/\/tartutrennid.ee\/et\/wp-json\/wp\/v2\/pages\/2828\/revisions"}],"predecessor-version":[{"id":3080,"href":"https:\/\/tartutrennid.ee\/et\/wp-json\/wp\/v2\/pages\/2828\/revisions\/3080"}],"wp:attachment":[{"href":"https:\/\/tartutrennid.ee\/et\/wp-json\/wp\/v2\/media?parent=2828"}],"curies":[{"name":"wp","href":"https:\/\/api.w.org\/{rel}","templated":true}]}}