{"id":2696,"date":"2021-05-07T18:26:44","date_gmt":"2021-05-07T18:26:44","guid":{"rendered":"https:\/\/tartutrennid.ee\/?page_id=2696"},"modified":"2021-05-07T18:45:59","modified_gmt":"2021-05-07T18:45:59","slug":"match-show-reeglid-%d0%bf%d1%80%d0%b0%d0%b2%d0%b8%d0%bb%d0%b0","status":"publish","type":"page","link":"https:\/\/tartutrennid.ee\/et\/et\/match-show-reeglid-%d0%bf%d1%80%d0%b0%d0%b2%d0%b8%d0%bb%d0%b0\/","title":{"rendered":"Match show reeglid\/\u043f\u0440\u0430\u0432\u0438\u043b\u0430"},"content":{"rendered":"<div id=\"pl-2696\"  class=\"panel-layout\" ><div id=\"pg-2696-0\"  class=\"panel-grid panel-no-style\" ><div id=\"pgc-2696-0-0\"  class=\"panel-grid-cell\" ><div id=\"panel-2696-0-0-0\" class=\"so-panel widget widget_sow-editor panel-first-child panel-last-child\" data-index=\"0\" ><div\n\t\t\t\n\t\t\tclass=\"so-widget-sow-editor so-widget-sow-editor-base\"\n\t\t\t\n\t\t>\n<div class=\"siteorigin-widget-tinymce textwidget\">\n\t<p style=\"text-align: center;\">\t\t\t<i class=\"icon-trophy kad-circle-iconclass\" style=\"font-size:70px; display:inline-block; color:#f4f4f4; background:#f47a29;\t\t\t\"><\/i>\n\t\t\t\t<\/p>\n<p>&nbsp;<\/p>\n<p style=\"text-align: center;\">REEGLID:<\/p>\n<p style=\"text-align: justify;\"><div class=\"ads-custom-box custom-box \" style=\"padding: 2.2rem 2.2rem;\"><div class=\"ads-custom-box-content\"><\/p>\n<p style=\"text-align: justify;\">MATCH SHOW on mitteametlik koerten\u00e4itus.<\/p>\n<p style=\"text-align: justify;\">Erinevus ametliku koeran\u00e4itusega on see, et koerad tulevad ringi kahekaupa ja saavad kohtunikult punase v\u00f5i sinise paela.<\/p>\n<p style=\"text-align: justify;\">P\u00e4rast seda koerad jaotatakse kaheks grupiks, kes saavad punased paelad, v\u00f5istlevad omavahel ja kes saavad sinised paelad v\u00f5istlevad omavahel Igas ringis valitakse kolm esimest kohta.<\/p>\n<p style=\"text-align: justify;\"><\/div><\/div><\/p>\n<\/div>\n<\/div><\/div><\/div><div id=\"pgc-2696-0-1\"  class=\"panel-grid-cell\" ><div id=\"panel-2696-0-1-0\" class=\"so-panel widget widget_sow-editor panel-first-child panel-last-child\" data-index=\"1\" ><div\n\t\t\t\n\t\t\tclass=\"so-widget-sow-editor so-widget-sow-editor-base\"\n\t\t\t\n\t\t>\n<div class=\"siteorigin-widget-tinymce textwidget\">\n\t<p style=\"text-align: center;\">\t\t\t<i class=\"icon-trophy kad-circle-iconclass\" style=\"font-size:70px; display:inline-block; color:#f4f4f4; background:#f47a29;\t\t\t\"><\/i>\n\t\t\t\t<\/p>\n<p>&nbsp;<\/p>\n<p style=\"text-align: center;\">\u041f\u0420\u0410\u0412\u0418\u041b\u0410:<\/p>\n<p style=\"text-align: justify;\"><div class=\"ads-custom-box custom-box \" style=\"padding: 2.2rem 2.2rem;\"><div class=\"ads-custom-box-content\"><\/p>\n<p style=\"text-align: justify;\">MATCH SHOW \u043d\u0435\u043e\u0444\u0438\u0446\u0438\u0430\u043b\u044c\u043d\u0430\u044f \u0432\u044b\u0441\u0442\u0430\u0432\u043a\u0430 \u0441\u043e\u0431\u0430\u043a.<\/p>\n<p>\u041e\u0442\u043b\u0438\u0447\u0438\u0435 \u043e\u0442 \u043e\u0444\u0438\u0446\u0438\u0430\u043b\u044c\u043d\u043e\u0438\u0306 \u0432\u044b\u0441\u0442\u0430\u0432\u043a\u0438 \u0441\u043e\u0431\u0430\u043a \u0441\u043e\u0441\u0442\u043e\u0438\u0442 \u0432 \u0442\u043e\u043c, \u0447\u0442\u043e \u0441\u043e\u0431\u0430\u043a\u0438 \u0432\u044b\u0441\u0442\u0443\u043f\u0430\u044e\u0442 \u043f\u0430\u0440\u0430\u043c\u0438 \u0438 \u043f\u043e\u043b\u0443\u0447\u0430\u044e\u0442 \u043e\u0442 \u0441\u0443\u0434\u044c\u0438 \u043a\u0440\u0430\u0441\u043d\u0443\u044e \u0438\u043b\u0438 \u0441\u0438\u043d\u044e\u044e \u043b\u0435\u043d\u0442\u0443.<\/p>\n<p>\u0417\u0430\u0442\u0435\u043c \u0441\u043e\u0431\u0430\u043a\u0438 \u0434\u0435\u043b\u044f\u0442\u0441\u044f \u043d\u0430 \u0434\u0432\u0435 \u0433\u0440\u0443\u043f\u043f\u044b, \u0432 \u043e\u0434\u043d\u043e\u0438\u0306 \u0433\u0440\u0443\u043f\u043f\u0435 \u0441\u043e\u0431\u0430\u043a\u0438 \u043f\u043e\u043b\u0443\u0447\u0438\u0432\u0448\u0438\u0435 \u043a\u0440\u0430\u0441\u043d\u044b\u0435 \u043b\u0435\u043d\u0442\u044b, \u0432 \u0434\u0440\u0443\u0433\u043e\u0438\u0306 \u0441\u043e\u0431\u0430\u043a\u0438 \u043f\u043e\u043b\u0443\u0447\u0438\u0432\u0448\u0438\u0435 \u0441\u0438\u043d\u0438\u0435 \u043b\u0435\u043d\u0442\u044b!<br \/>\n\u0412 \u0440\u0438\u043d\u0433 \u0432\u044b\u0437\u044b\u0432\u0430\u044e\u0442\u0441\u044f \u0432\u0441\u0435 \u0441\u043e\u0431\u0430\u043a\u0438 \u043e\u0431\u043b\u0430\u0434\u0430\u0442\u0435\u043b\u0438 \u043a\u0440\u0430\u0441\u043d\u044b\u0445 \u043b\u0435\u043d\u0442 \u0438 \u0441\u0443\u0434\u044c\u044f \u0434\u0435\u043b\u0430\u0435\u0442 \u0441\u0440\u0435\u0434\u0438 \u043d\u0438\u0445 \u0432\u044b\u0431\u043e\u0440 3 \u043b\u0443\u0447\u0448\u0438\u0445, \u0437\u0430\u0442\u0435\u043c \u0441\u0438\u043d\u0438\u0445 - 3 \u043b\u0443\u0447\u0448\u0438\u0445.<br \/>\n\u0442\u0430\u043a\u0438\u043c \u043e\u0431\u0440\u0430\u0437\u043e\u043c \u0438\u0437 \u043a\u0430\u0436\u0434\u043e\u0433\u043e \u043a\u043b\u0430\u0441\u0441\u0430 \u0432\u044b\u0431\u0438\u0440\u0430\u044e\u0442\u0441\u044f \u0442\u0440\u0438 \u043b\u0443\u0447\u0448\u0438\u0445 \u0443\u0447\u0430\u0441\u0442\u043d\u0438\u043a\u0430 Match Show<\/p>\n<p style=\"text-align: justify;\"><\/div><\/div><\/p>\n<\/div>\n<\/div><\/div><\/div><\/div><\/div>","protected":false},"excerpt":{"rendered":"<p>&nbsp; REEGLID: &nbsp; \u041f\u0420\u0410\u0412\u0418\u041b\u0410:<\/p>\n","protected":false},"author":1,"featured_media":0,"parent":0,"menu_order":0,"comment_status":"closed","ping_status":"closed","template":"page-fullwidth.php","meta":{"kt_blocks_editor_width":"","footnotes":""},"_links":{"self":[{"href":"https:\/\/tartutrennid.ee\/et\/wp-json\/wp\/v2\/pages\/2696"}],"collection":[{"href":"https:\/\/tartutrennid.ee\/et\/wp-json\/wp\/v2\/pages"}],"about":[{"href":"https:\/\/tartutrennid.ee\/et\/wp-json\/wp\/v2\/types\/page"}],"author":[{"embeddable":true,"href":"https:\/\/tartutrennid.ee\/et\/wp-json\/wp\/v2\/users\/1"}],"replies":[{"embeddable":true,"href":"https:\/\/tartutrennid.ee\/et\/wp-json\/wp\/v2\/comments?post=2696"}],"version-history":[{"count":14,"href":"https:\/\/tartutrennid.ee\/et\/wp-json\/wp\/v2\/pages\/2696\/revisions"}],"predecessor-version":[{"id":2710,"href":"https:\/\/tartutrennid.ee\/et\/wp-json\/wp\/v2\/pages\/2696\/revisions\/2710"}],"wp:attachment":[{"href":"https:\/\/tartutrennid.ee\/et\/wp-json\/wp\/v2\/media?parent=2696"}],"curies":[{"name":"wp","href":"https:\/\/api.w.org\/{rel}","templated":true}]}}