{"id":2643,"date":"2021-05-06T08:36:45","date_gmt":"2021-05-06T08:36:45","guid":{"rendered":"https:\/\/tartutrennid.ee\/?page_id=2643"},"modified":"2021-06-02T12:17:57","modified_gmt":"2021-06-02T12:17:57","slug":"05-06-2021-ilmatsalu-match-show-%d0%b8-%d0%bd%d0%b5%d0%be%d1%84%d0%b8%d1%86%d0%b8%d0%b0%d0%bb%d1%8c%d0%bd%d1%8b%d0%b5-%d1%81%d0%be%d1%80%d0%b5%d0%b2%d0%bd%d0%be%d0%b2%d0%b0%d0%bd%d0%b8%d1%8f-%d0%bf","status":"publish","type":"page","link":"https:\/\/tartutrennid.ee\/et\/05-06-2021-ilmatsalu-match-show-%d0%b8-%d0%bd%d0%b5%d0%be%d1%84%d0%b8%d1%86%d0%b8%d0%b0%d0%bb%d1%8c%d0%bd%d1%8b%d0%b5-%d1%81%d0%be%d1%80%d0%b5%d0%b2%d0%bd%d0%be%d0%b2%d0%b0%d0%bd%d0%b8%d1%8f-%d0%bf\/","title":{"rendered":"05.06.2021 Ilmatsalu Match Dog Show ja Mitteametlik V\u00f5istlus Kuulekuses"},"content":{"rendered":"<div id=\"pl-2643\"  class=\"panel-layout\" ><div id=\"pg-2643-0\"  class=\"panel-grid panel-no-style\" ><div id=\"pgc-2643-0-0\"  class=\"panel-grid-cell\" ><div id=\"panel-2643-0-0-0\" class=\"so-panel widget widget_sow-image panel-first-child\" data-index=\"0\" ><div\n\t\t\t\n\t\t\tclass=\"so-widget-sow-image so-widget-sow-image-default-8b5b6f678277-2643\"\n\t\t\t\n\t\t>\n<div class=\"sow-image-container\">\n\t\t<img \n\tsrc=\"https:\/\/tartutrennid.ee\/wp-content\/uploads\/2021\/06\/42c0537ce8c6cbb99be5c469997913ce-0.jpg\" width=\"1654\" height=\"2339\" srcset=\"https:\/\/tartutrennid.ee\/wp-content\/uploads\/2021\/06\/42c0537ce8c6cbb99be5c469997913ce-0.jpg 1654w, https:\/\/tartutrennid.ee\/wp-content\/uploads\/2021\/06\/42c0537ce8c6cbb99be5c469997913ce-0-212x300.jpg 212w, https:\/\/tartutrennid.ee\/wp-content\/uploads\/2021\/06\/42c0537ce8c6cbb99be5c469997913ce-0-724x1024.jpg 724w, https:\/\/tartutrennid.ee\/wp-content\/uploads\/2021\/06\/42c0537ce8c6cbb99be5c469997913ce-0-768x1086.jpg 768w, https:\/\/tartutrennid.ee\/wp-content\/uploads\/2021\/06\/42c0537ce8c6cbb99be5c469997913ce-0-1086x1536.jpg 1086w, https:\/\/tartutrennid.ee\/wp-content\/uploads\/2021\/06\/42c0537ce8c6cbb99be5c469997913ce-0-1448x2048.jpg 1448w\" sizes=\"(max-width: 1654px) 100vw, 1654px\" alt=\"\" \t\tclass=\"so-widget-image\"\/>\n\t<\/div>\n\n<\/div><\/div><div id=\"panel-2643-0-0-1\" class=\"so-panel widget widget_sow-image\" data-index=\"1\" ><div\n\t\t\t\n\t\t\tclass=\"so-widget-sow-image so-widget-sow-image-default-8b5b6f678277-2643\"\n\t\t\t\n\t\t>\n<div class=\"sow-image-container\">\n\t\t<img \n\tsrc=\"https:\/\/tartutrennid.ee\/wp-content\/uploads\/2021\/06\/42c0537ce8c6cbb99be5c469997913ce-1.jpg\" width=\"1654\" height=\"2339\" srcset=\"https:\/\/tartutrennid.ee\/wp-content\/uploads\/2021\/06\/42c0537ce8c6cbb99be5c469997913ce-1.jpg 1654w, https:\/\/tartutrennid.ee\/wp-content\/uploads\/2021\/06\/42c0537ce8c6cbb99be5c469997913ce-1-212x300.jpg 212w, https:\/\/tartutrennid.ee\/wp-content\/uploads\/2021\/06\/42c0537ce8c6cbb99be5c469997913ce-1-724x1024.jpg 724w, https:\/\/tartutrennid.ee\/wp-content\/uploads\/2021\/06\/42c0537ce8c6cbb99be5c469997913ce-1-768x1086.jpg 768w, https:\/\/tartutrennid.ee\/wp-content\/uploads\/2021\/06\/42c0537ce8c6cbb99be5c469997913ce-1-1086x1536.jpg 1086w, https:\/\/tartutrennid.ee\/wp-content\/uploads\/2021\/06\/42c0537ce8c6cbb99be5c469997913ce-1-1448x2048.jpg 1448w\" sizes=\"(max-width: 1654px) 100vw, 1654px\" alt=\"\" \t\tclass=\"so-widget-image\"\/>\n\t<\/div>\n\n<\/div><\/div><div id=\"panel-2643-0-0-2\" class=\"so-panel widget widget_sow-image\" data-index=\"2\" ><div\n\t\t\t\n\t\t\tclass=\"so-widget-sow-image so-widget-sow-image-default-8b5b6f678277-2643\"\n\t\t\t\n\t\t>\n<div class=\"sow-image-container\">\n\t\t<img \n\tsrc=\"https:\/\/tartutrennid.ee\/wp-content\/uploads\/2021\/06\/2-\u0441\u0442\u0443\u043f\u0435\u043d\u044c.jpg\" width=\"1654\" height=\"2339\" srcset=\"https:\/\/tartutrennid.ee\/wp-content\/uploads\/2021\/06\/2-\u0441\u0442\u0443\u043f\u0435\u043d\u044c.jpg 1654w, https:\/\/tartutrennid.ee\/wp-content\/uploads\/2021\/06\/2-\u0441\u0442\u0443\u043f\u0435\u043d\u044c-212x300.jpg 212w, https:\/\/tartutrennid.ee\/wp-content\/uploads\/2021\/06\/2-\u0441\u0442\u0443\u043f\u0435\u043d\u044c-724x1024.jpg 724w, https:\/\/tartutrennid.ee\/wp-content\/uploads\/2021\/06\/2-\u0441\u0442\u0443\u043f\u0435\u043d\u044c-768x1086.jpg 768w, https:\/\/tartutrennid.ee\/wp-content\/uploads\/2021\/06\/2-\u0441\u0442\u0443\u043f\u0435\u043d\u044c-1086x1536.jpg 1086w, https:\/\/tartutrennid.ee\/wp-content\/uploads\/2021\/06\/2-\u0441\u0442\u0443\u043f\u0435\u043d\u044c-1448x2048.jpg 1448w\" sizes=\"(max-width: 1654px) 100vw, 1654px\" title=\"2 \u0441\u0442\u0443\u043f\u0435\u043d\u044c\" alt=\"\" \t\tclass=\"so-widget-image\"\/>\n\t<\/div>\n\n<\/div><\/div><div id=\"panel-2643-0-0-3\" class=\"so-panel widget widget_sow-image panel-last-child\" data-index=\"3\" ><div\n\t\t\t\n\t\t\tclass=\"so-widget-sow-image so-widget-sow-image-default-8b5b6f678277-2643\"\n\t\t\t\n\t\t>\n<div class=\"sow-image-container\">\n\t\t<img \n\tsrc=\"https:\/\/tartutrennid.ee\/wp-content\/uploads\/2021\/06\/1-aste.jpg\" width=\"1654\" height=\"2339\" srcset=\"https:\/\/tartutrennid.ee\/wp-content\/uploads\/2021\/06\/1-aste.jpg 1654w, https:\/\/tartutrennid.ee\/wp-content\/uploads\/2021\/06\/1-aste-212x300.jpg 212w, https:\/\/tartutrennid.ee\/wp-content\/uploads\/2021\/06\/1-aste-724x1024.jpg 724w, https:\/\/tartutrennid.ee\/wp-content\/uploads\/2021\/06\/1-aste-768x1086.jpg 768w, https:\/\/tartutrennid.ee\/wp-content\/uploads\/2021\/06\/1-aste-1086x1536.jpg 1086w, https:\/\/tartutrennid.ee\/wp-content\/uploads\/2021\/06\/1-aste-1448x2048.jpg 1448w\" sizes=\"(max-width: 1654px) 100vw, 1654px\" title=\"1 aste\" alt=\"\" \t\tclass=\"so-widget-image\"\/>\n\t<\/div>\n\n<\/div><\/div><\/div><div id=\"pgc-2643-0-1\"  class=\"panel-grid-cell\" ><div id=\"panel-2643-0-1-0\" class=\"so-panel widget widget_sow-editor panel-first-child\" data-index=\"4\" ><div\n\t\t\t\n\t\t\tclass=\"so-widget-sow-editor so-widget-sow-editor-base\"\n\t\t\t\n\t\t>\n<div class=\"siteorigin-widget-tinymce textwidget\">\n\t<div class=\"kvgmc6g5 cxmmr5t8 oygrvhab hcukyx3x c1et5uql ii04i59q\">\n<div dir=\"auto\">\n<div class=\"kvgmc6g5 cxmmr5t8 oygrvhab hcukyx3x c1et5uql ii04i59q\">\n<div dir=\"auto\"><span class=\"ads-dropcap \"><span style=\"color: #ff6600;\">\u0422<\/span><\/span><strong><span style=\"color: #ff6600;\">ARTU TRENNID<\/span><\/strong> <strong>KORRALDAB ILMATSALU MATCH SHOW ja MITTEAMETLIK V\u00d5ISTLUS KUULEKUSES.<\/strong><\/div>\n<\/div>\n<\/div>\n<\/div>\n<div class=\"o9v6fnle cxmmr5t8 oygrvhab hcukyx3x c1et5uql ii04i59q\"><\/div>\n<div><\/div>\n<div class=\"kvgmc6g5 cxmmr5t8 oygrvhab hcukyx3x c1et5uql ii04i59q\">\n<div dir=\"auto\">\n<div class=\"o9v6fnle cxmmr5t8 oygrvhab hcukyx3x c1et5uql ii04i59q\">\n<div dir=\"auto\"><span class=\"ads-dropcap \"><span style=\"color: #ff6600;\">\u0422<\/span><\/span><span style=\"color: #ff6600;\"><strong>ARTU TRENNID <\/strong><\/span><span style=\"color: #000000;\"><strong>\u041e\u0420\u0413\u0410\u041d\u0418\u0417\u0423\u0415\u0422 ILMATSALU MATCH SHOW \u0438 \u041d\u0415\u041e\u0424\u0418\u0426\u0418\u0410\u041b\u042c\u041d\u041e\u0415 \u0421\u041e\u0420\u0415\u0412\u041d\u041e\u0412\u0410\u041d\u0418\u0415 \u041f\u041e \u041f\u041e\u0421\u041b\u0423\u0428\u0410\u041d\u0418\u042e.<\/strong><\/span><\/div>\n<\/div>\n<\/div>\n<\/div>\n<div dir=\"auto\"><\/div>\n<div dir=\"auto\">\n<div class=\"kvgmc6g5 cxmmr5t8 oygrvhab hcukyx3x c1et5uql ii04i59q\">\n<div dir=\"auto\"><\/div>\n<div dir=\"auto\"><\/div>\n<\/div>\n<div dir=\"auto\"><\/div>\n<\/div>\n<div class=\"kvgmc6g5 cxmmr5t8 oygrvhab hcukyx3x c1et5uql ii04i59q\">\n<div dir=\"auto\"><\/div>\n<\/div>\n<div class=\"o9v6fnle cxmmr5t8 oygrvhab hcukyx3x c1et5uql ii04i59q\"><\/div>\n<div style=\"text-align: center;\"><\/div>\n<\/div>\n<\/div><\/div><div id=\"panel-2643-0-1-1\" class=\"so-panel widget widget_sow-editor\" data-index=\"5\" ><div\n\t\t\t\n\t\t\tclass=\"so-widget-sow-editor so-widget-sow-editor-base\"\n\t\t\t\n\t\t>\n<div class=\"siteorigin-widget-tinymce textwidget\">\n\t<div class=\"kvgmc6g5 cxmmr5t8 oygrvhab hcukyx3x c1et5uql ii04i59q\">\n<div dir=\"auto\">\n<div class=\"kvgmc6g5 cxmmr5t8 oygrvhab hcukyx3x c1et5uql ii04i59q\"><\/div>\n<\/div>\n<\/div>\n<div class=\"kvgmc6g5 cxmmr5t8 oygrvhab hcukyx3x c1et5uql ii04i59q\">\n<div dir=\"auto\">\n<div class=\"o9v6fnle cxmmr5t8 oygrvhab hcukyx3x c1et5uql ii04i59q\">\n<div dir=\"auto\">\n<div class=\"kvgmc6g5 cxmmr5t8 oygrvhab hcukyx3x c1et5uql ii04i59q\">\n<div dir=\"auto\">\u00dcrituse koost\u00f6\u00f6partner:<\/div>\n<div dir=\"auto\">Eesti Vaaraokoera, Etna cirneco ja Basenji T\u00f5u\u00fching (VEB T\u00dc)<\/div>\n<\/div>\n<div class=\"o9v6fnle cxmmr5t8 oygrvhab hcukyx3x c1et5uql ii04i59q\">\n<div dir=\"auto\">\u041f\u0430\u0440\u0442\u043d\u0435\u0440 \u043c\u0435\u0440\u043e\u043f\u0440\u0438\u044f\u0442\u0438\u044f:<\/div>\n<div dir=\"auto\">Eesti Vaaraokoera, Etna cirneco ja Basenji T\u00f5u\u00fching (VEB T\u00dc)<\/div>\n<\/div>\n<div class=\"o9v6fnle cxmmr5t8 oygrvhab hcukyx3x c1et5uql ii04i59q\">\n<div dir=\"auto\"><\/div>\n<\/div>\n<div dir=\"auto\"><img loading=\"lazy\" decoding=\"async\" class=\"alignnone size-medium wp-image-2738\" src=\"https:\/\/tartutrennid.ee\/wp-content\/uploads\/2021\/06\/shapka-na-fb-300x132.png\" alt=\"\" width=\"300\" height=\"132\" data-id=\"2738\" srcset=\"https:\/\/tartutrennid.ee\/wp-content\/uploads\/2021\/06\/shapka-na-fb-300x132.png 300w, https:\/\/tartutrennid.ee\/wp-content\/uploads\/2021\/06\/shapka-na-fb-1024x450.png 1024w, https:\/\/tartutrennid.ee\/wp-content\/uploads\/2021\/06\/shapka-na-fb-768x338.png 768w, https:\/\/tartutrennid.ee\/wp-content\/uploads\/2021\/06\/shapka-na-fb.png 1165w\" sizes=\"(max-width: 300px) 100vw, 300px\" \/><\/div>\n<\/div>\n<\/div>\n<\/div>\n<\/div>\n<div dir=\"auto\"><\/div>\n<div dir=\"auto\">\n<div class=\"kvgmc6g5 cxmmr5t8 oygrvhab hcukyx3x c1et5uql ii04i59q\">\n<div dir=\"auto\"><\/div>\n<div dir=\"auto\"><\/div>\n<\/div>\n<div dir=\"auto\"><\/div>\n<\/div>\n<div class=\"kvgmc6g5 cxmmr5t8 oygrvhab hcukyx3x c1et5uql ii04i59q\">\n<div dir=\"auto\"><\/div>\n<\/div>\n<div class=\"o9v6fnle cxmmr5t8 oygrvhab hcukyx3x c1et5uql ii04i59q\"><\/div>\n<div style=\"text-align: center;\"><\/div>\n<\/div>\n<\/div><\/div><div id=\"panel-2643-0-1-2\" class=\"so-panel widget widget_sow-editor\" data-index=\"6\" ><div\n\t\t\t\n\t\t\tclass=\"so-widget-sow-editor so-widget-sow-editor-base\"\n\t\t\t\n\t\t>\n<div class=\"siteorigin-widget-tinymce textwidget\">\n\t<div class=\"kvgmc6g5 cxmmr5t8 oygrvhab hcukyx3x c1et5uql ii04i59q\">\n<div dir=\"auto\">\n<div class=\"o9v6fnle cxmmr5t8 oygrvhab hcukyx3x c1et5uql ii04i59q\">\n<div dir=\"auto\">\n<p>&nbsp;<\/p>\n<div class=\"o9v6fnle cxmmr5t8 oygrvhab hcukyx3x c1et5uql ii04i59q\">\n<div dir=\"auto\">\n<p><a href=\"https:\/\/www.facebook.com\/events\/607808660614141\/?active_tab=discussion\"><div class=\"ads-button\">\n\t\t<a href=\"https:\/\/www.facebook.com\/events\/607808660614141\/?active_tab=discussion\" target=\"_blank\" class=\"adsbtn-smoosh \"><i class=\"icon-facebook\"><\/i> FB GRUPP<\/a>\n\t\t<\/div><\/a><\/p>\n<div class=\"o9v6fnle cxmmr5t8 oygrvhab hcukyx3x c1et5uql ii04i59q\">\n<div dir=\"auto\">\n<p>&nbsp;<\/p>\n<div class=\"o9v6fnle cxmmr5t8 oygrvhab hcukyx3x c1et5uql ii04i59q\">\n<div dir=\"auto\">\n<div class=\"o9v6fnle cxmmr5t8 oygrvhab hcukyx3x c1et5uql ii04i59q\">\n<div dir=\"auto\">\n<div class=\"ads-custom-box custom-box \" style=\"padding: 2.2rem 2.2rem;\"><div class=\"ads-custom-box-content\"><\/p>\n<div class=\"o9v6fnle cxmmr5t8 oygrvhab hcukyx3x c1et5uql ii04i59q\">\n<div dir=\"auto\">\n<div class=\"o9v6fnle cxmmr5t8 oygrvhab hcukyx3x c1et5uql ii04i59q\">\n<div dir=\"auto\">MILLAL: 05.06.2021<\/div>\n<div dir=\"auto\">KUS: Tartu Trennid, J\u00e4rve tee 15, Ilmatsalu Tartu maakond 61401<\/div>\n<\/div>\n<div class=\"o9v6fnle cxmmr5t8 oygrvhab hcukyx3x c1et5uql ii04i59q\">\n<div dir=\"auto\"><em>Oodatud on k\u00f5ik koerad, ei s\u00f5ltu t\u00f5ust ja kasvust, v\u00e4rvist ja vanusest!<\/em><\/div>\n<div dir=\"auto\"><div class=\"hr-fade \"><\/div><\/div>\n<\/div>\n<\/div>\n<\/div>\n<div dir=\"auto\">\n<div class=\"o9v6fnle cxmmr5t8 oygrvhab hcukyx3x c1et5uql ii04i59q\">\n<div dir=\"auto\">\u041a\u041e\u0413\u0414\u0410: 05.06.2021<\/div>\n<div dir=\"auto\">\u0413\u0414\u0415: Tartu Trennid, J\u00e4rve tee 15, Ilmatsalu \u0422\u0430\u0440\u0442\u0443\u0441\u043a\u0438\u0439 \u0443\u0435\u0437\u0434 61401<\/div>\n<\/div>\n<div class=\"o9v6fnle cxmmr5t8 oygrvhab hcukyx3x c1et5uql ii04i59q\">\n<div dir=\"auto\"><em>\u041f\u0440\u0438\u0433\u043b\u0430\u0448\u0430\u044e\u0442\u0441\u044f \u0432\u0441\u0435 \u0441\u043e\u0431\u0430\u043a\u0438, \u043d\u0435\u0437\u0430\u0432\u0438\u0441\u0438\u043c\u043e \u043e\u0442 \u043f\u043e\u0440\u043e\u0434\u044b \u0438 \u0440\u043e\u0441\u0442\u0430, \u043e\u043a\u0440\u0430\u0441\u0430 \u0438 \u0432\u043e\u0437\u0440\u0430\u0441\u0442\u0430!<\/em><\/div>\n<\/div>\n<\/div>\n<p><\/div><\/div>\n<\/div>\n<\/div>\n<\/div>\n<\/div>\n<p>&nbsp;<\/p>\n<\/div>\n<\/div>\n<\/div>\n<\/div>\n<div class=\"o9v6fnle cxmmr5t8 oygrvhab hcukyx3x c1et5uql ii04i59q\">\n<div dir=\"auto\">\n<p>&nbsp;<\/p>\n<\/div>\n<\/div>\n<\/div>\n<\/div>\n<\/div>\n<\/div>\n<div class=\"o9v6fnle cxmmr5t8 oygrvhab hcukyx3x c1et5uql ii04i59q\">\n<div class=\"o9v6fnle cxmmr5t8 oygrvhab hcukyx3x c1et5uql ii04i59q\">\n<div dir=\"auto\">\n<p>&nbsp;<\/p>\n<div class=\"o9v6fnle cxmmr5t8 oygrvhab hcukyx3x c1et5uql ii04i59q\">\n<div class=\"o9v6fnle cxmmr5t8 oygrvhab hcukyx3x c1et5uql ii04i59q\">\n<div dir=\"auto\">\n<div class=\"ads-custom-box custom-box \" style=\"border-color:#696561;padding: 2.2rem 2.2rem;\"><div class=\"ads-custom-box-content\"><\/p>\n<div class=\"o9v6fnle cxmmr5t8 oygrvhab hcukyx3x c1et5uql ii04i59q\">\n<div class=\"o9v6fnle cxmmr5t8 oygrvhab hcukyx3x c1et5uql ii04i59q\">\n<div dir=\"auto\">\u2022 Eelregistreerimisel kuni 01.06.21<\/div>\n<div dir=\"auto\">Osalemistasu\/ \u041e\u043f\u043b\u0430\u0442\u0430:<\/div>\n<div dir=\"auto\">MATCH SHOW -10 euro\/koer.<\/div>\n<div dir=\"auto\">MITTEAMETLIK V\u00d5ISTLUS KUULEKUSES\/ \u0421\u041e\u0420\u0415\u0412\u041d\u041e\u0412\u0410\u041d\u0418\u042f \u041f\u041e \u041f\u041e\u0421\u041b\u0423\u0428\u0410\u041d\u0418\u042e - 10 euro \/koer<\/div>\n<div dir=\"auto\"><\/div>\n<div dir=\"auto\"><em>Registreerimistasu palume maksta MT\u00dc TARTU TRENNID arveldusarvele\/ \u0421\u0447\u0435\u0442 MT\u00dc TARTU TRENNID:\u00a0 \u00a0SEB EE 51 1010 2202 7442 1227<\/em><\/div>\n<div dir=\"auto\"><div class=\"hr-solid \"><\/div><\/div>\n<\/div>\n<div class=\"o9v6fnle cxmmr5t8 oygrvhab hcukyx3x c1et5uql ii04i59q\">\n<div dir=\"auto\">\u2022 Kohal\/ \u041d\u0430 \u043c\u0435\u0441\u0442\u0435<\/div>\n<div dir=\"auto\">\n<div dir=\"auto\">Osalemistasu\/ \u041e\u043f\u043b\u0430\u0442\u0430:<\/div>\n<div dir=\"auto\">MATCH SHOW -13 euro\/koer.<\/div>\n<div dir=\"auto\">MITTEAMETLIK V\u00d5ISTLUS KUULEKUSES\/ \u0421\u041e\u0420\u0415\u0412\u041d\u041e\u0412\u0410\u041d\u0418\u042f \u041f\u041e \u041f\u041e\u0421\u041b\u0423\u0428\u0410\u041d\u0418\u042e - 13 euro \/koer<\/div>\n<\/div>\n<\/div>\n<\/div>\n<div class=\"o9v6fnle cxmmr5t8 oygrvhab hcukyx3x c1et5uql ii04i59q\">\n<div dir=\"auto\"><\/div>\n<\/div>\n<p><\/div><\/div>\n<\/div>\n<\/div>\n<\/div>\n<p>&nbsp;<\/p>\n<\/div>\n<\/div>\n<\/div>\n<div class=\"o9v6fnle cxmmr5t8 oygrvhab hcukyx3x c1et5uql ii04i59q\">\n<div dir=\"auto\"><\/div>\n<\/div>\n<div style=\"text-align: left;\"><\/div>\n<\/div>\n<\/div><\/div><div id=\"panel-2643-0-1-3\" class=\"so-panel widget widget_sow-editor\" data-index=\"7\" ><div\n\t\t\t\n\t\t\tclass=\"so-widget-sow-editor so-widget-sow-editor-base\"\n\t\t\t\n\t\t>\n<div class=\"siteorigin-widget-tinymce textwidget\">\n\t<div class=\"kvgmc6g5 cxmmr5t8 oygrvhab hcukyx3x c1et5uql ii04i59q\">\n<div dir=\"auto\"><\/div>\n<div dir=\"auto\"><\/div>\n<\/div>\n<div class=\"o9v6fnle cxmmr5t8 oygrvhab hcukyx3x c1et5uql ii04i59q\"><\/div>\n<div class=\"o9v6fnle cxmmr5t8 oygrvhab hcukyx3x c1et5uql ii04i59q\">\n<div dir=\"auto\"><\/div>\n<div dir=\"auto\"><\/div>\n<\/div>\n<div class=\"o9v6fnle cxmmr5t8 oygrvhab hcukyx3x c1et5uql ii04i59q\">\n<div dir=\"auto\"><\/div>\n<div dir=\"auto\"><strong>M<span style=\"color: #000000;\">ATCH SHOW:<\/span><\/strong><\/div>\n<div dir=\"auto\"><\/div>\n<div dir=\"auto\">\u00a0Kohtunikud\/\u0421\u0443\u0434\u044c\u0438:<\/div>\n<div dir=\"auto\">\u00a0 \u00a0 \u00a0 \u00a0 \u00a0 \u00a0 \u00a0 \u00a0 \u00a0 \u00a0 \u00a0 \u00a0 \u00a0 \u00a0 \u00a0 \u00a01. Karen Dunaway<\/div>\n<div dir=\"auto\">\u00a0 \u00a0 \u00a0 \u00a0 \u00a0 \u00a0 \u00a0 \u00a0 \u00a0 \u00a0 \u00a0 \u00a0 \u00a0 \u00a0 \u00a0 \u00a02. Stella Ojalaid<\/div>\n<div dir=\"auto\">\u00a0 \u00a0 \u00a0 \u00a0 \u00a0 \u00a0 \u00a0 \u00a0 \u00a0 \u00a0 \u00a0 \u00a0 \u00a0 \u00a0 \u00a0 \u00a03. Rita Teek<\/div>\n<\/div>\n<div dir=\"auto\">\n<div dir=\"auto\"><\/div>\n<div dir=\"auto\"><a href=\"https:\/\/tartutrennid.ee\/et\/match-show-reeglid-%d0%bf%d1%80%d0%b0%d0%b2%d0%b8%d0%bb%d0%b0\/?fbclid=IwAR1GsX2bgOzQu5TE8uhBlu6Exldi5AnLDothFYgZe3Gi6sqPNItsPegu4Ik\"><div class=\"ads-button\">\n\t\t<a href=\"https:\/\/tartutrennid.ee\/et\/match-show-reeglid-%d0%bf%d1%80%d0%b0%d0%b2%d0%b8%d0%bb%d0%b0\/?fbclid=IwAR1GsX2bgOzQu5TE8uhBlu6Exldi5AnLDothFYgZe3Gi6sqPNItsPegu4Ik\" target=\"_blank\" class=\"adsbtn-swipe \"><i class=\"icon-paw\"><\/i> REEGLID\/\u041f\u0420\u0410\u0412\u0418\u041b\u0410<\/a>\n\t\t<\/div><\/a><\/div>\n<\/div>\n<div dir=\"auto\"><\/div>\n<div dir=\"auto\"><\/div>\n<div dir=\"auto\"><\/div>\n<div dir=\"auto\"><\/div>\n<div class=\"o9v6fnle cxmmr5t8 oygrvhab hcukyx3x c1et5uql ii04i59q\">\n<div dir=\"auto\"><\/div>\n<div dir=\"auto\"><\/div>\n<\/div>\n<div style=\"text-align: left;\"><\/div>\n<\/div>\n<\/div><\/div><div id=\"panel-2643-0-1-4\" class=\"so-panel widget widget_sow-editor panel-last-child\" data-index=\"8\" ><div\n\t\t\t\n\t\t\tclass=\"so-widget-sow-editor so-widget-sow-editor-base\"\n\t\t\t\n\t\t>\n<div class=\"siteorigin-widget-tinymce textwidget\">\n\t<div class=\"kvgmc6g5 cxmmr5t8 oygrvhab hcukyx3x c1et5uql ii04i59q\">\n<div dir=\"auto\"><\/div>\n<div dir=\"auto\"><\/div>\n<\/div>\n<div class=\"o9v6fnle cxmmr5t8 oygrvhab hcukyx3x c1et5uql ii04i59q\"><\/div>\n<div dir=\"auto\"><\/div>\n<div class=\"o9v6fnle cxmmr5t8 oygrvhab hcukyx3x c1et5uql ii04i59q\">\n<div dir=\"auto\"><\/div>\n<div dir=\"auto\">\n<p><strong>MITTEAMETLIK V\u00d5ISTLUS KUULEKUSES \/<\/strong><\/p>\n<p><strong>\u041d\u0415\u041e\u0424\u0418\u0426\u0418\u0410\u041b\u042c\u041d\u041e\u0415 \u0421\u041e\u0420\u0415\u0412\u041d\u041e\u0412\u0410\u041d\u0418\u0415 \u041f\u041e \u041f\u041e\u0421\u041b\u0423\u0428\u0410\u041d\u0418\u042e:<\/strong><\/p>\n<p>Kohtunik\/\u0421\u0443\u0434\u044c\u044f: <a href=\"https:\/\/www.facebook.com\/olga.verliin\">Olga Verliin<\/a><\/p>\n<\/div>\n<\/div>\n<div><\/div>\n<div><a href=\"https:\/\/tartutrennid.ee\/mitteametlik-voistlus-kuulekuses\/\"><div class=\"ads-button\">\n\t\t<a href=\" https:\/\/tartutrennid.ee\/mitteametlik-voistlus-kuulekuses\/\" target=\"_blank\" class=\"adsbtn-alternate \"><span><i class=\"icon-paw\"><\/i> REEGLID<\/span><\/a>\n\t\t<\/div><\/a><\/div>\n<div class=\"o9v6fnle cxmmr5t8 oygrvhab hcukyx3x c1et5uql ii04i59q\">\n<div dir=\"auto\">\n<div><\/div>\n<\/div>\n<\/div>\n<div style=\"text-align: left;\"><a href=\"https:\/\/tartutrennid.ee\/%d0%bd%d0%b5%d0%be%d1%84%d0%b8%d1%86%d0%b8%d0%b0%d0%bb%d1%8c%d0%bd%d0%be%d0%b5-%d1%81%d0%be%d1%80%d0%b5%d0%b2%d0%bd%d0%be%d0%b2%d0%b0%d0%bd%d0%b8%d0%b5-%d0%bf%d0%be-%d0%bf%d0%be%d1%81%d0%bb%d1%83\/\"><div class=\"ads-button\">\n\t\t<a href=\"https:\/\/tartutrennid.ee\/%d0%bd%d0%b5%d0%be%d1%84%d0%b8%d1%86%d0%b8%d0%b0%d0%bb%d1%8c%d0%bd%d0%be%d0%b5-%d1%81%d0%be%d1%80%d0%b5%d0%b2%d0%bd%d0%be%d0%b2%d0%b0%d0%bd%d0%b8%d0%b5-%d0%bf%d0%be-%d0%bf%d0%be%d1%81%d0%bb%d1%83\/\" target=\"_blank\" class=\"adsbtn-alternate \"><span><i class=\"icon-paw\"><\/i> \u041f\u0420\u0410\u0412\u0418\u041b\u0410 \u041f\u0420\u041e\u0412\u0415\u0414\u0415\u041d\u0418\u042f<\/span><\/a>\n\t\t<\/div><\/a><\/div>\n<\/div>\n<\/div><\/div><\/div><\/div><\/div>","protected":false},"excerpt":{"rendered":"<p>ARTU TRENNID KORRALDAB ILMATSALU MATCH SHOW ja MITTEAMETLIK V\u00d5ISTLUS KUULEKUSES. ARTU TRENNID \u041e\u0420\u0413\u0410\u041d\u0418\u0417\u0423\u0415\u0422 ILMATSALU MATCH SHOW \u0438 \u041d\u0415\u041e\u0424\u0418\u0426\u0418\u0410\u041b\u042c\u041d\u041e\u0415 \u0421\u041e\u0420\u0415\u0412\u041d\u041e\u0412\u0410\u041d\u0418\u0415 \u041f\u041e \u041f\u041e\u0421\u041b\u0423\u0428\u0410\u041d\u0418\u042e. \u00dcrituse koost\u00f6\u00f6partner: Eesti Vaaraokoera, Etna cirneco ja Basenji T\u00f5u\u00fching (VEB T\u00dc) \u041f\u0430\u0440\u0442\u043d\u0435\u0440 \u043c\u0435\u0440\u043e\u043f\u0440\u0438\u044f\u0442\u0438\u044f: Eesti Vaaraokoera, Etna cirneco ja Basenji &hellip; <a class=\"kt-excerpt-readmore\" href=\"https:\/\/tartutrennid.ee\/et\/05-06-2021-ilmatsalu-match-show-%d0%b8-%d0%bd%d0%b5%d0%be%d1%84%d0%b8%d1%86%d0%b8%d0%b0%d0%bb%d1%8c%d0%bd%d1%8b%d0%b5-%d1%81%d0%be%d1%80%d0%b5%d0%b2%d0%bd%d0%be%d0%b2%d0%b0%d0%bd%d0%b8%d1%8f-%d0%bf\/\" aria-label=\"05.06.2021 Ilmatsalu Match Dog Show ja Mitteametlik V\u00f5istlus Kuulekuses\">\u0427\u0438\u0442\u0430\u0442\u044c \u0434\u0430\u043b\u0435\u0435<\/a><\/p>\n","protected":false},"author":1,"featured_media":0,"parent":0,"menu_order":0,"comment_status":"closed","ping_status":"closed","template":"page-fullwidth.php","meta":{"kt_blocks_editor_width":"","footnotes":""},"_links":{"self":[{"href":"https:\/\/tartutrennid.ee\/et\/wp-json\/wp\/v2\/pages\/2643"}],"collection":[{"href":"https:\/\/tartutrennid.ee\/et\/wp-json\/wp\/v2\/pages"}],"about":[{"href":"https:\/\/tartutrennid.ee\/et\/wp-json\/wp\/v2\/types\/page"}],"author":[{"embeddable":true,"href":"https:\/\/tartutrennid.ee\/et\/wp-json\/wp\/v2\/users\/1"}],"replies":[{"embeddable":true,"href":"https:\/\/tartutrennid.ee\/et\/wp-json\/wp\/v2\/comments?post=2643"}],"version-history":[{"count":82,"href":"https:\/\/tartutrennid.ee\/et\/wp-json\/wp\/v2\/pages\/2643\/revisions"}],"predecessor-version":[{"id":2757,"href":"https:\/\/tartutrennid.ee\/et\/wp-json\/wp\/v2\/pages\/2643\/revisions\/2757"}],"wp:attachment":[{"href":"https:\/\/tartutrennid.ee\/et\/wp-json\/wp\/v2\/media?parent=2643"}],"curies":[{"name":"wp","href":"https:\/\/api.w.org\/{rel}","templated":true}]}}