{"id":2520,"date":"2021-01-09T17:28:07","date_gmt":"2021-01-09T17:28:07","guid":{"rendered":"https:\/\/tartutrennid.ee\/?page_id=2520"},"modified":"2021-01-10T22:28:27","modified_gmt":"2021-01-10T22:28:27","slug":"uldtrennid","status":"publish","type":"page","link":"https:\/\/tartutrennid.ee\/et\/uldtrennid\/","title":{"rendered":"\u00dcldtrennid"},"content":{"rendered":"<div id=\"pl-2520\"  class=\"panel-layout\" ><div id=\"pg-2520-0\"  class=\"panel-grid panel-no-style\" ><div id=\"pgc-2520-0-0\"  class=\"panel-grid-cell\" ><div id=\"panel-2520-0-0-0\" class=\"so-panel widget widget_media_video panel-first-child panel-last-child\" data-index=\"0\" ><div style=\"width:100%;\" class=\"wp-video\"><!--[if lt IE 9]><script>document.createElement('video');<\/script><![endif]-->\n<video class=\"wp-video-shortcode\" id=\"video-2520-1\" preload=\"metadata\" controls=\"controls\"><source type=\"video\/mp4\" src=\"https:\/\/tartutrennid.ee\/wp-content\/uploads\/2021\/01\/video-1610110374-\u041e\u0441\u043a\u0430\u0440-\u043f\u043e\u0441\u043b\u0443\u0448\u0430\u043d\u0438\u0435.mp4?_=1\" \/><source type=\"video\/mp4\" src=\"https:\/\/tartutrennid.ee\/wp-content\/uploads\/2021\/01\/video-1610110374-\u041e\u0441\u043a\u0430\u0440-\u043f\u043e\u0441\u043b\u0443\u0448\u0430\u043d\u0438\u0435.mp4?_=1\" \/><a href=\"https:\/\/tartutrennid.ee\/wp-content\/uploads\/2021\/01\/video-1610110374-\u041e\u0441\u043a\u0430\u0440-\u043f\u043e\u0441\u043b\u0443\u0448\u0430\u043d\u0438\u0435.mp4\">https:\/\/tartutrennid.ee\/wp-content\/uploads\/2021\/01\/video-1610110374-\u041e\u0441\u043a\u0430\u0440-\u043f\u043e\u0441\u043b\u0443\u0448\u0430\u043d\u0438\u0435.mp4<\/a><\/video><\/div><\/div><\/div><div id=\"pgc-2520-0-1\"  class=\"panel-grid-cell\" ><div id=\"panel-2520-0-1-0\" class=\"so-panel widget widget_sow-editor panel-first-child\" data-index=\"1\" ><div\n\t\t\t\n\t\t\tclass=\"so-widget-sow-editor so-widget-sow-editor-base\"\n\t\t\t\n\t\t>\n<div class=\"siteorigin-widget-tinymce textwidget\">\n\t<p>\u00dcldtrenn sobib k\u00f5ikidele koeratrenni harrastajatele. Selles trennis tegeleme koera sotsialiseerimisega, omadame algteadmised kuulekusest, tegeleme koerafitnessiga ja muude l\u00f5busate harjutustega koos koeraga. Sammuti \u00f5pib koer kontsentreerima oma t\u00e4helepanu just omaniku peale, et olla temaga kontaktis. Sellised trennid sobivad kutsikatele ja noorematele koertele.<\/p>\n<\/div>\n<\/div><\/div><div id=\"panel-2520-0-1-1\" class=\"so-panel widget widget_sow-editor panel-last-child\" data-index=\"2\" ><div\n\t\t\t\n\t\t\tclass=\"so-widget-sow-editor so-widget-sow-editor-base\"\n\t\t\t\n\t\t>\n<div class=\"siteorigin-widget-tinymce textwidget\">\n\t<p>Info:<\/p>\n<p>+372-53363789 Viktoria<\/p>\n<p>+372-58009206 Jana<\/p>\n<p>V\u00f5i FB grupis:<\/p>\n<p><a href=\"https:\/\/www.facebook.com\/groups\/1581766031935481\">\t\t\t<i class=\"icon-facebook2 kad-square-iconclass\" style=\"font-size:17px; display:inline-block; color:#1e73be; background:#eee;\t\t\t\"><\/i>\n\t\t\t\t<\/a><\/p>\n<\/div>\n<\/div><\/div><\/div><\/div><\/div>","protected":false},"excerpt":{"rendered":"<p>\u00dcldtrenn sobib k\u00f5ikidele koeratrenni harrastajatele. Selles trennis tegeleme koera sotsialiseerimisega, omadame algteadmised kuulekusest, tegeleme koerafitnessiga ja muude l\u00f5busate harjutustega koos koeraga. Sammuti \u00f5pib koer kontsentreerima oma t\u00e4helepanu just omaniku peale, et olla temaga kontaktis. Sellised trennid sobivad kutsikatele ja noorematele &hellip; <a class=\"kt-excerpt-readmore\" href=\"https:\/\/tartutrennid.ee\/et\/uldtrennid\/\" aria-label=\"\u00dcldtrennid\">\u0427\u0438\u0442\u0430\u0442\u044c \u0434\u0430\u043b\u0435\u0435<\/a><\/p>\n","protected":false},"author":1,"featured_media":0,"parent":0,"menu_order":0,"comment_status":"closed","ping_status":"closed","template":"page-fullwidth.php","meta":{"kt_blocks_editor_width":"","footnotes":""},"_links":{"self":[{"href":"https:\/\/tartutrennid.ee\/et\/wp-json\/wp\/v2\/pages\/2520"}],"collection":[{"href":"https:\/\/tartutrennid.ee\/et\/wp-json\/wp\/v2\/pages"}],"about":[{"href":"https:\/\/tartutrennid.ee\/et\/wp-json\/wp\/v2\/types\/page"}],"author":[{"embeddable":true,"href":"https:\/\/tartutrennid.ee\/et\/wp-json\/wp\/v2\/users\/1"}],"replies":[{"embeddable":true,"href":"https:\/\/tartutrennid.ee\/et\/wp-json\/wp\/v2\/comments?post=2520"}],"version-history":[{"count":5,"href":"https:\/\/tartutrennid.ee\/et\/wp-json\/wp\/v2\/pages\/2520\/revisions"}],"predecessor-version":[{"id":2555,"href":"https:\/\/tartutrennid.ee\/et\/wp-json\/wp\/v2\/pages\/2520\/revisions\/2555"}],"wp:attachment":[{"href":"https:\/\/tartutrennid.ee\/et\/wp-json\/wp\/v2\/media?parent=2520"}],"curies":[{"name":"wp","href":"https:\/\/api.w.org\/{rel}","templated":true}]}}