{"id":2248,"date":"2020-10-05T21:39:37","date_gmt":"2020-10-05T21:39:37","guid":{"rendered":"https:\/\/tartutrennid.ee\/?page_id=2248"},"modified":"2020-10-05T21:52:06","modified_gmt":"2020-10-05T21:52:06","slug":"juulikuu-janes-reeglid-%d0%bf%d1%80%d0%b0%d0%b2%d0%b8%d0%bb%d0%b0","status":"publish","type":"page","link":"https:\/\/tartutrennid.ee\/et\/juulikuu-janes-reeglid-%d0%bf%d1%80%d0%b0%d0%b2%d0%b8%d0%bb%d0%b0\/","title":{"rendered":"Juulikuu J\u00e4nes reeglid\/\u043f\u0440\u0430\u0432\u0438\u043b\u0430"},"content":{"rendered":"<div id=\"pl-2248\"  class=\"panel-layout\" ><div id=\"pg-2248-0\"  class=\"panel-grid panel-no-style\" ><div id=\"pgc-2248-0-0\"  class=\"panel-grid-cell\" ><div id=\"panel-2248-0-0-0\" class=\"so-panel widget widget_sow-editor panel-first-child panel-last-child\" data-index=\"0\" ><div class=\"panel-widget-style panel-widget-style-for-2248-0-0-0\" ><div\n\t\t\t\n\t\t\tclass=\"so-widget-sow-editor so-widget-sow-editor-base\"\n\t\t\t\n\t\t>\n<div class=\"siteorigin-widget-tinymce textwidget\">\n\t<p style=\"text-align: center;\">\u041f\u0420\u0410\u0412\u0418\u041b\u0410<\/p>\n<p>\u041d\u0430\u0437\u0432\u0430\u043d\u0438\u0435: \u043c\u0430\u0442\u0447 \u0448\u043e\u0443\u00a0 \u00ab \u0418\u044e\u043b\u044c\u0441\u043a\u0438\u0439 \u0437\u0430\u044f\u0446\u00bb \u043d\u0430 \u0441\u043a\u043e\u0440\u043e\u0441\u0442\u044c \u0434\u043b\u044f \u0441\u043e\u0431\u0430\u043a.<\/p>\n<p>\u041e\u0440\u0433\u0430\u043d\u0438\u0437\u0430\u0442\u043e\u0440: MT\u00dc Tartu Trennid<\/p>\n<p>\u041c\u0435\u0441\u0442\u043e \u043f\u0440\u043e\u0432\u0435\u0434\u0435\u043d\u0438\u044f: \u0422\u0430\u0440\u0442\u0443<\/p>\n<p>\u0412\u0440\u0435\u043c\u044f \u043f\u0440\u043e\u0432\u0435\u0434\u0435\u043d\u0438\u044f: 05.07.2020 10.00 \u2013 ...<\/p>\n<p>\u0423\u0447\u0430\u0441\u0442\u043d\u0438\u043a\u0438: \u0421\u043e\u0431\u0430\u043a\u0438 \u043e\u0442 8 \u043c\u0435\u0441\u044f\u0446\u0435\u0432 \u0438 \u0434\u043e 8 \u043b\u0435\u0442.<\/p>\n<p>\u0422\u0440\u0430\u0441\u0441\u0430: \u041e\u043a\u0440\u0443\u0433\u043b\u0430\u044f \u0442\u0440\u0430\u0435\u043a\u0442\u043e\u0440\u0438\u044f. 100-120 \u043c.<\/p>\n<p>\u0413\u0440\u0443\u043f\u043f\u044b:<\/p>\n<ol>\n<li>\u0421\u043e\u0431\u0430\u043a\u0438 \u0431\u0435\u0433\u0443\u0442 \u043f\u043e \u043a\u043b\u0430\u0441\u0441\u0430\u043c<\/li>\n<\/ol>\n<p>\u041a\u043b\u0430\u0441\u0441\u044b:<\/p>\n<ul>\n<li>\u041a\u0440\u0443\u043f\u043d\u044b\u0435 \u0441\u043e\u0431\u0430\u043a\u0438 (8 \u043c\u0435\u0441 - 6 \u043b\u0435\u0442) \u0440\u043e\u0441\u0442\u043e\u043c \u0432\u044b\u0448\u0435 47 \u0441\u043c<\/li>\n<li>\u0421\u0440\u0435\u0434\u043d\u0438\u0435 \u0441\u043e\u0431\u0430\u043a\u0438 (8 \u043c\u0435\u0441 - 6 \u043b\u0435\u0442) \u0440\u043e\u0441\u0442\u043e\u043c 38 - 47 \u0441\u043c<\/li>\n<li>\u041c\u0435\u043b\u043a\u0438\u0435 \u0441\u043e\u0431\u0430\u043a\u0438 (8 \u043c\u0435\u0441 - 6 \u043b\u0435\u0442) \u0440\u043e\u0441\u0442\u043e\u043c \u0434\u043e 38 \u0441\u043c<\/li>\n<li>\u041a\u043b\u0430\u0441\u0441 \u0431\u043e\u0440\u0437\u044b\u0445 \u043f\u043e\u0440\u043e\u0434 (8 \u043c\u0435\u0441- 6 \u043b\u0435\u0442) .<\/li>\n<li>\u0412\u0435\u0442\u0435\u0440\u0430\u043d\u044b (\u0441\u043e\u0431\u0430\u043a\u0438 \u0441\u0442\u0430\u0440\u0448\u0435 6 \u043b\u0435\u0442)<\/li>\n<\/ul>\n<ol start=\"2\">\n<li>6 \u0438 \u0431\u043e\u043b\u0435\u0435 \u0441\u043e\u0431\u0430\u043a \u043e\u0434\u043d\u043e\u0439 \u043f\u043e\u0440\u043e\u0434\u044b \u0431\u0435\u0433\u0443\u0442 \u0432 \u043e\u0442\u0434\u0435\u043b\u044c\u043d\u043e\u043c \u043f\u043e\u0440\u043e\u0434\u043d\u043e\u043c \u043a\u043b\u0430\u0441\u0441\u0435.<\/li>\n<\/ol>\n<p>\u041e\u0446\u0435\u043d\u0438\u0432\u0430\u043d\u0438\u0435:<\/p>\n<ol>\n<li>\u0421\u043e\u0431\u0430\u043a\u0430 \u0431\u0435\u0436\u0438\u0442 \u043e\u0434\u0438\u043d\u043e\u0447\u043d\u044b\u0439 \u0437\u0430\u0431\u0435\u0433 \u0434\u0432\u0430 \u0440\u0430\u0437\u0430.<\/li>\n<li>\u0418\u0437 \u0434\u0432\u0443\u0445 \u0437\u0430\u0431\u0435\u0433\u043e\u0432 \u043a\u0430\u0436\u0434\u043e\u0439 \u0441\u043e\u0431\u0430\u043a\u0438 \u0432\u044b\u0431\u0438\u0440\u0430\u0435\u0442\u0441\u044f \u043b\u0443\u0447\u0448\u0438\u0439 \u043f\u043e \u0441\u043a\u043e\u0440\u043e\u0441\u0442\u0438.<\/li>\n<\/ol>\n<p>\u041d\u0430\u0433\u0440\u0430\u0436\u0434\u0435\u043d\u0438\u0435:<\/p>\n<ol>\n<li>\u0412 \u043a\u0430\u0436\u0434\u043e\u043c \u043a\u043b\u0430\u0441\u0441\u0435 \u043d\u0430\u0433\u0440\u0430\u0436\u0434\u0430\u044e\u0442\u0441\u044f 1, 2 \u0438 3 \u043c\u0435\u0441\u0442\u0430<\/li>\n<li>\u041d\u0430\u0433\u0440\u0430\u0436\u0434\u0430\u0435\u0442\u0441\u044f \u0441\u043e\u0431\u0430\u043a\u0430, \u0432\u044b\u0438\u0433\u0440\u0430\u0432\u0448\u0430\u044f \u0432 \u043b\u043e\u0442\u0435\u0440\u0435\u0435.<\/li>\n<\/ol>\n<p>\u0420\u0435\u0433\u0438\u0441\u0442\u0440\u0430\u0446\u0438\u044f:<\/p>\n<ol>\n<li>\u0414\u043e 01.07.2019<\/li>\n<li>\u041e\u043d-\u043b\u0430\u0439\u043d \u0440\u0435\u0433\u0438\u0441\u0442\u0440\u0430\u0446\u0438\u044f<\/li>\n<\/ol>\n<p>\u041e\u043f\u043b\u0430\u0442\u0430 \u0437\u0430 \u0443\u0447\u0430\u0441\u0442\u0438\u0435:<\/p>\n<ol>\n<li>\u041d\u0430 \u043c\u0435\u0441\u0442\u0435 - 18 \u0435\u0432\u0440\u043e<\/li>\n<li>\u041d\u0430 \u0441\u0447\u0435\u0442 - 15 \u0435\u0432\u0440\u043e<\/li>\n<\/ol>\n<\/div>\n<\/div><\/div><\/div><\/div><div id=\"pgc-2248-0-1\"  class=\"panel-grid-cell\" ><div id=\"panel-2248-0-1-0\" class=\"so-panel widget widget_sow-editor panel-first-child panel-last-child\" data-index=\"1\" ><div class=\"panel-widget-style panel-widget-style-for-2248-0-1-0\" ><div\n\t\t\t\n\t\t\tclass=\"so-widget-sow-editor so-widget-sow-editor-base\"\n\t\t\t\n\t\t>\n<div class=\"siteorigin-widget-tinymce textwidget\">\n\t<p style=\"text-align: center;\">REEGLID<\/p>\n<p>Nimetus: \u041aiiruse v\u00f5istlus koertele - \u201cJuulikuu j\u00e4nes\u201d.<\/p>\n<p>Korraldaja: MT\u00dc Tartu Trennid<\/p>\n<p>Koht: Tartu<\/p>\n<p>Aeg: 05.07.2020 10.00 \u2013 ...<\/p>\n<p>Osalejad: K\u00f5ik koerad 8 kuust kuni 8 aastaseni.<\/p>\n<p>Rada: 100 \u2013 120 meetri<\/p>\n<p>Grupid:<\/p>\n<ol>\n<li>Koerad jooksevad erinevates klassides<\/li>\n<\/ol>\n<p>Klassid:<\/p>\n<ul>\n<li>Suured koerad (15 kuud kuni 6 aastat), kasv rohkem kui 47 cm<\/li>\n<li>Keskmised koerad (15 kuud kuni 6 aastat), kasv 38 - 47 cm<\/li>\n<li>V\u00e4ikesed koerad (15 kuud kuni 6 aastat), kasv kuni 38 cm<\/li>\n<li>Hurdad<\/li>\n<li>Veteranid (6 kuni 8 aastat)<\/li>\n<\/ul>\n<ol start=\"2\">\n<li>Rohkem kui 6 koera \u00fchest t\u00f5ust jooksevad eraldi oma t\u00f5uklassis<\/li>\n<\/ol>\n<p>Hindamine:<\/p>\n<ol>\n<li>Koerad jooksevad \u00fchekaupa kaks rada.<\/li>\n<li>Valitakse kaheks rajast parim aeg.<\/li>\n<\/ol>\n<p>Auhindamine:<\/p>\n<ol>\n<li>Igas klassis premeeritakse \u2013 1, 2 ja 3 koht.<\/li>\n<li>Koer, kes v\u00f5idab loteriis \u2013 eriauhind<\/li>\n<\/ol>\n<p>Registratsioon:<\/p>\n<ol>\n<li>Kuni 01.07.2019<\/li>\n<li>Veebip\u00f5hine registratsioon<\/li>\n<\/ol>\n<p>Osalemistasu :<\/p>\n<p>Kohal -18 euro\u00a0 Arvele - 15 euro<\/p>\n<\/div>\n<\/div><\/div><\/div><\/div><\/div><\/div>","protected":false},"excerpt":{"rendered":"<p>\u041f\u0420\u0410\u0412\u0418\u041b\u0410 \u041d\u0430\u0437\u0432\u0430\u043d\u0438\u0435: \u043c\u0430\u0442\u0447 \u0448\u043e\u0443\u00a0 \u00ab \u0418\u044e\u043b\u044c\u0441\u043a\u0438\u0439 \u0437\u0430\u044f\u0446\u00bb \u043d\u0430 \u0441\u043a\u043e\u0440\u043e\u0441\u0442\u044c \u0434\u043b\u044f \u0441\u043e\u0431\u0430\u043a. \u041e\u0440\u0433\u0430\u043d\u0438\u0437\u0430\u0442\u043e\u0440: MT\u00dc Tartu Trennid \u041c\u0435\u0441\u0442\u043e \u043f\u0440\u043e\u0432\u0435\u0434\u0435\u043d\u0438\u044f: \u0422\u0430\u0440\u0442\u0443 \u0412\u0440\u0435\u043c\u044f \u043f\u0440\u043e\u0432\u0435\u0434\u0435\u043d\u0438\u044f: 05.07.2020 10.00 \u2013 &#8230; \u0423\u0447\u0430\u0441\u0442\u043d\u0438\u043a\u0438: \u0421\u043e\u0431\u0430\u043a\u0438 \u043e\u0442 8 \u043c\u0435\u0441\u044f\u0446\u0435\u0432 \u0438 \u0434\u043e 8 \u043b\u0435\u0442. \u0422\u0440\u0430\u0441\u0441\u0430: \u041e\u043a\u0440\u0443\u0433\u043b\u0430\u044f \u0442\u0440\u0430\u0435\u043a\u0442\u043e\u0440\u0438\u044f. 100-120 \u043c. \u0413\u0440\u0443\u043f\u043f\u044b: \u0421\u043e\u0431\u0430\u043a\u0438 &hellip; <a class=\"kt-excerpt-readmore\" href=\"https:\/\/tartutrennid.ee\/et\/juulikuu-janes-reeglid-%d0%bf%d1%80%d0%b0%d0%b2%d0%b8%d0%bb%d0%b0\/\" aria-label=\"Juulikuu J\u00e4nes reeglid\/\u043f\u0440\u0430\u0432\u0438\u043b\u0430\">\u0427\u0438\u0442\u0430\u0442\u044c \u0434\u0430\u043b\u0435\u0435<\/a><\/p>\n","protected":false},"author":1,"featured_media":0,"parent":0,"menu_order":0,"comment_status":"closed","ping_status":"closed","template":"","meta":{"kt_blocks_editor_width":"","footnotes":""},"_links":{"self":[{"href":"https:\/\/tartutrennid.ee\/et\/wp-json\/wp\/v2\/pages\/2248"}],"collection":[{"href":"https:\/\/tartutrennid.ee\/et\/wp-json\/wp\/v2\/pages"}],"about":[{"href":"https:\/\/tartutrennid.ee\/et\/wp-json\/wp\/v2\/types\/page"}],"author":[{"embeddable":true,"href":"https:\/\/tartutrennid.ee\/et\/wp-json\/wp\/v2\/users\/1"}],"replies":[{"embeddable":true,"href":"https:\/\/tartutrennid.ee\/et\/wp-json\/wp\/v2\/comments?post=2248"}],"version-history":[{"count":7,"href":"https:\/\/tartutrennid.ee\/et\/wp-json\/wp\/v2\/pages\/2248\/revisions"}],"predecessor-version":[{"id":2269,"href":"https:\/\/tartutrennid.ee\/et\/wp-json\/wp\/v2\/pages\/2248\/revisions\/2269"}],"wp:attachment":[{"href":"https:\/\/tartutrennid.ee\/et\/wp-json\/wp\/v2\/media?parent=2248"}],"curies":[{"name":"wp","href":"https:\/\/api.w.org\/{rel}","templated":true}]}}