{"id":2172,"date":"2020-04-02T21:47:08","date_gmt":"2020-04-02T21:47:08","guid":{"rendered":"https:\/\/tartutrennid.ee\/?page_id=2172"},"modified":"2020-11-10T22:32:07","modified_gmt":"2020-11-10T22:32:07","slug":"virtual-match-dog-show-2","status":"publish","type":"page","link":"https:\/\/tartutrennid.ee\/et\/virtual-match-dog-show-2\/","title":{"rendered":"29.03.2020 Virtual Match dog Show"},"content":{"rendered":"<div id=\"pl-2172\"  class=\"panel-layout\" ><div id=\"pg-2172-0\"  class=\"panel-grid panel-no-style\" ><div id=\"pgc-2172-0-0\"  class=\"panel-grid-cell\" ><div id=\"panel-2172-0-0-0\" class=\"so-panel widget widget_sow-image panel-first-child\" data-index=\"0\" ><div\n\t\t\t\n\t\t\tclass=\"so-widget-sow-image so-widget-sow-image-default-8b5b6f678277-2172\"\n\t\t\t\n\t\t>\n<div class=\"sow-image-container\">\n\t\t<img \n\tsrc=\"https:\/\/tartutrennid.ee\/wp-content\/uploads\/2020\/04\/shapka-FB2-scaled.jpg\" width=\"2560\" height=\"1336\" srcset=\"https:\/\/tartutrennid.ee\/wp-content\/uploads\/2020\/04\/shapka-FB2-scaled.jpg 2560w, https:\/\/tartutrennid.ee\/wp-content\/uploads\/2020\/04\/shapka-FB2-300x157.jpg 300w, https:\/\/tartutrennid.ee\/wp-content\/uploads\/2020\/04\/shapka-FB2-1024x534.jpg 1024w, https:\/\/tartutrennid.ee\/wp-content\/uploads\/2020\/04\/shapka-FB2-768x401.jpg 768w, https:\/\/tartutrennid.ee\/wp-content\/uploads\/2020\/04\/shapka-FB2-1536x802.jpg 1536w, https:\/\/tartutrennid.ee\/wp-content\/uploads\/2020\/04\/shapka-FB2-2048x1069.jpg 2048w\" sizes=\"(max-width: 2560px) 100vw, 2560px\" title=\"shapka FB2\" alt=\"\" \t\tclass=\"so-widget-image\"\/>\n\t<\/div>\n\n<\/div><\/div><div id=\"panel-2172-0-0-1\" class=\"so-panel widget widget_sow-editor panel-last-child\" data-index=\"1\" ><div\n\t\t\t\n\t\t\tclass=\"so-widget-sow-editor so-widget-sow-editor-base\"\n\t\t\t\n\t\t>\n<div class=\"siteorigin-widget-tinymce textwidget\">\n\t[<a href=\"\" id=\"kadbtn27\" target=\"_self\" class=\"kad-btn btn-shortcode kad-btn-primary  \" style=\"background-color:#dd4d4d; border: 0 solid; border-color:#910101; border-radius:2px; color:#0769bf;\" onMouseOver=\"this.style.color=&#039;#ffffff&#039;\" onMouseOut=\"this.style.color=&#039;#0769bf&#039;\">FACEBOOK GRUPP <\/a><\/p>\n<\/div>\n<\/div><\/div><\/div><div id=\"pgc-2172-0-1\"  class=\"panel-grid-cell\" ><div id=\"panel-2172-0-1-0\" class=\"so-panel widget widget_sow-editor panel-first-child panel-last-child\" data-index=\"2\" ><div\n\t\t\t\n\t\t\tclass=\"so-widget-sow-editor so-widget-sow-editor-base\"\n\t\t\t\n\t\t>\n<div class=\"siteorigin-widget-tinymce textwidget\">\n\t<p>organizers \/ \u043e\u0440\u0433\u0430\u043d\u0438\u0437\u0430\u0442\u043e\u0440\u044b:<\/p>\n<p>Tartu Trennid<\/p>\n<p><a class=\"profileLink\" title=\"Jana Petrov\" role=\"button\" href=\"https:\/\/www.facebook.com\/jana.petrov?fref=gs&amp;__tn__=%2CdK-R-R&amp;eid=ARBA9r6FUpK6LSnHq7HxBmlns5Fswe8vbh322vdvtoldN5DyZE4LynrdjZIoWbikantmyZWTk88PmXNR&amp;dti=645011296058009&amp;hc_location=group\" rel=\"dialog\" data-hovercard=\"\/ajax\/hovercard\/user.php?id=100003359498394&amp;extragetparams=%7B%22__tn__%22%3A%22%2CdK-R-R%22%2C%22eid%22%3A%22ARBA9r6FUpK6LSnHq7HxBmlns5Fswe8vbh322vdvtoldN5DyZE4LynrdjZIoWbikantmyZWTk88PmXNR%22%2C%22fref%22%3A%22gs%22%2C%22directed_target_id%22%3A645011296058009%2C%22dti%22%3A645011296058009%2C%22hc_location%22%3A%22group%22%7D\" data-hovercard-prefer-more-content-show=\"1\">Jana Petrov<\/a><\/p>\n<p><a class=\"profileLink\" title=\"Natalja Volkova\" role=\"button\" href=\"https:\/\/www.facebook.com\/natalja.volkova.792?fref=gs&amp;__tn__=%2CdK-R-R&amp;eid=ARBHSteNbFXhzVGMlOpsonQ8Z0N8mTiPC8gV3AU0V87mciuihuTjeiWH576rwTiuJIu18je89Yq-2yEf&amp;dti=645011296058009&amp;hc_location=group\" rel=\"dialog\" data-hovercard=\"\/ajax\/hovercard\/user.php?id=100003211464150&amp;extragetparams=%7B%22__tn__%22%3A%22%2CdK-R-R%22%2C%22eid%22%3A%22ARBHSteNbFXhzVGMlOpsonQ8Z0N8mTiPC8gV3AU0V87mciuihuTjeiWH576rwTiuJIu18je89Yq-2yEf%22%2C%22fref%22%3A%22gs%22%2C%22directed_target_id%22%3A645011296058009%2C%22dti%22%3A645011296058009%2C%22hc_location%22%3A%22group%22%7D\" data-hovercard-prefer-more-content-show=\"1\">Natalja Volkova<\/a><\/p>\n<p><a class=\"profileLink\" title=\"Natalia Samelin\" role=\"button\" href=\"https:\/\/www.facebook.com\/natalia.maksimova.925?fref=gs&amp;__tn__=%2CdK-R-R&amp;eid=ARDV__5MD2bwfUX8LjcasumVp69MQil0_68QQ41mICH4vn_aTPZxLb0XgweZpGdjf4MY9d7j_7R-KnWu&amp;dti=645011296058009&amp;hc_location=group\" rel=\"dialog\" data-hovercard=\"\/ajax\/hovercard\/user.php?id=100004753624965&amp;extragetparams=%7B%22__tn__%22%3A%22%2CdK-R-R%22%2C%22eid%22%3A%22ARDV__5MD2bwfUX8LjcasumVp69MQil0_68QQ41mICH4vn_aTPZxLb0XgweZpGdjf4MY9d7j_7R-KnWu%22%2C%22fref%22%3A%22gs%22%2C%22directed_target_id%22%3A645011296058009%2C%22dti%22%3A645011296058009%2C%22hc_location%22%3A%22group%22%7D\" data-hovercard-prefer-more-content-show=\"1\">Natalia Samelin<\/a><\/p>\n<p><a class=\"profileLink\" title=\"Viktoria Kolotsei\" role=\"button\" href=\"https:\/\/www.facebook.com\/viktoria.kolotsei?fref=gs&amp;__tn__=%2CdK-R-R&amp;eid=ARCumdEn6W85vlMb1CBYZmiqgjpwJLuLpkozYC7J23IVvJysOEhMlO2jpzF4rT5ENE9X1HUMu4U76Vzm&amp;dti=645011296058009&amp;hc_location=group\" rel=\"dialog\" data-hovercard=\"\/ajax\/hovercard\/user.php?id=100001225788533&amp;extragetparams=%7B%22__tn__%22%3A%22%2CdK-R-R%22%2C%22eid%22%3A%22ARCumdEn6W85vlMb1CBYZmiqgjpwJLuLpkozYC7J23IVvJysOEhMlO2jpzF4rT5ENE9X1HUMu4U76Vzm%22%2C%22fref%22%3A%22gs%22%2C%22directed_target_id%22%3A645011296058009%2C%22dti%22%3A645011296058009%2C%22hc_location%22%3A%22group%22%7D\" data-hovercard-prefer-more-content-show=\"1\">Viktoria Kolotsei<\/a><\/p>\n<p>Tartu Trennid invites all owners breed dogs and outbred dogs to Estonia's first virtual Dog Match Show.<\/p>\n<p>Try yourself both as a handler and an expert<span class=\"_5mfr\"><span class=\"_6qdm\">\ud83d\ude43<\/span><\/span><\/p>\n<p>We promise you wonderful virtual prizes!<\/p>\n<p>Registration and participation is free.<\/p>\n<p>Registration rules:<\/p>\n<p>\u2022 Upload one photo of your dog to the correct album of your choice in the photo section (list of albums below)<\/p>\n<p>a. the dog must have a dog show stance and the photo must be cropped so that the handler\u2019s face is not visible.<\/p>\n<p>b. photos of dogs in the outbred group are not required to stand in a stance, but the full height of the dog must be visible.<\/p>\n<p>c. put dog photos in the \u201cworking dogs\u201d album category from competitions and training sessions so that the dog\u2019s work is visible.<\/p>\n<p>\u2022 Sign your dog\u2019s photo as:<\/p>\n<p>Class<\/p>\n<p>Breed name \/ outbred<\/p>\n<p>Country of Residence<\/p>\n<p>Six<\/p>\n<p>Competition rules:<\/p>\n<p>\u2022 Registration of participants begins on 03.29.2020 and ends on 11.04.2020.<\/p>\n<p>\u2022 The competition takes place by collecting facebook likes that each person can give to an unlimited number of dog pictures.<\/p>\n<p>If two pictures have an equal amount of likes, then dog that had registered earliest will be gives the advantage.<\/p>\n<p>\u2022 Dogs are judged in the following groups:<\/p>\n<p>Album \/ Group 1<\/p>\n<p>Album \/ Group 2<\/p>\n<p>Album \/ Group 3<\/p>\n<p>Album \/ Group 4<\/p>\n<p>Album \/ Group 5<\/p>\n<p>Album \/ Group 6<\/p>\n<p>Album \/ Group 7<\/p>\n<p>Album \/ Group 8<\/p>\n<p>Album \/ Group 9<\/p>\n<p>Album \/ Group 10<\/p>\n<p>Album \/ Group: Working Dogs<\/p>\n<p>Album \/ group: Outbred dogs<\/p>\n<p>And in the following classes:<\/p>\n<p>Baby 3-6 months<\/p>\n<p>Puppies 6-9 months<\/p>\n<p>Juniors 9-18 months<\/p>\n<p>Adults from 15 months<\/p>\n<p>Veteran from the age of 8 years old<\/p>\n<p>\u2022 in each group \/ album<\/p>\n<p>BOB \/ BIG and BOS, BM 2,3,4 and BF 2,3,4<\/p>\n<p>BOB \/ BIG and BOS baby, BM 2,3,4 and BF 2,3,4 baby<\/p>\n<p>BOB \/ BIG and BOS puppy, BM 2,3,4 and BF 2,3,4 puppy<\/p>\n<p>BOB \/ BIG and BOS junior, BM 2,3,4 and BF 2,3,4 junior<\/p>\n<p>BOB \/ BIG and BOS veteran, BM 2,3,4 and BF 2,3,4 veteran<\/p>\n<p>winners will be chosen based on the number of likes of the photos on 12.04.<\/p>\n<p>\/ BOB \/ BIG - Best in Group, BOS - Best Opposite gender dog, \u0412\u041c 2,3,4 - Best male 2,3,4; BF 2,3,4 - best female 2,3,4 \/<\/p>\n<p>\u2981 BOB \/ BIG winner next goes to compete in BISS, BIS baby, BIS puppy, BIS junior, BIS veteran. And the winner will be determined by counting \"likes\" in albums \"BISS\", \"BIS baby\", \"BIS puppy\", \"BIS junior\", \"BIS veteran\" 26.04.2020<\/p>\n<p>--------------------------------------------------------------------------------------------------<\/p>\n<p>Tartu Trennid \u043f\u0440\u0438\u0433\u043b\u0430\u0448\u0430\u0435\u0442 \u0432\u0441\u0435\u0445 \u0432\u043b\u0430\u0434\u0435\u043b\u044c\u0446\u0435\u0432 \u043f\u043e\u0440\u043e\u0434\u0438\u0441\u0442\u044b\u0445 \u0438 \u043d\u0435 \u043f\u043e\u0440\u043e\u0434\u0438\u0441\u0442\u044b\u0445 \u0441\u043e\u0431\u0430\u043a \u043d\u0430 \u043f\u0435\u0440\u0432\u0443\u044e \u0432 \u042d\u0441\u0442\u043e\u043d\u0438\u0438 \u0432\u0438\u0440\u0442\u0443\u0430\u043b\u044c\u043d\u0443\u044e Dog Match Show.<\/p>\n<p>\u041f\u043e\u0447\u0443\u0432\u0441\u0442\u0432\u0443\u0439\u0442\u0435 \u0441\u0435\u0431\u044f \u043e\u0434\u043d\u043e\u0432\u0440\u0435\u043c\u0435\u043d\u043d\u043e \u0438 \u0443\u0447\u0430\u0441\u0442\u043d\u0438\u043a\u043e\u043c \u0438 \u044d\u043a\u0441\u043f\u0435\u0440\u0442\u043e\u043c)))<\/p>\n<p>\u041e\u0431\u0435\u0449\u0430\u0435\u043c \u0432\u0430\u043c \u0437\u0430\u043c\u0435\u0447\u0430\u0442\u0435\u043b\u044c\u043d\u044b\u0435 \u0432\u0438\u0440\u0442\u0443\u0430\u043b\u044c\u043d\u044b\u0435 \u043f\u0440\u0438\u0437\u044b!<\/p>\n<p>\u0420\u0435\u0433\u0438\u0441\u0442\u0440\u0430\u0446\u0438\u044f \u0438 \u0443\u0447\u0430\u0441\u0442\u0438\u0435 \u0431\u0435\u0441\u043f\u043b\u0430\u0442\u043d\u043e\u0435.<\/p>\n<p>\u041f\u0440\u0430\u0432\u0438\u043b\u0430 \u0440\u0435\u0433\u0438\u0441\u0442\u0440\u0430\u0446\u0438\u0438:<\/p>\n<p>\u0430) \u0417\u0430\u0433\u0440\u0443\u0437\u0438\u0442\u044c \u0432 \u0440\u0430\u0437\u0434\u0435\u043b\u0435 \u0444\u043e\u0442\u043e\u0433\u0440\u0430\u0444\u0438\u0438 \u043e\u0434\u043d\u0443 \u0444\u043e\u0442\u043e\u0433\u0440\u0430\u0444\u0438\u044e \u0432\u0430\u0448\u0435\u0439 \u0441\u043e\u0431\u0430\u043a\u0438 \u0432 \u043d\u0443\u0436\u043d\u044b\u0439 \u0432\u0430\u043c \u0430\u043b\u044c\u0431\u043e\u043c (\u043f\u0435\u0440\u0435\u0447\u0435\u043d\u044c \u0430\u043b\u044c\u0431\u043e\u043c\u043e\u0432\u2013\u043d\u0438\u0436\u0435)<\/p>\n<p>\u0432) \u0444\u043e\u0442\u043e \u0441\u043e\u0431\u0430\u043a\u0438 \u0434\u043e\u043b\u0436\u043d\u043e \u0431\u044b\u0442\u044c \u0432 \u0441\u0442\u043e\u0439\u043a\u0435 \u0438 \u043e\u0431\u0440\u0435\u0437\u0430\u043d\u043e \u0442\u0430\u043a, \u0447\u0442\u043e\u0431\u044b \u043d\u0435 \u0431\u044b\u043b\u043e \u0432\u0438\u0434\u043d\u043e \u043b\u0438\u0446\u043e \u0445\u0435\u043d\u0434\u043b\u0435\u0440\u0430<\/p>\n<p>\u0441) \u0444\u043e\u0442\u043e \u0441\u043e\u0431\u0430\u043a \u0432 \u0433\u0440\u0443\u043f\u043f\u0435 \u00ab\u0431\u0435\u0441\u043f\u043e\u0440\u043e\u0434\u043d\u044b\u0435\u00bb \u043d\u0435 \u043e\u0431\u044f\u0437\u0430\u043d\u043e \u0431\u044b\u0442\u044c \u0432 \u0441\u0442\u043e\u0439\u043a\u0435, \u043d\u043e \u0432 \u043f\u043e\u043b\u043d\u044b\u0439 \u0440\u043e\u0441\u0442<\/p>\n<p>d) \u0444\u043e\u0442\u043e \u0441\u043e\u0431\u0430\u043a \u0432 \u0430\u043b\u044c\u0431\u043e\u043c\u0435 \u00ab\u0440\u0430\u0431\u043e\u0447\u0438\u0435 \u0441\u043e\u0431\u0430\u043a\u0438\u00bb \u043f\u043e\u0441\u0442\u0430\u0432\u044c\u0442\u0435 \u0441 \u0441\u043e\u0440\u0435\u0432\u043d\u043e\u0432\u0430\u043d\u0438\u0439, \u0442\u0440\u0435\u043d\u0438\u0440\u043e\u0432\u043e\u043a \u0438 \u0441\u043e\u0441\u0442\u044f\u0437\u0430\u043d\u0438\u0439, \u0447\u0442\u043e\u0431\u044b \u0431\u044b\u043b\u0430 \u0432\u0438\u0434\u043d\u0430 \u0440\u0430\u0431\u043e\u0442\u0430 \u0441\u043e\u0431\u0430\u043a\u0438.<\/p>\n<p>\u2022 \u041f\u043e\u0434\u043f\u0438\u0448\u0438\u0442\u0435 \u0444\u043e\u0442\u043e \u0432\u0430\u0448\u0435\u0439 \u0441\u043e\u0431\u0430\u043a\u0438, \u043a\u0430\u043a:<\/p>\n<p>\u041a\u043b\u0430\u0441\u0441<\/p>\n<p>\u041f\u043e\u0440\u043e\u0434\u0430\/\u0431\u0435\u0441\u043f\u043e\u0440\u043e\u0434\u043d\u044b\u0439<\/p>\n<p>\u0421\u0442\u0440\u0430\u043d\u0430 \u043f\u0440\u043e\u0436\u0438\u0432\u0430\u043d\u0438\u044f<\/p>\n<p>\u041f\u0440\u0430\u0432\u0438\u043b\u0430 \u043f\u0440\u043e\u0432\u0435\u0434\u0435\u043d\u0438\u044f<\/p>\n<p>\u041f\u043e\u043b<\/p>\n<p>\u2022 \u0420\u0435\u0433\u0438\u0441\u0442\u0440\u0430\u0446\u0438\u044f \u0443\u0447\u0430\u0441\u0442\u043d\u0438\u043a\u043e\u0432 \u043d\u0430\u0447\u0438\u043d\u0430\u0435\u0442\u0441\u044f 29.03.2020 \u0438 \u0437\u0430\u043a\u0430\u043d\u0447\u0438\u0432\u0430\u0435\u0442\u0441\u044f 11.04.2020.<\/p>\n<p>\u2022 \u0421\u0443\u0434\u0435\u0439\u0441\u0442\u0432\u043e \u043e\u0441\u0443\u0449\u0435\u0441\u0442\u0432\u043b\u044f\u0435\u0442\u0441\u044f \u043f\u043e\u0434\u0441\u0447\u0435\u0442\u043e\u043c \u043b\u0430\u0439\u043a\u043e\u0432, \u043a\u043e\u0442\u043e\u0440\u044b\u0435 \u043c\u043e\u0436\u0435\u0442 \u043e\u0442\u0434\u0430\u0442\u044c \u043b\u044e\u0431\u043e\u0439 \u0447\u0435\u043b\u043e\u0432\u0435\u043a \u043d\u0435\u043e\u0433\u0440\u0430\u043d\u0438\u0447\u0435\u043d\u043d\u043e\u043c\u0443 \u043a\u043e\u043b\u0438\u0447\u0435\u0441\u0442\u0432\u0443 \u0441\u043e\u0431\u0430\u043a.<\/p>\n<p>\u0430. \u041f\u0440\u0438 \u043e\u0434\u0438\u043d\u0430\u043a\u043e\u0432\u043e\u043c \u043a\u043e\u043b\u0438\u0447\u0435\u0441\u0442\u0432\u0435 \u043b\u0430\u0439\u043a\u043e\u0432 \u043f\u0440\u0435\u0434\u043f\u043e\u0447\u0442\u0435\u043d\u0438\u0435 \u043e\u0442\u0434\u0430\u0435\u0442\u0441\u044f \u0442\u043e\u0439 \u0441\u043e\u0431\u0430\u043a\u0435, \u043a\u043e\u0442\u043e\u0440\u0430\u044f \u0431\u044b\u043b\u0430 \u0437\u0430\u0440\u0435\u0433\u0438\u0441\u0442\u0440\u0438\u0440\u043e\u0432\u0430\u043d\u0430 \u043d\u0430 \u0432\u044b\u0441\u0442\u0430\u0432\u043a\u0443 \u0440\u0430\u043d\u044c\u0448\u0435, \u0447\u0435\u043c \u0434\u0440\u0443\u0433\u0430\u044f\/\u0434\u0440\u0443\u0433\u0438\u0435<\/p>\n<p>\u2022 \u0421\u043e\u0431\u0430\u043a\u0438 \u043e\u0446\u0435\u043d\u0438\u0432\u0430\u044e\u0442\u0441\u044f \u0432 \u0441\u043b\u0435\u0434\u0443\u044e\u0449\u0438\u0445 \u0433\u0440\u0443\u043f\u043f\u0430\u0445 :<\/p>\n<p>\u0410\u043b\u044c\u0431\u043e\u043c\/\u0413\u0440\u0443\u043f\u043f\u0430 1<\/p>\n<p>\u0410\u043b\u044c\u0431\u043e\u043c\/ \u0413\u0440\u0443\u043f\u043f\u0430 2<\/p>\n<p>\u0410\u043b\u044c\u0431\u043e\u043c\/\u0413\u0440\u0443\u043f\u043f\u0430 3<\/p>\n<p>\u0410\u043b\u044c\u0431\u043e\u043c\/\u0413\u0440\u0443\u043f\u043f\u0430 4<\/p>\n<p>\u0410\u043b\u044c\u0431\u043e\u043c\/\u0413\u0440\u0443\u043f\u043f\u0430 5<\/p>\n<p>\u0410\u043b\u044c\u0431\u043e\u043c\/\u0413\u0440\u0443\u043f\u043f\u0430 6<\/p>\n<p>\u0410\u043b\u044c\u0431\u043e\u043c\/\u0413\u0440\u0443\u043f\u043f\u0430 7<\/p>\n<p>\u0410\u043b\u044c\u0431\u043e\u043c\/\u0413\u0440\u0443\u043f\u043f\u0430 8<\/p>\n<p>\u0410\u043b\u044c\u0431\u043e\u043c\/\u0413\u0440\u0443\u043f\u043f\u0430 9<\/p>\n<p>\u0410\u043b\u044c\u0431\u043e\u043c\/\u0413\u0440\u0443\u043f\u043f\u0430 10<\/p>\n<p>\u0410\u043b\u044c\u0431\u043e\u043c\/\u0413\u0440\u0443\u043f\u043f\u0430 \u0420\u0430\u0431\u043e\u0447\u0438\u0435 \u0441\u043e\u0431\u0430\u043a\u0438<\/p>\n<p>\u0410\u043b\u044c\u0431\u043e\u043c\/\u0413\u0440\u0443\u043f\u043f\u0430 \u0411\u0435\u0441\u043f\u043e\u0440\u043e\u0434\u043d\u044b\u0435 \u0441\u043e\u0431\u0430\u043a\u0438<\/p>\n<p>\u0418 \u0432 \u0441\u043b\u0435\u0434\u0443\u044e\u0449\u0438\u0445 \u043a\u043b\u0430\u0441\u0441\u0430\u0445:<\/p>\n<p>\u0411\u0435\u0431\u0438 3-6 \u043c\u0435\u0441<\/p>\n<p>\u0429\u0435\u043d\u043a\u0438 6-9 \u043c\u0435\u0441<\/p>\n<p>\u042e\u043d\u0438\u043e\u0440\u044b 9-18 \u043c\u0435\u0441<\/p>\n<p>\u0412\u0437\u0440\u043e\u0441\u043b\u044b\u0439 \u0441 15 \u043c\u0435\u0441<\/p>\n<p>\u0412\u0435\u0442\u0435\u0440\u0430\u043d\u0441\u043a\u0438\u0439 \u0441 8 \u043b\u0435\u0442<\/p>\n<p>\u2022 \u0412 \u043a\u0430\u0436\u0434\u043e\u0439 \u0433\u0440\u0443\u043f\u043f\u0435\/\u0430\u043b\u044c\u0431\u043e\u043c\u0435<\/p>\n<p>BOB\/BIG \u0438 BOS, BM 2,3,4 \u0438 BF 2,3,4<\/p>\n<p>BOB\/BIG \u0438 BOS \u0431\u0435\u0431\u0438, BM 2,3,4 \u0438 BF 2,3,4 \u0431\u0435\u0431\u0438<\/p>\n<p>BOB\/BIG \u0438 BOS \u0449\u0435\u043d\u043e\u043a, BM 2,3,4 \u0438 BF 2,3,4 \u0449\u0435\u043d\u043e\u043a<\/p>\n<p>BOB\/BIG \u0438 BOS \u044e\u043d\u0438\u043e\u0440, BM 2,3,4 \u0438 BF 2,3,4 \u044e\u043d\u0438\u043e\u0440<\/p>\n<p>BOB\/BIG \u0438 BOS \u0432\u0435\u0442\u0435\u0440\u0430\u043d, BM 2,3,4 \u0438 BF 2,3,4 \u0432\u0435\u0442\u0435\u0440\u0430\u043d<\/p>\n<p>\u0431\u0443\u0434\u0443\u0442 \u0432\u044b\u0431\u0440\u0430\u043d\u044b 12.04 \u043f\u043e\u0434\u0441\u0447\u0435\u0442\u043e\u043c \u043b\u0430\u0439\u043a\u043e\u0432 \u043f\u043e\u0434 \u0444\u043e\u0442\u043e\u0433\u0440\u0430\u0444\u0438\u0435\u0439.<\/p>\n<p>\/ BOB\/BIG \u2013 \u043b\u0443\u0447\u0448\u0438\u0439 \u0432 \u0433\u0440\u0443\u043f\u043f\u0435, BOS \u2013 \u043b\u0443\u0447\u0448\u0438\u0439 \u043f\u0440\u043e\u0442\u0438\u0432\u043e\u043f\u043e\u043b\u043e\u0436\u043d\u043e\u0433\u043e \u043f\u043e\u043b\u0430, \u0412\u041c 2,3,4 \u2013 \u043b\u0443\u0447\u0448\u0438\u0439 \u043a\u043e\u0431\u0435\u043b\u044c 2,3,4; BF 2,3,4 \u2013 \u043b\u0443\u0447\u0448\u0430\u044f \u0441\u0443\u043a\u0430 2,3,4\/<\/p>\n<p>\u2022 \u041f\u043e\u0431\u0435\u0434\u0438\u0442\u0435\u043b\u0438 BOB\/BIG \u0432\u044b\u0445\u043e\u0434\u044f\u0442 \u043d\u0430 BISS, BIS baby, BIS puppy, BIS junior, BIS veteran. \u0418 \u043f\u043e\u0431\u0435\u0434\u0438\u0442\u0435\u043b\u0438 \u0431\u0443\u0434\u0443\u0442 \u0432\u044b\u0431\u0440\u0430\u043d\u044b \u043f\u043e\u0434\u0441\u0447\u0435\u0442\u043e\u043c \u043b\u0430\u0439\u043a\u043e\u0432 \u0432 \u0430\u043b\u044c\u0431\u043e\u043c\u0430\u0445 \u00abBISS\u00bb, \u00abBIS baby\u00bb, \u00abBIS puppy\u00bb, \u00abBIS junior\u00bb, \u00abBIS veteran\u00bb 26.04.2020<\/p>\n<p>---------------------------------------------------------------------------------<\/p>\n<p>Tartu Trennid kutsub k\u00f5iki, nii tavaliste kui ka t\u00f5ukoerte omanikke Eesti esimesele virtuaalsele koerte Match Show`le.<\/p>\n<p>Saate kogemuse olla nii handleri kui ka eksperdi rollis<span class=\"_5mfr\"><span class=\"_6qdm\">\ud83d\ude43<\/span><\/span><\/p>\n<p>Lubame teile imelisi virtuaalseid auhindu! Registreerimine ja osalemine on tasuta.<\/p>\n<p>Registreerimise reeglid:<\/p>\n<p>Laadige \u00fcles \u00fcks foto oma koerast endale sobivasse albumisse (albumite loetelu allpool)<\/p>\n<p>\u2022 a. koera foto peab olema k\u00e4rbitud sel moel, et koera handleri n\u00e4gu poleks n\u00e4htav ja koer oleks n\u00e4ituse seisakus.<\/p>\n<p>\u2022 b. fotod, mis pole t\u00f5ukoertest, ei pea koer olema n\u00e4ituse seisakus - kuid koera peab olema n\u00e4htav t\u00e4issuuruses.<\/p>\n<p>\u2022 c. albumisse \"t\u00f6\u00f6koerad\" postitage pilt koolitustest v\u00f5i v\u00f5istlustest, kus pildil oleks n\u00e4ha koera sooritust ja t\u00f6\u00f6d.<\/p>\n<p>Allkirjastage oma koera foto j\u00e4rgmiselt:<\/p>\n<p>\u2022 Klass<\/p>\n<p>\u2022 T\u00f5ug \/ aretatud<\/p>\n<p>\u2022 Elukohariik<\/p>\n<p>\u2022 Sugu<\/p>\n<p>L\u00e4biviimise reeglid:<\/p>\n<p>\u2022 Osalejate registreerimine algab 29.03.2020 ja l\u00f5peb 11.04.2020.<\/p>\n<p>\u2022 V\u00f5istlus toimub kogudes facebooki \"like\"(meeldimisi), mida iga inimene v\u00f5ib anda piiramatu arvu koerte piltidele. Sama arvu \"like\"(meeldimiste) korral eelistatakse koera, kes oli n\u00e4itusele registreerinud varem.<\/p>\n<p>\u2022 Koeri hinnatakse j\u00e4rgmistes r\u00fchmades:<\/p>\n<p>Album \/ r\u00fchm 1<\/p>\n<p>Album \/ r\u00fchm 2<\/p>\n<p>Album \/ r\u00fchm 3<\/p>\n<p>Album \/ r\u00fchm 4<\/p>\n<p>Album \/ r\u00fchm 5<\/p>\n<p>Album \/ r\u00fchm 6<\/p>\n<p>Album \/ r\u00fchm 7<\/p>\n<p>Album \/ r\u00fchm 8<\/p>\n<p>Album \/ r\u00fchm 9<\/p>\n<p>Album \/ r\u00fchm 10<\/p>\n<p>Album\/ r\u00fchm: kasutuskoerad<\/p>\n<p>Album \/ r\u00fchm: segaveresedkoerad<\/p>\n<p>Ja j\u00e4rgmistes klassides:<\/p>\n<p>Beebi 3-6 kuud<\/p>\n<p>Kutsikad 6-9 kuud<\/p>\n<p>Juuniorid 9-18 kuud<\/p>\n<p>T\u00e4iskasvanud alates 15 kuust<\/p>\n<p>Veteran alates 8. eluaastast<\/p>\n<p>\u2022 igas grupis\/albumis<\/p>\n<p>BOB\/BIG ja BOS, BM 2,3,4 ja BF 2,3,4<\/p>\n<p>BOB\/BIG ja BOS beebi, BM 2,3,4 ja BF 2,3,4 beebi BOB\/BIG ja BOS kutsikas, BM 2,3,4 ja BF 2,3,4 kutsikas BOB\/BIG ja BOS juunior, BM 2,3,4 ja BF 2,3,4 juunior BOB\/BIG ja BOS veteran, BM 2,3,4 ja BF 2,3,4 veteran<\/p>\n<p>saavad valitud 12.04 lugedes kokku \"like\"(meeldimiste) arvu fotode all.<\/p>\n<p>\/ BOB\/BIG \u2013 parim grupis, BOS \u2013 parim vastassoo koer, \u0412\u041c 2,3,4 \u2013 parim isane2,3,4; BF 2,3,4 \u2013 parim emane 2,3,4\/<\/p>\n<p>\u2022 BOB\/BIG v\u00f5itja l\u00e4heb edasi BISS, BIS baby, BIS puppy, BIS junior, BIS veteran.<\/p>\n<p>Ning v\u00f5itja selgitatakse v\u00e4lja lugedes kokku \"like\"(meeldimisi) albumites \u00abBISS\u00bb, \u00abBIS baby\u00bb, \u00abBIS puppy\u00bb, \u00abBIS junior\u00bb, \u00abBIS veteran\u00bb 26.04.2020<\/p>\n<\/div>\n<\/div><\/div><\/div><\/div><\/div>","protected":false},"excerpt":{"rendered":"<p>[ organizers \/ \u043e\u0440\u0433\u0430\u043d\u0438\u0437\u0430\u0442\u043e\u0440\u044b: Tartu Trennid Jana Petrov Natalja Volkova Natalia Samelin Viktoria Kolotsei Tartu Trennid invites all owners breed dogs and outbred dogs to Estonia&#8217;s first virtual Dog Match Show. Try yourself both as a handler and an expert\ud83d\ude43 &hellip; <a class=\"kt-excerpt-readmore\" href=\"https:\/\/tartutrennid.ee\/et\/virtual-match-dog-show-2\/\" aria-label=\"29.03.2020 Virtual Match dog Show\">\u0427\u0438\u0442\u0430\u0442\u044c \u0434\u0430\u043b\u0435\u0435<\/a><\/p>\n","protected":false},"author":1,"featured_media":0,"parent":0,"menu_order":0,"comment_status":"closed","ping_status":"closed","template":"","meta":{"kt_blocks_editor_width":"","footnotes":""},"_links":{"self":[{"href":"https:\/\/tartutrennid.ee\/et\/wp-json\/wp\/v2\/pages\/2172"}],"collection":[{"href":"https:\/\/tartutrennid.ee\/et\/wp-json\/wp\/v2\/pages"}],"about":[{"href":"https:\/\/tartutrennid.ee\/et\/wp-json\/wp\/v2\/types\/page"}],"author":[{"embeddable":true,"href":"https:\/\/tartutrennid.ee\/et\/wp-json\/wp\/v2\/users\/1"}],"replies":[{"embeddable":true,"href":"https:\/\/tartutrennid.ee\/et\/wp-json\/wp\/v2\/comments?post=2172"}],"version-history":[{"count":4,"href":"https:\/\/tartutrennid.ee\/et\/wp-json\/wp\/v2\/pages\/2172\/revisions"}],"predecessor-version":[{"id":2397,"href":"https:\/\/tartutrennid.ee\/et\/wp-json\/wp\/v2\/pages\/2172\/revisions\/2397"}],"wp:attachment":[{"href":"https:\/\/tartutrennid.ee\/et\/wp-json\/wp\/v2\/media?parent=2172"}],"curies":[{"name":"wp","href":"https:\/\/api.w.org\/{rel}","templated":true}]}}