{"id":1940,"date":"2019-11-21T23:33:06","date_gmt":"2019-11-21T23:33:06","guid":{"rendered":"https:\/\/tartutrennid.ee\/?page_id=1940"},"modified":"2020-11-10T22:32:58","modified_gmt":"2020-11-10T22:32:58","slug":"pakapiku-match-show","status":"publish","type":"page","link":"https:\/\/tartutrennid.ee\/et\/et\/pakapiku-match-show\/","title":{"rendered":"21.12.2020 P\u00e4kapiku MATCH SHOW"},"content":{"rendered":"<div id=\"pl-gb1940-69e07c1aee808\"  class=\"panel-layout\" ><div id=\"pg-gb1940-69e07c1aee808-0\"  class=\"panel-grid panel-no-style\" ><div id=\"pgc-gb1940-69e07c1aee808-0-0\"  class=\"panel-grid-cell\" ><div id=\"panel-gb1940-69e07c1aee808-0-0-0\" class=\"so-panel widget widget_sow-image panel-first-child panel-last-child\" data-index=\"0\" ><div\n\t\t\t\n\t\t\tclass=\"so-widget-sow-image so-widget-sow-image-default-c4f6304fc136-1940\"\n\t\t\t\n\t\t>\n<div class=\"sow-image-container\">\n\t\t<img \n\tsrc=\"https:\/\/tartutrennid.ee\/wp-content\/uploads\/2019\/11\/P\u00e4kapiku-FB-shapka.jpg\" width=\"1200\" height=\"444\" srcset=\"https:\/\/tartutrennid.ee\/wp-content\/uploads\/2019\/11\/P\u00e4kapiku-FB-shapka.jpg 1200w, https:\/\/tartutrennid.ee\/wp-content\/uploads\/2019\/11\/P\u00e4kapiku-FB-shapka-300x111.jpg 300w, https:\/\/tartutrennid.ee\/wp-content\/uploads\/2019\/11\/P\u00e4kapiku-FB-shapka-768x284.jpg 768w, https:\/\/tartutrennid.ee\/wp-content\/uploads\/2019\/11\/P\u00e4kapiku-FB-shapka-1024x379.jpg 1024w\" sizes=\"(max-width: 1200px) 100vw, 1200px\" title=\"P\u00e4kapiku FB shapka\" alt=\"\" \t\tclass=\"so-widget-image\"\/>\n\t<\/div>\n\n<\/div><\/div><\/div><\/div><div id=\"pg-gb1940-69e07c1aee808-1\"  class=\"panel-grid panel-no-style\" ><div id=\"pgc-gb1940-69e07c1aee808-1-0\"  class=\"panel-grid-cell\" ><div id=\"panel-gb1940-69e07c1aee808-1-0-0\" class=\"so-panel widget widget_sow-editor panel-first-child\" data-index=\"1\" ><div class=\"panel-widget-style panel-widget-style-for-gb1940-69e07c1aee808-1-0-0\" ><div\n\t\t\t\n\t\t\tclass=\"so-widget-sow-editor so-widget-sow-editor-base\"\n\t\t\t\n\t\t>\n<div class=\"siteorigin-widget-tinymce textwidget\">\n\t<p>&nbsp;<\/p>\n<hr \/>\n<p>P\u00e4kapiku Match Show KAVA:<\/p>\n<p>\u00dcritus toimub MT\u00dc Tartu Trennid koertesaalis ,mis asub aadressil J\u00e4rve tee 15, Ilmatsalu Tartu maakond 61401<\/p>\n<div class=\"text_exposed_show\">\n<p>Kava:<\/p>\n<p>11.00- REGISTREERIMINE<\/p>\n<p>12.00 KUTSIKATE RINGI ALGUS (kohtunik Natalia Volkova)<\/p>\n<p>AUTASUSTAMINE<\/p>\n<p>13.50 ALLAP\u00d5LVE KOERTE RINGI ALGUS ( kohtunik Pilvi Pihlik)<\/p>\n<p>AUTASUSTAMINE<\/p>\n<p>14.50 \u00dcLEP\u00d5LVE KOERTE RINGI ALGUS ( kohtunik Pilvi Pihlik)<\/p>\n<p>AUTASUSTAMINE<\/p>\n<p>15.40 VETERAANIDE RINGI ALGUS ( kohtunik Pilvi Pihlik)<\/p>\n<p>AUTASUSTAMINE<\/p>\n<p>Olla kohal v\u00e4hemalt 15 minutit enne oma koera ringi t\u00f6\u00f6 alustamist. Koera v\u00f5istlusnumbri saab k\u00e4tte registreerimislauast ja kindlasti veterinaarpass kaasa!<\/p>\n<\/div>\n<hr \/>\n<p>&nbsp;<\/p>\n<\/div>\n<\/div><\/div><\/div><div id=\"panel-gb1940-69e07c1aee808-1-0-1\" class=\"so-panel widget widget_sow-editor panel-last-child\" data-index=\"2\" ><div\n\t\t\t\n\t\t\tclass=\"so-widget-sow-editor so-widget-sow-editor-base\"\n\t\t\t\n\t\t>\n<div class=\"siteorigin-widget-tinymce textwidget\">\n\t<p>REEGLID:<\/p>\n<p>P\u00e4kapiku MATCH SHOW on mitteametlik koerten\u00e4itus.<\/p>\n<p>Erinevus ametliku koeran\u00e4itusega on see, et koerad tulevad ringi kahekaupa ja saavad kohtunikult punase v\u00f5i sinise paela.<\/p>\n<p>P\u00e4rast seda koerad jaotatakse kaheks grupiks, kes saavad punased paelad, v\u00f5istlevad omavahel ja kes saavad sinised paelad v\u00f5istlevad omavahel<\/p>\n<p>Igas ringis valitakse kolm esimest kohta.<\/p>\n<\/div>\n<\/div><\/div><\/div><div id=\"pgc-gb1940-69e07c1aee808-1-1\"  class=\"panel-grid-cell\" ><div id=\"panel-gb1940-69e07c1aee808-1-1-0\" class=\"so-panel widget widget_sow-editor panel-first-child\" data-index=\"3\" ><div\n\t\t\t\n\t\t\tclass=\"so-widget-sow-editor so-widget-sow-editor-base\"\n\t\t\t\n\t\t>\n<div class=\"siteorigin-widget-tinymce textwidget\">\n\t<p>MT\u00dc TARTU TRENNID KORRALDAB P\u00c4KAPIKU MACH SHOW<\/p>\n<p>MILLAL: 21.12.2019 kell 12.00<br \/>\nKUS: MT\u00dc Tartu Trennid koertesaal ,mis asub aadressil J\u00e4rve tee 15, Ilmatsalu Tartu maakond 61401<\/p>\n<p>Oodatud on k\u00f5ik koerad, ei s\u00f5ltu t\u00f5ust ja kasvust, v\u00e4rvist ja vanusest! K\u00f5ik osalejad saavad v\u00e4iksed kingitused! P\u00e4kapikud hakkavad k\u00e4ima!<\/p>\n<p>Meie kohtunikud: NATALIA VOLKOVA ja PILVI PIHLIK<\/p>\n<p>Koerad v\u00f5istlevad j\u00e4rgmistes klassides:<br \/>\n<span style=\"color: #008000;\">&#8212; KUTSIKAD: vanus kuni 12 kuud;<\/span><br \/>\n<span style=\"color: #008000;\">&#8212; ALLAP\u00d5LVE KOERAD: turjak\u00f5rgus kuni omaniku p\u00f5lveni,<\/span><br \/>\n<span style=\"color: #008000;\">vanus \u00fcle 12 kuu;<\/span><br \/>\n<span style=\"color: #008000;\">&#8212; \u00dcLEP\u00d5LVE KOERAD: turjak\u00f5rgus \u00fcle omaniku p\u00f5lve,<\/span><br \/>\n<span style=\"color: #008000;\">vanus \u00fcle 12 kuu;<\/span><br \/>\n<span style=\"color: #008000;\">&#8212; VETERANID: vanus \u00fcle 7 aasta.<\/span><\/p>\n<p>Peale registreerimise l\u00f5ppu saadetakse k\u00f5ikide osalejate e-mailile ,mis kell tema klass v\u00f5istleb, ning ta peab olema kohal v\u00e4hemalt 15 min. enne tema klassi v\u00f5istlust. Autasustamine k\u00e4ib kohe peale klassi l\u00f5petamist.<\/p>\n<p>REGISTREERIMISTASUD:<br \/>\n<span style=\"color: #ff0000;\">AINULT Eelregistreerimisel e-posti teel kuni 18.12<\/span><br \/>\n<span style=\"color: #0000ff;\">Osalemistasu :7 eur\/koer<\/span><\/p>\n<p>Eelregistreerimiseks palun saatke allj\u00e4rgnevad andmed<br \/>\n<span style=\"color: #0000ff;\">MT\u00dc Tartu Trennid e-mail tartutrennid@gmail.com<\/span><br \/>\n<span style=\"color: #0000ff;\">&#8212; koera nimi;<\/span><br \/>\n<span style=\"color: #0000ff;\">&#8212; koera vanus;<\/span><br \/>\n<span style=\"color: #0000ff;\">&#8212; registreerimisklass;<\/span><br \/>\n<span style=\"color: #0000ff;\">&#8212; omaniku nimi;<\/span><br \/>\n<span style=\"color: #0000ff;\">&#8212; maksekorralduse koopia.<\/span><br \/>\nRegistreerimistasu palume maksta<\/p>\n<p><span style=\"color: #0000ff;\">MT\u00dc TARTU TRENNID<\/span><br \/>\n<span style=\"color: #0000ff;\">SEB EE 51 1010 2202 7442 1227<\/span><\/p>\n<p>Osalejate number v\u00e4ljastatakse kohapeal.<\/p>\n<p>NB! K\u00f5ik osalevad koerad peavad olema n\u00f5uetekohaselt vaktsineeritud<\/p>\n<\/div>\n<\/div><\/div><div id=\"panel-gb1940-69e07c1aee808-1-1-1\" class=\"so-panel widget widget_sow-editor panel-last-child\" data-index=\"4\" ><div\n\t\t\t\n\t\t\tclass=\"so-widget-sow-editor so-widget-sow-editor-base\"\n\t\t\t\n\t\t>\n<div class=\"siteorigin-widget-tinymce textwidget\">\n\t<p><img loading=\"lazy\" decoding=\"async\" class=\"alignnone size-medium wp-image-1987\" src=\"https:\/\/tartutrennid.ee\/wp-content\/uploads\/2019\/11\/779d37371cd65c9413121e853e708809-1-300x87.jpg\" alt=\"\" width=\"300\" height=\"87\" data-id=\"1987\" srcset=\"https:\/\/tartutrennid.ee\/wp-content\/uploads\/2019\/11\/779d37371cd65c9413121e853e708809-1-300x87.jpg 300w, https:\/\/tartutrennid.ee\/wp-content\/uploads\/2019\/11\/779d37371cd65c9413121e853e708809-1.jpg 530w\" sizes=\"(max-width: 300px) 100vw, 300px\" \/><\/p>\n<\/div>\n<\/div><\/div><\/div><\/div><\/div>","protected":false},"excerpt":{"rendered":"<p>&nbsp; P\u00e4kapiku Match Show KAVA: \u00dcritus toimub MT\u00dc Tartu Trennid koertesaalis ,mis asub aadressil J\u00e4rve tee 15, Ilmatsalu Tartu maakond 61401 Kava: 11.00- REGISTREERIMINE 12.00 KUTSIKATE RINGI ALGUS (kohtunik Natalia Volkova) AUTASUSTAMINE 13.50 ALLAP\u00d5LVE KOERTE RINGI ALGUS ( kohtunik Pilvi &hellip; <a class=\"kt-excerpt-readmore\" href=\"https:\/\/tartutrennid.ee\/et\/et\/pakapiku-match-show\/\" aria-label=\"21.12.2020 P\u00e4kapiku MATCH SHOW\">\u0427\u0438\u0442\u0430\u0442\u044c \u0434\u0430\u043b\u0435\u0435<\/a><\/p>\n","protected":false},"author":1,"featured_media":0,"parent":0,"menu_order":0,"comment_status":"closed","ping_status":"closed","template":"","meta":{"kt_blocks_editor_width":"","footnotes":""},"_links":{"self":[{"href":"https:\/\/tartutrennid.ee\/et\/wp-json\/wp\/v2\/pages\/1940"}],"collection":[{"href":"https:\/\/tartutrennid.ee\/et\/wp-json\/wp\/v2\/pages"}],"about":[{"href":"https:\/\/tartutrennid.ee\/et\/wp-json\/wp\/v2\/types\/page"}],"author":[{"embeddable":true,"href":"https:\/\/tartutrennid.ee\/et\/wp-json\/wp\/v2\/users\/1"}],"replies":[{"embeddable":true,"href":"https:\/\/tartutrennid.ee\/et\/wp-json\/wp\/v2\/comments?post=1940"}],"version-history":[{"count":21,"href":"https:\/\/tartutrennid.ee\/et\/wp-json\/wp\/v2\/pages\/1940\/revisions"}],"predecessor-version":[{"id":2398,"href":"https:\/\/tartutrennid.ee\/et\/wp-json\/wp\/v2\/pages\/1940\/revisions\/2398"}],"wp:attachment":[{"href":"https:\/\/tartutrennid.ee\/et\/wp-json\/wp\/v2\/media?parent=1940"}],"curies":[{"name":"wp","href":"https:\/\/api.w.org\/{rel}","templated":true}]}}