{"id":1655,"date":"2018-10-21T16:27:59","date_gmt":"2018-10-21T16:27:59","guid":{"rendered":"https:\/\/tartutrennid.ee\/?page_id=1655"},"modified":"2023-03-27T20:37:30","modified_gmt":"2023-03-27T20:37:30","slug":"teenused","status":"publish","type":"page","link":"https:\/\/tartutrennid.ee\/et\/et\/teenused\/","title":{"rendered":"Teenused"},"content":{"rendered":"<div id=\"pl-1655\"  class=\"panel-layout\" ><div id=\"pg-1655-0\"  class=\"panel-grid panel-has-style\" ><div class=\"siteorigin-panels-stretch kt-parallax-stellar kt-panel-row-stretch panel-widget-style panel-row-style panel-row-style-for-1655-0\" style=\"background-image: url(https:\/\/tartutrennid.ee\/wp-content\/uploads\/2018\/10\/\u0441\u043b\u0430\u0439\u0434\u0435\u04401.jpg);background-position: left top;visibility: hidden;\" data-stretch-type=\"full\" data-ktstellar-background-ratio=\"0.5\" ><div id=\"pgc-1655-0-0\"  class=\"panel-grid-cell\" >\n\n        <div id=\"panel-1655-0-0-0\" class=\"so-panel widget widget_kadence_calltoaction_widget kadence_calltoaction_widget panel-first-child panel-last-child\" data-index=\"0\" ><div class=\"kt-ctaw clearfix\"><h1 class=\"kt-call-to-action-title\" style=\"color:#ea3321; font-size:48px; line-height:1.1; text-align:center; \"  data-max-size=\"48\" data-min-size=\"48\">MT\u00dc TARTU TRENNID<\/h1><h5 class=\"kt-call-to-action-subtitle\" style=\"color:#919191; font-size:20px; line-height:1.1; text-align:center; \"  data-max-size=\"20\" data-min-size=\"20\">klubi, mis \u00fchendab endas k\u00f5iki, kes armastavad loomi ...<\/h5><div style=\"text-align:center\"><a href=\"https:\/\/www.facebook.com\/groups\/1581766031935481\" id=\"kadbtn93\" target=\"_blank\" class=\"kad-btn btn-shortcode kad-btn-primary lg-kad-btn \" style=\"background-color:#ffffff; border: 0 solid; border-color:#000;  color:#494c66;\" onMouseOver=\"\" onMouseOut=\"\">Liituda <\/a><\/div><\/div><\/div>\n    <\/div><\/div><\/div><\/div>","protected":false},"excerpt":{"rendered":"<p>MT\u00dc TARTU TRENNIDklubi, mis \u00fchendab endas k\u00f5iki, kes armastavad loomi &#8230;Liituda<\/p>\n","protected":false},"author":1,"featured_media":0,"parent":0,"menu_order":0,"comment_status":"open","ping_status":"open","template":"","meta":{"kt_blocks_editor_width":"","footnotes":""},"_links":{"self":[{"href":"https:\/\/tartutrennid.ee\/et\/wp-json\/wp\/v2\/pages\/1655"}],"collection":[{"href":"https:\/\/tartutrennid.ee\/et\/wp-json\/wp\/v2\/pages"}],"about":[{"href":"https:\/\/tartutrennid.ee\/et\/wp-json\/wp\/v2\/types\/page"}],"author":[{"embeddable":true,"href":"https:\/\/tartutrennid.ee\/et\/wp-json\/wp\/v2\/users\/1"}],"replies":[{"embeddable":true,"href":"https:\/\/tartutrennid.ee\/et\/wp-json\/wp\/v2\/comments?post=1655"}],"version-history":[{"count":12,"href":"https:\/\/tartutrennid.ee\/et\/wp-json\/wp\/v2\/pages\/1655\/revisions"}],"predecessor-version":[{"id":3061,"href":"https:\/\/tartutrennid.ee\/et\/wp-json\/wp\/v2\/pages\/1655\/revisions\/3061"}],"wp:attachment":[{"href":"https:\/\/tartutrennid.ee\/et\/wp-json\/wp\/v2\/media?parent=1655"}],"curies":[{"name":"wp","href":"https:\/\/api.w.org\/{rel}","templated":true}]}}