{"id":1651,"date":"2018-10-21T16:14:33","date_gmt":"2018-10-21T16:14:33","guid":{"rendered":"https:\/\/tartutrennid.ee\/?page_id=1651"},"modified":"2020-11-10T22:33:30","modified_gmt":"2020-11-10T22:33:30","slug":"kluubi-uritused","status":"publish","type":"page","link":"https:\/\/tartutrennid.ee\/et\/et\/kluubi-uritused\/","title":{"rendered":"28.09.2019 Lustlik J\u00e4nes match v\u00f5idujooks"},"content":{"rendered":"<div id=\"pl-gb1651-69e07ab91756c\"  class=\"panel-layout\" ><div id=\"pg-gb1651-69e07ab91756c-0\"  class=\"panel-grid panel-no-style\" ><div id=\"pgc-gb1651-69e07ab91756c-0-0\"  class=\"panel-grid-cell\" ><div id=\"panel-gb1651-69e07ab91756c-0-0-0\" class=\"so-panel widget widget_sow-image panel-first-child\" data-index=\"0\" ><div\n\t\t\t\n\t\t\tclass=\"so-widget-sow-image so-widget-sow-image-default-8b5b6f678277-1651\"\n\t\t\t\n\t\t>\n<div class=\"sow-image-container\">\n\t\t<img \n\tsrc=\"https:\/\/tartutrennid.ee\/wp-content\/uploads\/2019\/09\/Statistics-26.08-1.jpg\" width=\"1650\" height=\"1200\" srcset=\"https:\/\/tartutrennid.ee\/wp-content\/uploads\/2019\/09\/Statistics-26.08-1.jpg 1650w, https:\/\/tartutrennid.ee\/wp-content\/uploads\/2019\/09\/Statistics-26.08-1-300x218.jpg 300w, https:\/\/tartutrennid.ee\/wp-content\/uploads\/2019\/09\/Statistics-26.08-1-768x559.jpg 768w, https:\/\/tartutrennid.ee\/wp-content\/uploads\/2019\/09\/Statistics-26.08-1-1024x745.jpg 1024w, https:\/\/tartutrennid.ee\/wp-content\/uploads\/2019\/09\/Statistics-26.08-1-600x436.jpg 600w\" sizes=\"(max-width: 1650px) 100vw, 1650px\" title=\"\u043c\u0435\u0441\u0442\u043e\" alt=\"\" \t\tclass=\"so-widget-image\"\/>\n\t<\/div>\n\n<\/div><\/div><div id=\"panel-gb1651-69e07ab91756c-0-0-1\" class=\"so-panel widget widget_sow-image panel-last-child\" data-index=\"1\" ><div\n\t\t\t\n\t\t\tclass=\"so-widget-sow-image so-widget-sow-image-default-6ec9e3772f75-1651\"\n\t\t\t\n\t\t>\n<div class=\"sow-image-container\">\n\t\t<img \n\tsrc=\"https:\/\/tartutrennid.ee\/wp-content\/uploads\/2019\/11\/Sponsorid.jpg\" width=\"500\" height=\"771\" srcset=\"https:\/\/tartutrennid.ee\/wp-content\/uploads\/2019\/11\/Sponsorid.jpg 500w, https:\/\/tartutrennid.ee\/wp-content\/uploads\/2019\/11\/Sponsorid-195x300.jpg 195w\" sizes=\"(max-width: 500px) 100vw, 500px\" alt=\"\" \t\tclass=\"so-widget-image\"\/>\n\t<\/div>\n\n<\/div><\/div><\/div><div id=\"pgc-gb1651-69e07ab91756c-0-1\"  class=\"panel-grid-cell\" ><div id=\"panel-gb1651-69e07ab91756c-0-1-0\" class=\"so-panel widget widget_sow-editor panel-first-child\" data-index=\"2\" ><div class=\"panel-widget-style panel-widget-style-for-gb1651-69e07ab91756c-0-1-0\" ><div\n\t\t\t\n\t\t\tclass=\"so-widget-sow-editor so-widget-sow-editor-base\"\n\t\t\t\n\t\t>\n<div class=\"siteorigin-widget-tinymce textwidget\">\n\t<p style=\"text-align: center;\">Meil on hea meel teatada teile meie esimesest v\u00f5istlusest!<\/p>\n<p>REEGLID<br \/>\nNimetus: \u041aiiruse v\u00f5istlus koertele &#8212; \u201cLustlik j\u00e4nes\u201d.<br \/>\nKorraldaja: MT\u00dc Tartu Trennid<br \/>\nKoht: Tartu<br \/>\nAeg: 28.09.2019 11.00 \u2013 14.00<br \/>\nOsalejad: K\u00f5ik koerad 8 kuust kuni 8 aastaseni.<br \/>\nRada: 100 \u2013 120 meetri<br \/>\nGrupid:<br \/>\n1. Koerad jooksevad erinevates klassides<br \/>\nKlassid:<br \/>\n\u2022 Juuniorid (8 -15 kuud)<br \/>\n\u2022 Suured koerad (15 kuud kuni 6 aastat), kasv rohkem kui 47 cm<br \/>\n\u2022 Keskmised koerad (15 kuud kuni 6 aastat), kasv 38 &#8212; 47 cm<br \/>\n\u2022 V\u00e4ikesed koerad (15 kuud kuni 6 aastat), kasv kuni 38 cm<br \/>\n\u2022 Hurdajad<br \/>\n\u2022 Veteranid (6 kuni 8 aastat)<br \/>\n2. Rohkem kui 6 koera \u00fchest t\u00f5ust jooksevad eraldi oma t\u00f5uklassis<br \/>\nHindamine:<br \/>\n1. Koerad jooksevad \u00fchekaupa kaks rada.<br \/>\n2. Valitakse kaheks rajast parim aeg.<br \/>\nAuhindamine:<br \/>\n1. Igas klassis premeeritakse \u2013 1, 2 ja 3 koht.<br \/>\n2. Koer, kes v\u00f5idab loteriis \u2013 eriauhind<br \/>\n3. Koer, kellel oli k\u00f5ige huvitavam rada \u2013 eriauhind<br \/>\nRegistratsioon:<br \/>\n1. Kuni 21.09.2019<br \/>\n2. Veebip\u00f5hine registratsioon<br \/>\nOsalemistasu :<br \/>\n1. Kohal -17 euro<br \/>\n2. Arvele &#8212; 15 euro<\/p>\n<\/div>\n<\/div><\/div><\/div><div id=\"panel-gb1651-69e07ab91756c-0-1-1\" class=\"so-panel widget widget_sow-editor panel-last-child\" data-index=\"3\" ><div class=\"panel-widget-style panel-widget-style-for-gb1651-69e07ab91756c-0-1-1\" ><div\n\t\t\t\n\t\t\tclass=\"so-widget-sow-editor so-widget-sow-editor-base\"\n\t\t\t\n\t\t>\n<div class=\"siteorigin-widget-tinymce textwidget\">\n\t<\/div>\n<\/div><\/div><\/div><\/div><\/div><div id=\"pg-gb1651-69e07ab91756c-1\"  class=\"panel-grid panel-no-style\" ><div id=\"pgc-gb1651-69e07ab91756c-1-0\"  class=\"panel-grid-cell\" ><div id=\"panel-gb1651-69e07ab91756c-1-0-0\" class=\"so-panel widget widget_sow-image panel-first-child panel-last-child\" data-index=\"4\" ><div class=\"kt-pb-animation kt-pb-zoomIn kt-pb-duration-900 kt-pb-delay- panel-widget-style panel-widget-style-for-gb1651-69e07ab91756c-1-0-0\" ><div\n\t\t\t\n\t\t\tclass=\"so-widget-sow-image so-widget-sow-image-default-a0f608a395eb-1651\"\n\t\t\t\n\t\t>\n<div class=\"sow-image-container\">\n\t\t<img \n\tsrc=\"https:\/\/tartutrennid.ee\/wp-content\/uploads\/2019\/11\/Result1.jpg\" width=\"1654\" height=\"2339\" srcset=\"https:\/\/tartutrennid.ee\/wp-content\/uploads\/2019\/11\/Result1.jpg 1654w, https:\/\/tartutrennid.ee\/wp-content\/uploads\/2019\/11\/Result1-212x300.jpg 212w, https:\/\/tartutrennid.ee\/wp-content\/uploads\/2019\/11\/Result1-768x1086.jpg 768w, https:\/\/tartutrennid.ee\/wp-content\/uploads\/2019\/11\/Result1-724x1024.jpg 724w\" sizes=\"(max-width: 1654px) 100vw, 1654px\" alt=\"\" \t\tclass=\"so-widget-image\"\/>\n\t<\/div>\n\n<\/div><\/div><\/div><\/div><div id=\"pgc-gb1651-69e07ab91756c-1-1\"  class=\"panel-grid-cell\" ><div id=\"panel-gb1651-69e07ab91756c-1-1-0\" class=\"so-panel widget widget_sow-editor panel-first-child\" data-index=\"5\" ><div class=\"panel-widget-style panel-widget-style-for-gb1651-69e07ab91756c-1-1-0\" ><div\n\t\t\t\n\t\t\tclass=\"so-widget-sow-editor so-widget-sow-editor-base\"\n\t\t\t\n\t\t>\n<div class=\"siteorigin-widget-tinymce textwidget\">\n\t<p>Video V. Fjodorov <a href=\"https:\/\/www.youtube.com\/watch?v=MTfkcBVV8qU&amp;fbclid=IwAR0N-oFPhJNUfBeMIqJNLBgC9051R5kG8lswvA6wFINLG6GIC5H2Hs2O1Vg\">siin<\/a><\/p>\n<p>Foto \u0415. Soosar <a href=\"https:\/\/www.facebook.com\/groups\/1581766031935481\/photos\/\">siin<\/a><\/p>\n<p>Foto A. Tarl\u00f5kov <a href=\"https:\/\/photos.google.com\/share\/AF1QipNw-TWjOb3d2IR_aXTo-olts-RWIlVwr-39GL2oQ8WU_xFRsJjyDL6J_ctmwm-HUQ?fbclid=IwAR3Xx2qEXANkckTpFzVZK-CEx68TDzuvJGNFiYVE-aG-nqXvB9ApRsK0ef8&amp;key=TTFkNmlkV0lmZXY4ZF9iRTBVdld3V2MyY1o5X2tB\">siin<\/a><\/p>\n<\/div>\n<\/div><\/div><\/div><div id=\"panel-gb1651-69e07ab91756c-1-1-1\" class=\"so-panel widget widget_sow-image panel-last-child\" data-index=\"6\" ><div class=\"kt-pb-animation kt-pb-zoomIn kt-pb-duration-900 kt-pb-delay- panel-widget-style panel-widget-style-for-gb1651-69e07ab91756c-1-1-1\" ><div\n\t\t\t\n\t\t\tclass=\"so-widget-sow-image so-widget-sow-image-default-29110e9d5a73-1651\"\n\t\t\t\n\t\t>\n<div class=\"sow-image-container\">\n\t\t<img \n\tsrc=\"https:\/\/tartutrennid.ee\/wp-content\/uploads\/2019\/11\/Result2.jpg\" width=\"1654\" height=\"2339\" srcset=\"https:\/\/tartutrennid.ee\/wp-content\/uploads\/2019\/11\/Result2.jpg 1654w, https:\/\/tartutrennid.ee\/wp-content\/uploads\/2019\/11\/Result2-212x300.jpg 212w, https:\/\/tartutrennid.ee\/wp-content\/uploads\/2019\/11\/Result2-768x1086.jpg 768w, https:\/\/tartutrennid.ee\/wp-content\/uploads\/2019\/11\/Result2-724x1024.jpg 724w\" sizes=\"(max-width: 1654px) 100vw, 1654px\" alt=\"\" \t\tclass=\"so-widget-image\"\/>\n\t<\/div>\n\n<\/div><\/div><\/div><\/div><\/div><div id=\"pg-gb1651-69e07ab91756c-2\"  class=\"panel-grid panel-no-style\" ><div id=\"pgc-gb1651-69e07ab91756c-2-0\"  class=\"panel-grid-cell\" ><div id=\"panel-gb1651-69e07ab91756c-2-0-0\" class=\"so-panel widget widget_virtue_gallery_widget virtue_gallery_widget panel-first-child panel-last-child\" data-index=\"7\" ><h3 class=\"widget-title\">MEIE V\u00d5ITJAD<\/h3><div id=\"kt_slider_44\" class=\"slick-slider kad-light-wp-gallery kt-slickslider loading  kt-image-carousel gallery kt-image-carousel-center-fade kad-wp-gallery\" data-slider-speed=\"9000\" data-slider-anim-speed=\"700\" data-slider-fade=\"false\" data-slider-type=\"carousel\" data-slider-center-mode=\"true\" data-slider-auto=\"true\" data-slider-thumbid=\"#kt_slider_44-thumbs\" data-slider-arrows=\"true\" data-slider-initdelay=\"0\" data-slides-to-show=\"7\" data-slider-thumbs-showing=\"5\" style=\"max-width:px;\"><div class=\"kt-slick-slide gallery_item\"><a href=\"https:\/\/tartutrennid.ee\/wp-content\/uploads\/2019\/11\/juniory.jpg\" data-rel=\"lightbox\" class=\"kt-slider-image-link\"><div itemprop=\"image\" itemscope itemtype=\"https:\/\/schema.org\/ImageObject\"><img loading=\"lazy\" decoding=\"async\" width=\"601\" height=\"400\" src=\"https:\/\/tartutrennid.ee\/wp-content\/uploads\/2019\/11\/juniory-601x400.jpg\" srcset=\"https:\/\/tartutrennid.ee\/wp-content\/uploads\/2019\/11\/juniory-601x400.jpg 601w, https:\/\/tartutrennid.ee\/wp-content\/uploads\/2019\/11\/juniory-300x200.jpg 300w, https:\/\/tartutrennid.ee\/wp-content\/uploads\/2019\/11\/juniory-768x511.jpg 768w, https:\/\/tartutrennid.ee\/wp-content\/uploads\/2019\/11\/juniory-1024x682.jpg 1024w, https:\/\/tartutrennid.ee\/wp-content\/uploads\/2019\/11\/juniory-272x182.jpg 272w, https:\/\/tartutrennid.ee\/wp-content\/uploads\/2019\/11\/juniory-1202x800.jpg 1202w\" sizes=\"(max-width: 601px) 100vw, 601px\" data-caption=\"\" class=\"skip-lazy\" itemprop=\"contentUrl\" alt=\"\"><meta itemprop=\"url\" content=\"https:\/\/tartutrennid.ee\/wp-content\/uploads\/2019\/11\/juniory-601x400.jpg\"><meta itemprop=\"width\" content=\"601px\"><meta itemprop=\"height\" content=\"400px\"><\/div><\/a><\/div><div class=\"kt-slick-slide gallery_item\"><a href=\"https:\/\/tartutrennid.ee\/wp-content\/uploads\/2019\/11\/\u041f\u0438\u0442\u044b.jpg\" data-rel=\"lightbox\" class=\"kt-slider-image-link\"><div itemprop=\"image\" itemscope itemtype=\"https:\/\/schema.org\/ImageObject\"><img loading=\"lazy\" decoding=\"async\" width=\"592\" height=\"400\" src=\"https:\/\/tartutrennid.ee\/wp-content\/uploads\/2019\/11\/\u041f\u0438\u0442\u044b-592x400.jpg\" srcset=\"https:\/\/tartutrennid.ee\/wp-content\/uploads\/2019\/11\/\u041f\u0438\u0442\u044b-592x400.jpg 592w, https:\/\/tartutrennid.ee\/wp-content\/uploads\/2019\/11\/\u041f\u0438\u0442\u044b-300x203.jpg 300w, https:\/\/tartutrennid.ee\/wp-content\/uploads\/2019\/11\/\u041f\u0438\u0442\u044b-768x519.jpg 768w, https:\/\/tartutrennid.ee\/wp-content\/uploads\/2019\/11\/\u041f\u0438\u0442\u044b-1024x692.jpg 1024w, https:\/\/tartutrennid.ee\/wp-content\/uploads\/2019\/11\/\u041f\u0438\u0442\u044b-1184x800.jpg 1184w\" sizes=\"(max-width: 592px) 100vw, 592px\" data-caption=\"\" class=\"skip-lazy\" itemprop=\"contentUrl\" alt=\"\"><meta itemprop=\"url\" content=\"https:\/\/tartutrennid.ee\/wp-content\/uploads\/2019\/11\/\u041f\u0438\u0442\u044b-592x400.jpg\"><meta itemprop=\"width\" content=\"592px\"><meta itemprop=\"height\" content=\"400px\"><\/div><\/a><\/div><div class=\"kt-slick-slide gallery_item\"><a href=\"https:\/\/tartutrennid.ee\/wp-content\/uploads\/2019\/11\/SLI6101.jpg\" data-rel=\"lightbox\" class=\"kt-slider-image-link\"><div itemprop=\"image\" itemscope itemtype=\"https:\/\/schema.org\/ImageObject\"><img loading=\"lazy\" decoding=\"async\" width=\"601\" height=\"400\" src=\"https:\/\/tartutrennid.ee\/wp-content\/uploads\/2019\/11\/SLI6101-601x400.jpg\" srcset=\"https:\/\/tartutrennid.ee\/wp-content\/uploads\/2019\/11\/SLI6101-601x400.jpg 601w, https:\/\/tartutrennid.ee\/wp-content\/uploads\/2019\/11\/SLI6101-300x200.jpg 300w, https:\/\/tartutrennid.ee\/wp-content\/uploads\/2019\/11\/SLI6101-768x511.jpg 768w, https:\/\/tartutrennid.ee\/wp-content\/uploads\/2019\/11\/SLI6101-1024x682.jpg 1024w, https:\/\/tartutrennid.ee\/wp-content\/uploads\/2019\/11\/SLI6101-272x182.jpg 272w, https:\/\/tartutrennid.ee\/wp-content\/uploads\/2019\/11\/SLI6101-1202x800.jpg 1202w, https:\/\/tartutrennid.ee\/wp-content\/uploads\/2019\/11\/SLI6101.jpg 2255w\" sizes=\"(max-width: 601px) 100vw, 601px\" data-caption=\"\" class=\"skip-lazy\" itemprop=\"contentUrl\" alt=\"\"><meta itemprop=\"url\" content=\"https:\/\/tartutrennid.ee\/wp-content\/uploads\/2019\/11\/SLI6101-601x400.jpg\"><meta itemprop=\"width\" content=\"601px\"><meta itemprop=\"height\" content=\"400px\"><\/div><\/a><\/div><div class=\"kt-slick-slide gallery_item\"><a href=\"https:\/\/tartutrennid.ee\/wp-content\/uploads\/2019\/11\/SLI5667.jpg\" data-rel=\"lightbox\" class=\"kt-slider-image-link\"><div itemprop=\"image\" itemscope itemtype=\"https:\/\/schema.org\/ImageObject\"><img loading=\"lazy\" decoding=\"async\" width=\"601\" height=\"400\" src=\"https:\/\/tartutrennid.ee\/wp-content\/uploads\/2019\/11\/SLI5667-601x400.jpg\" srcset=\"https:\/\/tartutrennid.ee\/wp-content\/uploads\/2019\/11\/SLI5667-601x400.jpg 601w, https:\/\/tartutrennid.ee\/wp-content\/uploads\/2019\/11\/SLI5667-300x200.jpg 300w, https:\/\/tartutrennid.ee\/wp-content\/uploads\/2019\/11\/SLI5667-768x511.jpg 768w, https:\/\/tartutrennid.ee\/wp-content\/uploads\/2019\/11\/SLI5667-1024x681.jpg 1024w, https:\/\/tartutrennid.ee\/wp-content\/uploads\/2019\/11\/SLI5667-272x182.jpg 272w\" sizes=\"(max-width: 601px) 100vw, 601px\" data-caption=\"\" class=\"skip-lazy\" itemprop=\"contentUrl\" alt=\"\"><meta itemprop=\"url\" content=\"https:\/\/tartutrennid.ee\/wp-content\/uploads\/2019\/11\/SLI5667-601x400.jpg\"><meta itemprop=\"width\" content=\"601px\"><meta itemprop=\"height\" content=\"400px\"><\/div><\/a><\/div><div class=\"kt-slick-slide gallery_item\"><a href=\"https:\/\/tartutrennid.ee\/wp-content\/uploads\/2019\/11\/SLI6355.jpg\" data-rel=\"lightbox\" class=\"kt-slider-image-link\"><div itemprop=\"image\" itemscope itemtype=\"https:\/\/schema.org\/ImageObject\"><img loading=\"lazy\" decoding=\"async\" width=\"601\" height=\"400\" src=\"https:\/\/tartutrennid.ee\/wp-content\/uploads\/2019\/11\/SLI6355-601x400.jpg\" srcset=\"https:\/\/tartutrennid.ee\/wp-content\/uploads\/2019\/11\/SLI6355-601x400.jpg 601w, https:\/\/tartutrennid.ee\/wp-content\/uploads\/2019\/11\/SLI6355-300x200.jpg 300w, https:\/\/tartutrennid.ee\/wp-content\/uploads\/2019\/11\/SLI6355-768x511.jpg 768w, https:\/\/tartutrennid.ee\/wp-content\/uploads\/2019\/11\/SLI6355-1024x682.jpg 1024w, https:\/\/tartutrennid.ee\/wp-content\/uploads\/2019\/11\/SLI6355-272x182.jpg 272w\" sizes=\"(max-width: 601px) 100vw, 601px\" data-caption=\"\" class=\"skip-lazy\" itemprop=\"contentUrl\" alt=\"\"><meta itemprop=\"url\" content=\"https:\/\/tartutrennid.ee\/wp-content\/uploads\/2019\/11\/SLI6355-601x400.jpg\"><meta itemprop=\"width\" content=\"601px\"><meta itemprop=\"height\" content=\"400px\"><\/div><\/a><\/div><div class=\"kt-slick-slide gallery_item\"><a href=\"https:\/\/tartutrennid.ee\/wp-content\/uploads\/2019\/11\/SLI5409.jpg\" data-rel=\"lightbox\" class=\"kt-slider-image-link\"><div itemprop=\"image\" itemscope itemtype=\"https:\/\/schema.org\/ImageObject\"><img loading=\"lazy\" decoding=\"async\" width=\"601\" height=\"400\" src=\"https:\/\/tartutrennid.ee\/wp-content\/uploads\/2019\/11\/SLI5409-601x400.jpg\" srcset=\"https:\/\/tartutrennid.ee\/wp-content\/uploads\/2019\/11\/SLI5409-601x400.jpg 601w, https:\/\/tartutrennid.ee\/wp-content\/uploads\/2019\/11\/SLI5409-300x200.jpg 300w, https:\/\/tartutrennid.ee\/wp-content\/uploads\/2019\/11\/SLI5409-768x511.jpg 768w, https:\/\/tartutrennid.ee\/wp-content\/uploads\/2019\/11\/SLI5409-1024x682.jpg 1024w, https:\/\/tartutrennid.ee\/wp-content\/uploads\/2019\/11\/SLI5409-272x182.jpg 272w\" sizes=\"(max-width: 601px) 100vw, 601px\" data-caption=\"\" class=\"skip-lazy\" itemprop=\"contentUrl\" alt=\"\"><meta itemprop=\"url\" content=\"https:\/\/tartutrennid.ee\/wp-content\/uploads\/2019\/11\/SLI5409-601x400.jpg\"><meta itemprop=\"width\" content=\"601px\"><meta itemprop=\"height\" content=\"400px\"><\/div><\/a><\/div><div class=\"kt-slick-slide gallery_item\"><a href=\"https:\/\/tartutrennid.ee\/wp-content\/uploads\/2019\/11\/SLI6537.jpg\" data-rel=\"lightbox\" class=\"kt-slider-image-link\"><div itemprop=\"image\" itemscope itemtype=\"https:\/\/schema.org\/ImageObject\"><img loading=\"lazy\" decoding=\"async\" width=\"601\" height=\"400\" src=\"https:\/\/tartutrennid.ee\/wp-content\/uploads\/2019\/11\/SLI6537-601x400.jpg\" srcset=\"https:\/\/tartutrennid.ee\/wp-content\/uploads\/2019\/11\/SLI6537-601x400.jpg 601w, https:\/\/tartutrennid.ee\/wp-content\/uploads\/2019\/11\/SLI6537-300x200.jpg 300w, https:\/\/tartutrennid.ee\/wp-content\/uploads\/2019\/11\/SLI6537-768x511.jpg 768w, https:\/\/tartutrennid.ee\/wp-content\/uploads\/2019\/11\/SLI6537-1024x682.jpg 1024w, https:\/\/tartutrennid.ee\/wp-content\/uploads\/2019\/11\/SLI6537-272x182.jpg 272w\" sizes=\"(max-width: 601px) 100vw, 601px\" data-caption=\"\" class=\"skip-lazy\" itemprop=\"contentUrl\" alt=\"\"><meta itemprop=\"url\" content=\"https:\/\/tartutrennid.ee\/wp-content\/uploads\/2019\/11\/SLI6537-601x400.jpg\"><meta itemprop=\"width\" content=\"601px\"><meta itemprop=\"height\" content=\"400px\"><\/div><\/a><\/div><div class=\"kt-slick-slide gallery_item\"><a href=\"https:\/\/tartutrennid.ee\/wp-content\/uploads\/2019\/11\/SLI5739.jpg\" data-rel=\"lightbox\" class=\"kt-slider-image-link\"><div itemprop=\"image\" itemscope itemtype=\"https:\/\/schema.org\/ImageObject\"><img loading=\"lazy\" decoding=\"async\" width=\"601\" height=\"400\" src=\"https:\/\/tartutrennid.ee\/wp-content\/uploads\/2019\/11\/SLI5739-601x400.jpg\" srcset=\"https:\/\/tartutrennid.ee\/wp-content\/uploads\/2019\/11\/SLI5739-601x400.jpg 601w, https:\/\/tartutrennid.ee\/wp-content\/uploads\/2019\/11\/SLI5739-300x200.jpg 300w, https:\/\/tartutrennid.ee\/wp-content\/uploads\/2019\/11\/SLI5739-768x511.jpg 768w, https:\/\/tartutrennid.ee\/wp-content\/uploads\/2019\/11\/SLI5739-1024x682.jpg 1024w, https:\/\/tartutrennid.ee\/wp-content\/uploads\/2019\/11\/SLI5739-272x182.jpg 272w\" sizes=\"(max-width: 601px) 100vw, 601px\" data-caption=\"\" class=\"skip-lazy\" itemprop=\"contentUrl\" alt=\"\"><meta itemprop=\"url\" content=\"https:\/\/tartutrennid.ee\/wp-content\/uploads\/2019\/11\/SLI5739-601x400.jpg\"><meta itemprop=\"width\" content=\"601px\"><meta itemprop=\"height\" content=\"400px\"><\/div><\/a><\/div><\/div> <!--Image Slider--><\/div><\/div><\/div><\/div>","protected":false},"excerpt":{"rendered":"<p>Meil on hea meel teatada teile meie esimesest v\u00f5istlusest! REEGLID Nimetus: \u041aiiruse v\u00f5istlus koertele &#8212; \u201cLustlik j\u00e4nes\u201d. Korraldaja: MT\u00dc Tartu Trennid Koht: Tartu Aeg: 28.09.2019 11.00 \u2013 14.00 Osalejad: K\u00f5ik koerad 8 kuust kuni 8 aastaseni. Rada: 100 \u2013 120 &hellip; <a class=\"kt-excerpt-readmore\" href=\"https:\/\/tartutrennid.ee\/et\/et\/kluubi-uritused\/\" aria-label=\"28.09.2019 Lustlik J\u00e4nes match v\u00f5idujooks\">\u0427\u0438\u0442\u0430\u0442\u044c \u0434\u0430\u043b\u0435\u0435<\/a><\/p>\n","protected":false},"author":1,"featured_media":0,"parent":0,"menu_order":0,"comment_status":"closed","ping_status":"closed","template":"","meta":{"kt_blocks_editor_width":"","footnotes":""},"_links":{"self":[{"href":"https:\/\/tartutrennid.ee\/et\/wp-json\/wp\/v2\/pages\/1651"}],"collection":[{"href":"https:\/\/tartutrennid.ee\/et\/wp-json\/wp\/v2\/pages"}],"about":[{"href":"https:\/\/tartutrennid.ee\/et\/wp-json\/wp\/v2\/types\/page"}],"author":[{"embeddable":true,"href":"https:\/\/tartutrennid.ee\/et\/wp-json\/wp\/v2\/users\/1"}],"replies":[{"embeddable":true,"href":"https:\/\/tartutrennid.ee\/et\/wp-json\/wp\/v2\/comments?post=1651"}],"version-history":[{"count":24,"href":"https:\/\/tartutrennid.ee\/et\/wp-json\/wp\/v2\/pages\/1651\/revisions"}],"predecessor-version":[{"id":2399,"href":"https:\/\/tartutrennid.ee\/et\/wp-json\/wp\/v2\/pages\/1651\/revisions\/2399"}],"wp:attachment":[{"href":"https:\/\/tartutrennid.ee\/et\/wp-json\/wp\/v2\/media?parent=1651"}],"curies":[{"name":"wp","href":"https:\/\/api.w.org\/{rel}","templated":true}]}}