{"id":1616,"date":"2018-10-21T15:05:30","date_gmt":"2018-10-21T15:05:30","guid":{"rendered":"https:\/\/tartutrennid.ee\/?page_id=1616"},"modified":"2021-01-09T16:37:36","modified_gmt":"2021-01-09T16:37:36","slug":"grupi-trennid","status":"publish","type":"page","link":"https:\/\/tartutrennid.ee\/et\/et\/grupi-trennid\/","title":{"rendered":"Grupitrenn"},"content":{"rendered":"<div id=\"pl-1616\"  class=\"panel-layout\" ><div id=\"pg-1616-0\"  class=\"panel-grid panel-no-style\" ><div id=\"pgc-1616-0-0\"  class=\"panel-grid-cell\" ><div id=\"panel-1616-0-0-0\" class=\"so-panel widget widget_sow-editor panel-first-child\" data-index=\"0\" ><div\n\t\t\t\n\t\t\tclass=\"so-widget-sow-editor so-widget-sow-editor-base\"\n\t\t\t\n\t\t>\n<div class=\"siteorigin-widget-tinymce textwidget\">\n\t<p>R\u00fchmatreeningud koos MT\u00dc Tartu Trennid treeneriga toimuvad meie k\u00f5ige vajalikuga varustatud saalis ning heade ilmade korral v\u00e4rske \u00f5hu k\u00e4es, saali k\u00f5rval olevas avatud piirkonnas.<\/p>\n<p>R\u00fchmad koosnevad mitte rohkem kui 5\u2019st koerast, mis organiseeritakse vastavalt koera vanusele, t\u00f5u omap\u00e4rasustele ning omaniku p\u00e4devusele.<\/p>\n<p>Koerten\u00e4itusteks ettevalmistavatel treeningutel anname teile k\u00f5ik vajalikud teadmised koera n\u00e4itamiseks ning \u00f5petame teie koerale ka p\u00f5hilist n\u00e4ituste dressuuri.<\/p>\n<p>R\u00fchmatreeningud annavad v\u00f5imaluse \u00f5petada teie lemmiklooma t\u00f6\u00f6tama teiste koertega, sotsialiseeruma, harjuda manuaalse kontrolliga, hambaste n\u00e4itamisega jne.<\/p>\n<p>Samuti saate meilt palju erinevaid n\u00e4pun\u00e4iteid nii n\u00e4itusteks kui ka nende ettevalmistavateks perioodideks.<\/p>\n<\/div>\n<\/div><\/div><div id=\"panel-1616-0-0-1\" class=\"so-panel widget widget_sow-image panel-last-child\" data-index=\"1\" ><div class=\"kt-pb-animation kt-pb-zoomIn kt-pb-duration-900 kt-pb-delay- panel-widget-style panel-widget-style-for-1616-0-0-1\" ><div\n\t\t\t\n\t\t\tclass=\"so-widget-sow-image so-widget-sow-image-default-8b5b6f678277-1616\"\n\t\t\t\n\t\t>\n<div class=\"sow-image-container\">\n\t\t<img \n\tsrc=\"https:\/\/tartutrennid.ee\/wp-content\/uploads\/2018\/10\/DSC0517-768x510.jpg\" width=\"768\" height=\"510\" srcset=\"https:\/\/tartutrennid.ee\/wp-content\/uploads\/2018\/10\/DSC0517-768x510.jpg 768w, https:\/\/tartutrennid.ee\/wp-content\/uploads\/2018\/10\/DSC0517-300x199.jpg 300w, https:\/\/tartutrennid.ee\/wp-content\/uploads\/2018\/10\/DSC0517-1024x680.jpg 1024w, https:\/\/tartutrennid.ee\/wp-content\/uploads\/2018\/10\/DSC0517-600x399.jpg 600w, https:\/\/tartutrennid.ee\/wp-content\/uploads\/2018\/10\/DSC0517-272x182.jpg 272w\" sizes=\"(max-width: 768px) 100vw, 768px\" title=\"_DSC0517\" alt=\"\" \t\tclass=\"so-widget-image\"\/>\n\t<\/div>\n\n<\/div><\/div><\/div><\/div><div id=\"pgc-1616-0-1\"  class=\"panel-grid-cell\" ><div id=\"panel-1616-0-1-0\" class=\"so-panel widget widget_sow-editor panel-first-child panel-last-child\" data-index=\"2\" ><div\n\t\t\t\n\t\t\tclass=\"so-widget-sow-editor so-widget-sow-editor-base\"\n\t\t\t\n\t\t>\n<div class=\"siteorigin-widget-tinymce textwidget\">\n\t<p>Info:<\/p>\n<p>+372-53363789 Viktoria<\/p>\n<p>+372-58009206 Jana<\/p>\n<p>V\u00f5i FB grupis:<\/p>\n<p><a href=\"https:\/\/www.facebook.com\/groups\/1581766031935481\">\t\t\t<i class=\"icon-facebook2 kad-square-iconclass\" style=\"font-size:17px; display:inline-block; color:#1e73be; background:#eee;\t\t\t\"><\/i>\n\t\t\t\t<\/a><\/p>\n<\/div>\n<\/div><\/div><\/div><\/div><\/div>","protected":false},"excerpt":{"rendered":"<p>R\u00fchmatreeningud koos MT\u00dc Tartu Trennid treeneriga toimuvad meie k\u00f5ige vajalikuga varustatud saalis ning heade ilmade korral v\u00e4rske \u00f5hu k\u00e4es, saali k\u00f5rval olevas avatud piirkonnas. R\u00fchmad koosnevad mitte rohkem kui 5\u2019st koerast, mis organiseeritakse vastavalt koera vanusele, t\u00f5u omap\u00e4rasustele ning omaniku &hellip; <a class=\"kt-excerpt-readmore\" href=\"https:\/\/tartutrennid.ee\/et\/et\/grupi-trennid\/\" aria-label=\"Grupitrenn\">\u0427\u0438\u0442\u0430\u0442\u044c \u0434\u0430\u043b\u0435\u0435<\/a><\/p>\n","protected":false},"author":1,"featured_media":1271,"parent":0,"menu_order":0,"comment_status":"closed","ping_status":"closed","template":"page-fullwidth.php","meta":{"kt_blocks_editor_width":"","footnotes":""},"_links":{"self":[{"href":"https:\/\/tartutrennid.ee\/et\/wp-json\/wp\/v2\/pages\/1616"}],"collection":[{"href":"https:\/\/tartutrennid.ee\/et\/wp-json\/wp\/v2\/pages"}],"about":[{"href":"https:\/\/tartutrennid.ee\/et\/wp-json\/wp\/v2\/types\/page"}],"author":[{"embeddable":true,"href":"https:\/\/tartutrennid.ee\/et\/wp-json\/wp\/v2\/users\/1"}],"replies":[{"embeddable":true,"href":"https:\/\/tartutrennid.ee\/et\/wp-json\/wp\/v2\/comments?post=1616"}],"version-history":[{"count":10,"href":"https:\/\/tartutrennid.ee\/et\/wp-json\/wp\/v2\/pages\/1616\/revisions"}],"predecessor-version":[{"id":2499,"href":"https:\/\/tartutrennid.ee\/et\/wp-json\/wp\/v2\/pages\/1616\/revisions\/2499"}],"wp:featuredmedia":[{"embeddable":true,"href":"https:\/\/tartutrennid.ee\/et\/wp-json\/wp\/v2\/media\/1271"}],"wp:attachment":[{"href":"https:\/\/tartutrennid.ee\/et\/wp-json\/wp\/v2\/media?parent=1616"}],"curies":[{"name":"wp","href":"https:\/\/api.w.org\/{rel}","templated":true}]}}